{"id":34703,"date":"2019-02-26T19:08:01","date_gmt":"2019-02-27T00:08:01","guid":{"rendered":"https:\/\/www.realtorscare.ca\/?page_id=34703"},"modified":"2026-02-20T14:45:42","modified_gmt":"2026-02-20T19:45:42","slug":"nos-campagnes-dintervention-en-cas-de-catastrophes","status":"publish","type":"page","link":"https:\/\/www.realtorscare.ca\/fr\/about-realtors-care\/nos-campagnes-dintervention-en-cas-de-catastrophes\/","title":{"rendered":"Nos campagnes nationales de secours en cas de catastrophe"},"content":{"rendered":"\n<p><b>Campagnes et portails pour la collecte de dons REALTORS Care\u00ae de L\u2019Association canadienne de l\u2019immobilier (ACI) :<\/b><\/p>\n\n<p><p style=\"border: 3px; border-style: solid; border-color: #FF0000; padding: 1em;\"><b><\/b>Au nom de la communaut\u00e9 des courtiers et agents immobiliers, nous amassons des dons pour soutenir une nouvelle campagne de la Croix-Rouge canadienne.<br><br>\n\n<a href=\"https:\/\/www.croixrouge.ca\/TumblerRidge\/ACI\" target=\"_blank\" rel=\"noopener\">Fonds de soutien : Trag\u00e9die de Tumbler Ridge <\/a><br><br>\n\nD\u00e9montrons notre compassion et aidons les personnes touch\u00e9es. Suivez les liens ci-dessus pour faire votre don.\n<\/p>\n\n\n\n<p>L\u2019Association canadienne de l\u2019immobilier (ACI) propose \u00e9galement des portails de dons REALTORS Care\u00ae pour ces autres campagnes de la Croix-Rouge canadienne&nbsp;:<\/p>\n\n\n\n<p><a href=\"https:\/\/give.redcross.ca\/page\/CDRF-CREA?_lang=fr\" target=\"_blank\" rel=\"noreferrer noopener\">Fonds de secours en cas de catastrophe au Canada<\/a> : Soutien aux interventions et \u00e0 la pr\u00e9paration en cas de catastrophe partout au Canada, afin que la Croix-Rouge canadienne soit pr\u00eate \u00e0 aider en cas de besoin.<\/p>\n\n\n\n<p><a href=\"https:\/\/give.redcross.ca\/page\/IDRF-CREA?_lang=fr\" target=\"_blank\" rel=\"noreferrer noopener\">Fonds de secours en cas de catastrophe \u00e0 l\u2019\u00e9tranger<\/a> : Soutien \u00e0 la mission mondiale de la Croix-Rouge canadienne, afin de permettre des interventions rapides en cas de catastrophes, petites ou grandes, dans le monde entier.<\/p>\n\n\n\n<p><a href=\"https:\/\/give.redcross.ca\/page\/24CWF-CREA?_lang=fr\" target=\"_blank\" rel=\"noreferrer noopener\">Fonds de secours : Feux de for\u00eat au Canada<\/a> : Soutien aux collectivit\u00e9s touch\u00e9es par les feux de for\u00eat, qui sont de plus en plus violents au Canada, afin de les aider \u00e0 se r\u00e9tablir et \u00e0 se reconstruire.<\/p>\n\n\n\n<p>Nous encourageons les courtiers et agents immobiliers, ainsi que les membres de leurs r\u00e9seaux, \u00e0 envisager de verser un don afin d\u2019aider la Croix-Rouge canadienne \u00e0 offrir des services de pr\u00e9paration aux urgences, des secours imm\u00e9diats et un accompagnement \u00e0 plus long terme, l\u00e0 et au moment o\u00f9 le besoin se fait le plus sentir.<\/p>\n\n\n\n<p><strong>Les courtiers et agents immobiliers soutiennent leurs collectivit\u00e9s par le biais des campagnes de secours en cas de catastrophe<\/strong><strong><\/strong><\/p>\n\n\n\n<p>La communaut\u00e9 des courtiers et agents immobiliers a montr\u00e9 \u00e0 maintes reprises que lorsque survient une catastrophe \u00e0 grande \u00e9chelle, nos membres unissent leurs forces et amassent des fonds pour les sinistr\u00e9s. <strong>Depuis 2010, les courtiers et agents immobiliers au Canada ont recueilli ensemble plus de 2,6 millions de dollars par l\u2019interm\u00e9diaire de la Croix-Rouge canadienne.<\/strong><\/p>\n\n\n\n<p>L\u2019ACI et les membres de la communaut\u00e9 des courtiers et agents immobiliers au Canada savent qu\u2019ils peuvent faire confiance \u00e0 la Croix-Rouge canadienne pour intervenir rapidement en cas de catastrophe et de situation d\u2019urgence \u2013 pour fournir de la nourriture, des v\u00eatements et un toit aux personnes dont la vie a \u00e9t\u00e9 boulevers\u00e9e, et pour aider les collectivit\u00e9s \u00e0 renforcer leur r\u00e9silience face au changement climatique.<\/p>\n\n\n\n<p><strong>Approche de l\u2019ACI envers les campagnes nationales de secours en cas de catastrophe<\/strong><strong><\/strong><\/p>\n\n\n\n<p>En 2024, le conseil d\u2019administration de l\u2019ACI a approuv\u00e9 des modifications \u00e0 la pratique nationale de secours en cas de catastrophe de l\u2019ACI, en fonction des recommandations de son comit\u00e9 sur les pratiques environnementales, sociales et de gouvernance (ESG).<\/p>\n\n\n\n<p>Notre pratique mise \u00e0 jour stipule que l\u2019ACI aidera les collectivit\u00e9s \u00e0 travers le Canada \u00e0 se remettre des catastrophes naturelles de plus en plus fr\u00e9quentes et intenses, telles que les vagues de chaleur, les inondations, les temp\u00eates et les feux de for\u00eat, par le lancement de campagnes nationales de collecte de dons REALTORS Care\u00ae au nom de ses membres pour appuyer tous les nouveaux appels nationaux de la Croix-Rouge canadienne. Afin d\u2019\u00e9viter de faire concurrence aux appels nationaux et d\u2019assurer une action rapide et efficace, l\u2019ACI ne lancera plus de campagnes sp\u00e9cifiques aux appels internationaux.<\/p>\n\n\n\n<p>Au lancement d\u2019une campagne, la Croix-Rouge canadienne cr\u00e9e un portail portant la marque REALTORS Care\u00ae permettant aux courtiers et agents immobiliers et aux membres de leurs r\u00e9seaux de faire des dons. Ce portail nous permet \u00e9galement de conna\u00eetre le montant des fonds recueillis. L\u2019ACI informe la communaut\u00e9 des courtiers et agents immobiliers, ainsi que ses membres, de toute nouvelle campagne par courriel ou dans les m\u00e9dias sociaux.<\/p>\n\n\n\n<p>De plus, l\u2019ACI maintiendra des portails permanents de dons REALTORS Care\u00ae pour les membres qui souhaitent soutenir les efforts de secours de la Croix-Rouge canadienne en r\u00e9ponse \u00e0 des \u00e9v\u00e9nements perturbateurs en tous genres au Canada et dans le monde entier.<\/p>\n\n\n\n<p><strong>Campagnes ant\u00e9rieures de l&rsquo;ACI<\/strong><\/p>\n\n\n\n<p>L\u2019ACI a lanc\u00e9 des campagnes de financement nationales suivantes \u00e0 l\u2019appui des campagnes de la Croix-Rouge canadienne&nbsp;:<\/p>\n\n\n\n<ul class=\"wp-block-list\">\n<li>Feux de for\u00eat \u00e0 Terre-Neuve-et-Labrador (2025)<\/li>\n\n\n\n<li>Feux de for\u00eat au Manitoba (2025)<\/li>\n\n\n\n<li>Feux de for\u00eat en Saskatchewan (2025)<\/li>\n\n\n\n<li>Festival Lapu-Lapu \u00e0 Vancouver (2025)<\/li>\n\n\n\n<li>Feux de for\u00eat en Alberta (2024)<\/li>\n\n\n\n<li>Feux de for\u00eat en Colombie-Britannique (2023)<\/li>\n\n\n\n<li>Feux de for\u00eat dans les Territoires du Nord-Ouest (2023)<\/li>\n\n\n\n<li>Feux de for\u00eat \u00e0 Hawa\u00ef (2023)<\/li>\n\n\n\n<li>Feux en Nouvelle-\u00c9cosse et au Canada atlantique (2023)<\/li>\n\n\n\n<li>Incendies en Alberta (2023)<\/li>\n\n\n\n<li>S\u00e9ismes en T\u00fcrkiye et en Syrie (2023)<\/li>\n\n\n\n<li>Ouragan Fiona (2022)<\/li>\n\n\n\n<li>Crise humanitaire en Ukraine (2022)<\/li>\n\n\n\n<li>Inondations et \u00e9v\u00e9nements m\u00e9t\u00e9orologiques extr\u00eames en Colombie-Britannique (2021)<\/li>\n\n\n\n<li>Ouragan Dorian (2019)<\/li>\n\n\n\n<li>Tornades d\u2019Ottawa-Gatineau (2018)<\/li>\n\n\n\n<li>Feux de for\u00eat en Colombie-Britannique (2018)<\/li>\n\n\n\n<li>Inondations au Nouveau-Brunswick et en Colombie-Britannique (2018)<\/li>\n\n\n\n<li>Feux de for\u00eat en Colombie-Britannique (2017)<\/li>\n\n\n\n<li>Feux de for\u00eat \u00e0 Fort McMurray (2016)<\/li>\n\n\n\n<li>Inondations en Alberta (2013)<\/li>\n\n\n\n<li>Inondations \u00e0 Thunder Bay (2012)<\/li>\n\n\n\n<li>S\u00e9isme au Japon\/tsunami en Asie et au Pacifique (2011)<\/li>\n\n\n\n<li>S\u00e9isme \u00e0 Ha\u00efti (2010)<\/li>\n<\/ul>\n","protected":false},"excerpt":{"rendered":"<p>Campagnes et portails pour la collecte de dons REALTORS Care\u00ae de L\u2019Association canadienne de l\u2019immobilier (ACI) : Au nom de la communaut\u00e9 des courtiers et agents immobiliers, nous amassons des dons pour soutenir une nouvelle campagne de la Croix-Rouge canadienne. Fonds de soutien : Trag\u00e9die de Tumbler Ridge D\u00e9montrons notre compassion et aidons les personnes &hellip; <a href=\"https:\/\/www.realtorscare.ca\/fr\/about-realtors-care\/nos-campagnes-dintervention-en-cas-de-catastrophes\/\" class=\"more-link\">Continue reading <span class=\"screen-reader-text\">Nos campagnes nationales de secours en cas de catastrophe<\/span><\/a><\/p>\n","protected":false},"author":1,"featured_media":44519,"parent":32527,"menu_order":1,"comment_status":"closed","ping_status":"closed","template":"","meta":{"_acf_changed":false,"_editorskit_title_hidden":false,"_editorskit_reading_time":0,"_editorskit_is_block_options_detached":false,"_editorskit_block_options_position":"{}","footnotes":""},"class_list":["post-34703","page","type-page","status-publish","has-post-thumbnail","hentry"],"acf":[],"_links":{"self":[{"href":"https:\/\/www.realtorscare.ca\/fr\/wp-json\/wp\/v2\/pages\/34703","targetHints":{"allow":["GET"]}}],"collection":[{"href":"https:\/\/www.realtorscare.ca\/fr\/wp-json\/wp\/v2\/pages"}],"about":[{"href":"https:\/\/www.realtorscare.ca\/fr\/wp-json\/wp\/v2\/types\/page"}],"author":[{"embeddable":true,"href":"https:\/\/www.realtorscare.ca\/fr\/wp-json\/wp\/v2\/users\/1"}],"replies":[{"embeddable":true,"href":"https:\/\/www.realtorscare.ca\/fr\/wp-json\/wp\/v2\/comments?post=34703"}],"version-history":[{"count":52,"href":"https:\/\/www.realtorscare.ca\/fr\/wp-json\/wp\/v2\/pages\/34703\/revisions"}],"predecessor-version":[{"id":44528,"href":"https:\/\/www.realtorscare.ca\/fr\/wp-json\/wp\/v2\/pages\/34703\/revisions\/44528"}],"up":[{"embeddable":true,"href":"https:\/\/www.realtorscare.ca\/fr\/wp-json\/wp\/v2\/pages\/32527"}],"wp:featuredmedia":[{"embeddable":true,"href":"https:\/\/www.realtorscare.ca\/fr\/wp-json\/wp\/v2\/media\/44519"}],"wp:attachment":[{"href":"https:\/\/www.realtorscare.ca\/fr\/wp-json\/wp\/v2\/media?parent=34703"}],"curies":[{"name":"wp","href":"https:\/\/api.w.org\/{rel}","templated":true}]}}