{"id":34706,"date":"2019-02-26T19:12:06","date_gmt":"2019-02-27T00:12:06","guid":{"rendered":"https:\/\/www.realtorscare.ca\/?page_id=34706"},"modified":"2025-09-22T13:20:49","modified_gmt":"2025-09-22T17:20:49","slug":"renseignements-sur-le-prix-decerne","status":"publish","type":"page","link":"https:\/\/www.realtorscare.ca\/fr\/a-propos-du-prix-canadien-realtors-care\/renseignements-sur-le-prix-decerne\/","title":{"rendered":"Renseignements sur le prix d\u00e9cern\u00e9"},"content":{"rendered":"\n<h2 class=\"wp-block-heading\">Mises en candidature<\/h2>\n\n\n\n<p>La p\u00e9riode de mise en candidature pour le prix de&nbsp;2026 commencera le 9&nbsp;septembre 2025. Les mises en candidature doivent nous parvenir au plus tard le dimanche&nbsp;30&nbsp;novembre 2025, \u00e0 23&nbsp;h&nbsp;59&nbsp;(HE) pour \u00eatre admissibles.<\/p>\n\n\n\n<p>Toute personne peut proposer la candidature d\u2019un courtier et agent immobilier membre admissible au prix, sauf les membres du conseil d\u2019administration et du personnel de L\u2019Association canadienne de l\u2019immobilier (ACI), les membres de son comit\u00e9 sur les pratiques ESG, ainsi que les membres du conseil d\u2019administration et du personnel de REALTOR.ca Canada Inc. Les courtiers et agents immobiliers membres ne peuvent pas pr\u00e9senter leur propre candidature (lire les crit\u00e8res d\u2019admissibilit\u00e9 ci-dessous).<\/p>\n\n\n\n<p>Les personnes qui proposent une candidature doivent remplir notre formulaire de mise en candidature, en y indiquant le nom et les coordonn\u00e9es du courtier ou de l\u2019agent propos\u00e9, ainsi que leurs propres nom et coordonn\u00e9es, \u00e0 des fins de correspondance.<\/p>\n\n\n\n<p>Dans le formulaire, elles doivent aussi fournir une description de la contribution que la personne propos\u00e9e a effectu\u00e9e \u00e0 la collectivit\u00e9 en 2025 et dans les ann\u00e9es ant\u00e9rieures. Il s\u2019agit notamment de la nature de son b\u00e9n\u00e9volat, du nom d\u2019au moins un organisme de bienfaisance canadien enregistr\u00e9, ainsi que les noms d\u2019autres organismes de bienfaisance ou \u00e0 but non lucratif, ou des groupes communautaires qu\u2019elle appuie, de la dur\u00e9e et de la fr\u00e9quence des services rendus, et de tout autre renseignement pertinent.<\/p>\n\n\n\n<p>Les personnes qui proposent une candidature doivent \u00e9galement fournir au moins <strong>une (1) lettre de recommandation d\u2019un <a href=\"https:\/\/apps.cra-arc.gc.ca\/ebci\/hacc\/srch\/pub\/dsplyBscSrch?\" target=\"_blank\" rel=\"noreferrer noopener\">organisme de bienfaisance canadien enregistr\u00e9<\/a> appuy\u00e9 par le candidat, dat\u00e9e de 2025<\/strong>, afin que la candidature soit retenue. La lettre doit \u00eatre \u00e9crite par une personne qui repr\u00e9sente l\u2019organisme de bienfaisance, qui appuie la candidature et qui peut d\u00e9crire favorablement le travail b\u00e9n\u00e9vole non r\u00e9mun\u00e9r\u00e9 de la personne propos\u00e9e ainsi que sa contribution \u00e0 la collectivit\u00e9. Un maximum de quatre (4) lettres suppl\u00e9mentaires provenant de membres de la collectivit\u00e9 ou d\u2019organismes \u00e0 but non lucratif peuvent \u00eatre soumises pour appuyer la candidature. Ces lettres peuvent renforcer le dossier de candidature; elles sont recommand\u00e9es, mais ne sont pas obligatoires.<\/p>\n\n\n\n<p id=\"documents\">Les personnes qui proposent une candidature doivent aussi fournir <strong>au moins un (1) document (maximum de 10) <\/strong>\u00e0 l\u2019appui des activit\u00e9s caritatives de la personne propos\u00e9e et des bienfaits de sa contribution. Les documents d\u2019appui peuvent comprendre, par exemple, une couverture m\u00e9diatique, des messages diffus\u00e9s dans les m\u00e9dias sociaux, des photographies, des billets de blogue ou des vid\u00e9os. Un seul document suppl\u00e9mentaire est consid\u00e9r\u00e9 comme \u00e9tant&nbsp;: une page de photos compil\u00e9es, ou un lien vers un article de presse, un blogue ou un message diffus\u00e9 dans les m\u00e9dias sociaux. Pour le contenu multim\u00e9dia (vid\u00e9os, entrevues \u00e0 la radio, etc.), un maximum de 10&nbsp;minutes combin\u00e9es sera examin\u00e9. Il est recommand\u00e9 d\u2019indiquer les segments du contenu \u00e0 examiner.<\/p>\n\n\n\n<p>Une personne ne peut soumettre qu\u2019une seule candidature pour le prix. Dans le cas o\u00f9 plusieurs candidatures seraient soumises pour la m\u00eame personne, l\u2019ACI contactera les personnes ayant propos\u00e9 la candidature afin de regrouper les informations dans un seul formulaire. Lorsque le nombre de pi\u00e8ces jointes le permet, les lettres de recommandation et la documentation suppl\u00e9mentaire de toutes les personnes ayant propos\u00e9 la candidature seront incluses dans le dossier de candidature final.<\/p>\n\n\n\n<p>Si la personne propos\u00e9e contribue \u00e0 un organisme de bienfaisance, \u00e0 un organisme sans but lucratif ou \u00e0 un groupe communautaire de mani\u00e8re non b\u00e9n\u00e9vole, ses contributions seront prises en consid\u00e9ration, mais elles devront \u00eatre accompagn\u00e9es de contributions b\u00e9n\u00e9voles consid\u00e9rables. Les dossiers de candidature doivent \u00eatre transmis par les personnes qui proposent les candidatures.<\/p>\n\n\n\n<h2 class=\"wp-block-heading\">Crit\u00e8res d\u2019admissibilit\u00e9<\/h2>\n\n\n\n<p>Les personnes propos\u00e9es doivent \u00eatre des courtiers ou agents immobiliers membres en r\u00e8gle (des personnes qui d\u00e9tiennent un permis immobilier qui sont membres de l\u2019ACI). Les membres si\u00e9geant actuellement au conseil d\u2019administration de l\u2019ACI ou \u00e0 son comit\u00e9 sur les pratiques ESG ne sont pas admissibles. Les personnes propos\u00e9es doivent avoir d\u2019importants ant\u00e9c\u00e9dents v\u00e9rifiables attestant leur travail de b\u00e9n\u00e9volat aupr\u00e8s d\u2019au moins un organisme de bienfaisance canadien. Elles doivent avoir apport\u00e9 au moins une certaine partie de leur contribution au cours de l\u2019ann\u00e9e civile de 2025. Le comit\u00e9 de s\u00e9lection tiendra \u00e9galement compte des efforts continus qui d\u00e9montrent la profondeur de leur engagement en dehors de la p\u00e9riode vis\u00e9e.<\/p>\n\n\n\n<p>Le prix s\u2019adresse aux courtiers ou agents immobiliers individuels, et non aux groupes, sauf si deux personnes collaborent dans le cadre d\u2019un projet en tant que partenaires \u00e9gaux et qu\u2019il est r\u00e9ellement impossible de s\u00e9parer leur travail.<\/p>\n\n\n\n<h2 class=\"wp-block-heading\">Examen des candidatures et s\u00e9lection de la personne gagnante<\/h2>\n\n\n\n<p>Le personnel de l\u2019ACI proc\u00e9dera \u00e0 une \u00e9valuation pr\u00e9liminaire de tous les dossiers de candidature re\u00e7us. Il \u00e9valuera chaque candidat selon les crit\u00e8res suivants&nbsp;: importance de l\u2019engagement, action pour lutter contre les in\u00e9galit\u00e9s, effet individuel sur l\u2019organisme caritatif ou la collectivit\u00e9, incarnation du travail de b\u00e9n\u00e9volat et capacit\u00e9 d\u2019inspirer les autres. \u00c0 la suite de cet examen, les 10&nbsp;meilleures candidatures seront pr\u00e9sent\u00e9es au comit\u00e9 de s\u00e9lection.<\/p>\n\n\n\n<p>Notre comit\u00e9 de s\u00e9lection sera compos\u00e9 de deux (2)&nbsp;membres du comit\u00e9 sur les pratiques ESG et d\u2019un membre actuel du conseil d\u2019administration de l\u2019ACI. Le comit\u00e9 \u00e9valuera les 10&nbsp;meilleures candidatures re\u00e7ues, et se r\u00e9unira ensuite par t\u00e9l\u00e9conf\u00e9rence en janvier&nbsp;2026 en vue de d\u00e9terminer le laur\u00e9at et la personne arrivant en deuxi\u00e8me place.<\/p>\n\n\n\n<p>La personne gagnante doit accepter d\u2019\u00eatre photographi\u00e9e et interview\u00e9e, et que sa photo paraisse dans divers m\u00e9dias annon\u00e7ant le prix attribu\u00e9. Si elle refuse de se conformer \u00e0 ces exigences, le comit\u00e9 offrira le prix \u00e0 son deuxi\u00e8me choix. Les personnes propos\u00e9es seront jug\u00e9es en fonction des preuves fournies \u00e0 l\u2019appui de leur contribution et de leur engagement personnel \u00e0 un ou plusieurs organismes de bienfaisance canadiens enregistr\u00e9s et de l\u2019impact de leur contribution personnelle.<\/p>\n\n\n\n<p>La d\u00e9cision du comit\u00e9 de s\u00e9lection sera finale, et l\u2019ACI ne s\u2019engagera pas dans un d\u00e9bat concernant les r\u00e9sultats avec d\u2019autres candidats ou personnes proposant les candidatures. Nous informerons la personne gagnante et la personne qui a propos\u00e9 sa candidature des r\u00e9sultats au d\u00e9but de&nbsp;2026.<\/p>\n\n\n\n<h2 class=\"wp-block-heading\">Attribution du prix<\/h2>\n\n\n\n<p>La personne gagnante et son invit\u00e9 recevront gratuitement le transport aller-retour \u00e0 Ottawa et l\u2019h\u00e9bergement (jusqu\u2019\u00e0 deux&nbsp;chambres, si n\u00e9cessaire) pour assister \u00e0 l\u2019Assembl\u00e9e g\u00e9n\u00e9rale annuelle (AGA) de&nbsp;2026 de l\u2019ACI (pr\u00e9vue le mardi&nbsp;14&nbsp;avril&nbsp;2026). Lors de l\u2019\u00e9v\u00e9nement, on remettra \u00e0 la personne gagnante un prix et un ch\u00e8que de 10&nbsp;000&nbsp;$ libell\u00e9 au nom de l\u2019organisme de bienfaisance canadien enregistr\u00e9 qu\u2019elle aura choisi. La personne gagnante, ainsi que son invit\u00e9, recevront \u00e9galement chacun un billet d\u2019entr\u00e9e gratuit au souper de la pr\u00e9sidence de l\u2019ACI.<\/p>\n\n\n\n<p>La remise du prix sera annonc\u00e9e dans les m\u00e9dias partout au pays, et l\u2019ACI en fera la promotion dans son bulletin <em>Quoi de 9?<\/em> (qui est diffus\u00e9 directement \u00e0 plus de 160&nbsp;000&nbsp;courtiers et agents immobiliers membres), sur le site Caf\u00e9ACI.ca et dans les comptes de m\u00e9dias sociaux de l\u2019ACI et de REALTORS Care\u00ae.<\/p>\n\n\n\n<h2 class=\"wp-block-heading\">Avis de confidentialit\u00e9<\/h2>\n\n\n\n<p>Les informations que vous fournissez dans le pr\u00e9sent formulaire sont recueillies dans le but d\u2019examiner et d\u2019\u00e9valuer les candidatures, et de s\u00e9lectionner une personne gagnante du Prix canadien REALTORS Care\u00ae de&nbsp;2026. Ces informations seront communiqu\u00e9es au comit\u00e9 de s\u00e9lection et au personnel de l\u2019ACI, comme indiqu\u00e9 ci-dessus, et seront utilis\u00e9es pour faire valoir le travail des candidats dans les communications de l\u2019ACI. En outre, apr\u00e8s la p\u00e9riode de remise des prix, les informations que vous fournissez peuvent \u00eatre divulgu\u00e9es aux chambres et associations dont le laur\u00e9at est membre, afin de mettre en \u00e9vidence les contributions de cette personne au sein de sa collectivit\u00e9 locale.<\/p>\n\n\n\n<p>Toutes les informations personnelles seront trait\u00e9es conform\u00e9ment \u00e0 la <a href=\"https:\/\/laws-lois.justice.gc.ca\/fra\/lois\/p-8.6\/\" target=\"_blank\" rel=\"noopener\"><em>Loi sur la protection des renseignements personnels et les documents \u00e9lectroniques<\/em><\/a> (LPRPDE) ainsi qu\u2019\u00e0 toute autre loi en vigueur qui r\u00e9git la protection de la vie priv\u00e9e. Vous avez le droit \u00e0 la protection, \u00e0 l\u2019acc\u00e8s et \u00e0 la correction de vos donn\u00e9es personnelles conform\u00e9ment \u00e0 la <a href=\"https:\/\/www.crea.ca\/fr\/politique-de-confidentialite\/\" target=\"_blank\" rel=\"noopener\">Politique de confidentialit\u00e9 de l\u2019ACI<\/a>.<\/p>\n\n\n\n<p>Lorsque vous soumettez un formulaire de mise en candidature d\u00fbment rempli, vous confirmez que vous et le candidat donnez \u00e0 l\u2019ACI votre consentement explicite de recueillir, d\u2019utiliser, de divulguer et de conserver ces renseignements personnels aux fins \u00e9nonc\u00e9es dans le pr\u00e9sent document.<\/p>\n\n\n\n<hr class=\"wp-block-separator has-alpha-channel-opacity\"\/>\n\n\n\n<div class=\"wp-block-columns is-layout-flex wp-container-core-columns-is-layout-9d6595d7 wp-block-columns-is-layout-flex\">\n<div class=\"wp-block-column is-layout-flow wp-block-column-is-layout-flow\" style=\"flex-basis:33.33%\">\n<figure class=\"wp-block-image size-full\"><a href=\"https:\/\/www.realtor.ca\/fr\" target=\"_blank\" rel=\"noreferrer noopener\"><img loading=\"lazy\" decoding=\"async\" width=\"667\" height=\"235\" src=\"https:\/\/www.realtorscare.ca\/wp-content\/uploads\/2022\/09\/REALTOR.ca-Red-Logo.png\" alt=\"REALTOR.ca\" class=\"wp-image-38785\" title=\"REALTOR.ca Logo\"\/><\/a><\/figure>\n<\/div>\n\n\n\n<div class=\"wp-block-column is-layout-flow wp-block-column-is-layout-flow\" style=\"flex-basis:66.66%\">\n<h2 class=\"wp-block-heading\">Merci au commanditaire de notre prix de&nbsp;2026<\/h2>\n\n\n\n<p>Le Prix canadien REALTORS&nbsp;Care\u00ae de&nbsp;2026 est fi\u00e8rement pr\u00e9sent\u00e9 par REALTOR.ca, la plateforme immobili\u00e8re la plus populaire au Canada.<\/p>\n<\/div>\n<\/div>\n","protected":false},"excerpt":{"rendered":"<p>Mises en candidature La p\u00e9riode de mise en candidature pour le prix de&nbsp;2026 commencera le 9&nbsp;septembre 2025. Les mises en candidature doivent nous parvenir au plus tard le dimanche&nbsp;30&nbsp;novembre 2025, \u00e0 23&nbsp;h&nbsp;59&nbsp;(HE) pour \u00eatre admissibles. Toute personne peut proposer la candidature d\u2019un courtier et agent immobilier membre admissible au prix, sauf les membres du conseil &hellip; <a href=\"https:\/\/www.realtorscare.ca\/fr\/a-propos-du-prix-canadien-realtors-care\/renseignements-sur-le-prix-decerne\/\" class=\"more-link\">Continue reading <span class=\"screen-reader-text\">Renseignements sur le prix d\u00e9cern\u00e9<\/span><\/a><\/p>\n","protected":false},"author":1,"featured_media":0,"parent":34696,"menu_order":0,"comment_status":"closed","ping_status":"closed","template":"","meta":{"_acf_changed":false,"_editorskit_title_hidden":false,"_editorskit_reading_time":0,"_editorskit_is_block_options_detached":false,"_editorskit_block_options_position":"{}","footnotes":""},"class_list":["post-34706","page","type-page","status-publish","hentry"],"acf":[],"_links":{"self":[{"href":"https:\/\/www.realtorscare.ca\/fr\/wp-json\/wp\/v2\/pages\/34706","targetHints":{"allow":["GET"]}}],"collection":[{"href":"https:\/\/www.realtorscare.ca\/fr\/wp-json\/wp\/v2\/pages"}],"about":[{"href":"https:\/\/www.realtorscare.ca\/fr\/wp-json\/wp\/v2\/types\/page"}],"author":[{"embeddable":true,"href":"https:\/\/www.realtorscare.ca\/fr\/wp-json\/wp\/v2\/users\/1"}],"replies":[{"embeddable":true,"href":"https:\/\/www.realtorscare.ca\/fr\/wp-json\/wp\/v2\/comments?post=34706"}],"version-history":[{"count":15,"href":"https:\/\/www.realtorscare.ca\/fr\/wp-json\/wp\/v2\/pages\/34706\/revisions"}],"predecessor-version":[{"id":44153,"href":"https:\/\/www.realtorscare.ca\/fr\/wp-json\/wp\/v2\/pages\/34706\/revisions\/44153"}],"up":[{"embeddable":true,"href":"https:\/\/www.realtorscare.ca\/fr\/wp-json\/wp\/v2\/pages\/34696"}],"wp:attachment":[{"href":"https:\/\/www.realtorscare.ca\/fr\/wp-json\/wp\/v2\/media?parent=34706"}],"curies":[{"name":"wp","href":"https:\/\/api.w.org\/{rel}","templated":true}]}}