{"id":34714,"date":"2019-02-26T19:19:48","date_gmt":"2019-02-27T00:19:48","guid":{"rendered":"https:\/\/www.realtorscare.ca\/?page_id=34714"},"modified":"2019-02-26T19:19:48","modified_gmt":"2019-02-27T00:19:48","slug":"montrons-aux-victimes-des-tornades-dottawa-gatineau-que-les-detenteurs-du-titre-realtor-ont-leurs-collectivites-a-coeur","status":"publish","type":"page","link":"https:\/\/www.realtorscare.ca\/fr\/about-realtors-care\/nos-campagnes-dintervention-en-cas-de-catastrophes\/montrons-aux-victimes-des-tornades-dottawa-gatineau-que-les-detenteurs-du-titre-realtor-ont-leurs-collectivites-a-coeur\/","title":{"rendered":"Montrons aux victimes des tornades d\u2019Ottawa-Gatineau que les d\u00e9tenteurs du titre REALTOR\u00ae ont leurs collectivit\u00e9s \u00e0 c\u0153ur"},"content":{"rendered":"<figure id=\"attachment_21420\" aria-describedby=\"caption-attachment-21420\" style=\"width: 890px\" class=\"wp-caption alignnone\"><img loading=\"lazy\" decoding=\"async\" class=\"wp-image-21420 size-crea_slim_9th\" src=\"\/wp-content\/uploads\/2018\/10\/OG-Tornado-Volunteer-890x375.jpg\" alt=\"Canadian Red Cross Volunteer\" width=\"890\" height=\"375\" \/><figcaption id=\"caption-attachment-21420\" class=\"wp-caption-text\">Cr\u00e9dit photo : Croix-Rouge canadienne<\/figcaption><\/figure>\n<p>Une autre catastrophe naturelle a sem\u00e9 la d\u00e9vastation, affectant cette fois nos compatriotes de la r\u00e9gion de la capitale nationale.<\/p>\n<p>Le vendredi 21 septembre 2018, six puissantes tornades ont balay\u00e9 la r\u00e9gion d\u2019Ottawa-Gatineau; c\u2019\u00e9tait la premi\u00e8re fois en plusieurs d\u00e9cennies qu\u2019une tornade touchait une ville canadienne d\u2019envergure. Des vents puissants ont arrach\u00e9 des toits, fracass\u00e9 des fen\u00eatres, d\u00e9racin\u00e9 des arbres et abattu des lignes \u00e9lectriques. Plus de 100 propri\u00e9t\u00e9s ont d\u00fb \u00eatre d\u00e9molies en raison de la gravit\u00e9 des dommages, dont un immeuble \u00e0 logements o\u00f9 habitaient 600 personnes.<\/p>\n<p>Dans un \u00e9lan de solidarit\u00e9 avec l\u2019Ottawa Real Estate Board et la Chambre immobili\u00e8re de l\u2019Outaouais, L\u2019Association canadienne de l\u2019immeuble demande \u00e0 la communaut\u00e9 des courtiers et agents membres de partout au Canada de donner ce qu\u2019ils peuvent afin d\u2019appuyer le Fonds de secours : Tornade Ottawa-Gatineau. Les dons vers\u00e9s \u00e0 la Croix-Rouge canadienne serviront \u00e0 r\u00e9pondre aux besoins imm\u00e9diats et \u00e9ventuels, et \u00e0 offrir du soutien aux personnes touch\u00e9es pour les aider \u00e0 se relever de cette catastrophe. En effectuant un don, vous nous aiderez aussi \u00e0 d\u00e9montrer que les membres d\u2019un bout \u00e0 l\u2019autre du pays sont en mesure d\u2019appuyer ceux qui traversent cette p\u00e9riode difficile. Plus nous recueillerons de fonds ensemble, plus notre message sera fort.<\/p>\n<p><a style=\"display: inline-block; padding: 12px 24px; border: 0; border-radius: 6px; font-weight: bold; letter-spacing: 0.0625em; background: #ff0000; color: #fff; text-decoration: none;\" href=\"https:\/\/secure.redcross.ca\/registrant\/donate.aspx?eventid=249221&amp;langpref=fr-CA&amp;Referrer=https%3a%2f%2fsecure.redcross.ca%2fregistrant%2fdonate.aspx%3feventid%3d249221%26langpref%3den-CA\" target=\"_blank\" rel=\"noopener\">Cliquez pour faire un don d\u00e9ductible d&rsquo;imp\u00f4t au Fonds de secours\u00a0: Tornade Ottawa-Gatineau \u2013 <strong>R\u00e9gion d\u2019Ottawa<\/strong>\u00a0de la Croix-Rouge canadienne.<\/a><\/p>\n<p><a style=\"display: inline-block; padding: 12px 24px; border: 0; border-radius: 6px; font-weight: bold; letter-spacing: 0.0625em; background: #ff0000; color: #fff; text-decoration: none;\" href=\"https:\/\/secure.redcross.ca\/registrant\/donate.aspx?eventid=249223&amp;langpref=fr-CA&amp;Referrer=https%3a%2f%2fsecure.redcross.ca%2fregistrant%2fdonate.aspx%3feventid%3d249223%26langpref%3den-CA\" target=\"_blank\" rel=\"noopener\">Cliquez pour faire un don d\u00e9ductible d&rsquo;imp\u00f4t au Fonds de secours\u00a0: Tornade Ottawa-Gatineau \u2013 <strong>R\u00e9gion de Gatineau<\/strong>\u00a0de la Croix-Rouge canadienne.<\/a><\/p>\n<p>Nous vous incitons \u00e9galement \u00e0 diffuser l\u2019information sur notre campagne. Visitez notre page <a href=\"http:\/\/click.comms.crea.ca\/?qs=1c5fb232846a8adb49c9d2bf0deddece04abc0a4501b3581352731f701ac0769cdaca26df4654e2a8432bac9343d33a7f3e35b91d04d3bf2\">Facebook<\/a> et notre compte <a href=\"http:\/\/click.comms.crea.ca\/?qs=1c5fb232846a8adbfac624eaac140c436aeceef206329e324403952cb893d8f059e99316899f761171a9b656fbf0077edd20d6038c4432f7\">Twitter<\/a> REALTORS Care\u00ae pour trouver du contenu que vous pouvez facilement diffuser sur vos r\u00e9seaux sociaux.<\/p>\n<p>Merci d\u2019\u00eatre aussi g\u00e9n\u00e9reux et de nous aider \u00e0 montrer au monde entier que les courtiers et agents immobiliers membres de l\u2019ACI ont du c\u0153ur.<\/p>\n","protected":false},"excerpt":{"rendered":"<p>Une autre catastrophe naturelle a sem\u00e9 la d\u00e9vastation, affectant cette fois nos compatriotes de la r\u00e9gion de la capitale nationale. Le vendredi 21 septembre 2018, six puissantes tornades ont balay\u00e9 la r\u00e9gion d\u2019Ottawa-Gatineau; c\u2019\u00e9tait la premi\u00e8re fois en plusieurs d\u00e9cennies qu\u2019une tornade touchait une ville canadienne d\u2019envergure. Des vents puissants ont arrach\u00e9 des toits, fracass\u00e9 &hellip; <a href=\"https:\/\/www.realtorscare.ca\/fr\/about-realtors-care\/nos-campagnes-dintervention-en-cas-de-catastrophes\/montrons-aux-victimes-des-tornades-dottawa-gatineau-que-les-detenteurs-du-titre-realtor-ont-leurs-collectivites-a-coeur\/\" class=\"more-link\">Continue reading <span class=\"screen-reader-text\">Montrons aux victimes des tornades d\u2019Ottawa-Gatineau que les d\u00e9tenteurs du titre REALTOR\u00ae ont leurs collectivit\u00e9s \u00e0 c\u0153ur<\/span><\/a><\/p>\n","protected":false},"author":1,"featured_media":0,"parent":34703,"menu_order":9,"comment_status":"closed","ping_status":"closed","template":"","meta":{"_acf_changed":false,"_editorskit_title_hidden":false,"_editorskit_reading_time":0,"_editorskit_is_block_options_detached":false,"_editorskit_block_options_position":"{}","footnotes":""},"class_list":["post-34714","page","type-page","status-publish","hentry"],"acf":[],"_links":{"self":[{"href":"https:\/\/www.realtorscare.ca\/fr\/wp-json\/wp\/v2\/pages\/34714","targetHints":{"allow":["GET"]}}],"collection":[{"href":"https:\/\/www.realtorscare.ca\/fr\/wp-json\/wp\/v2\/pages"}],"about":[{"href":"https:\/\/www.realtorscare.ca\/fr\/wp-json\/wp\/v2\/types\/page"}],"author":[{"embeddable":true,"href":"https:\/\/www.realtorscare.ca\/fr\/wp-json\/wp\/v2\/users\/1"}],"replies":[{"embeddable":true,"href":"https:\/\/www.realtorscare.ca\/fr\/wp-json\/wp\/v2\/comments?post=34714"}],"version-history":[{"count":1,"href":"https:\/\/www.realtorscare.ca\/fr\/wp-json\/wp\/v2\/pages\/34714\/revisions"}],"predecessor-version":[{"id":34715,"href":"https:\/\/www.realtorscare.ca\/fr\/wp-json\/wp\/v2\/pages\/34714\/revisions\/34715"}],"up":[{"embeddable":true,"href":"https:\/\/www.realtorscare.ca\/fr\/wp-json\/wp\/v2\/pages\/34703"}],"wp:attachment":[{"href":"https:\/\/www.realtorscare.ca\/fr\/wp-json\/wp\/v2\/media?parent=34714"}],"curies":[{"name":"wp","href":"https:\/\/api.w.org\/{rel}","templated":true}]}}