{"id":34716,"date":"2019-02-26T19:22:15","date_gmt":"2019-02-27T00:22:15","guid":{"rendered":"https:\/\/www.realtorscare.ca\/?page_id=34716"},"modified":"2021-07-12T10:45:31","modified_gmt":"2021-07-12T14:45:31","slug":"vince-mirabelli","status":"publish","type":"page","link":"https:\/\/www.realtorscare.ca\/fr\/vince-mirabelli\/","title":{"rendered":"Vince Mirabelli se voit remettre le Prix canadien REALTORS\u00ae Care de 2016"},"content":{"rendered":"<p><img loading=\"lazy\" decoding=\"async\" class=\"alignnone size-full wp-image-14723\" src=\"\/wp-content\/uploads\/2016\/03\/slider_rc_vince.png\" alt=\"slider_rc_vince\" width=\"2003\" height=\"866\"><\/p>\n<p>\u00c0 l\u2019\u00e2ge de 36 ans, Vince Mirabelli, un courtier \u00e0 RE\/MAX First Choice Realty, exerce d\u00e9j\u00e0 une carri\u00e8re couronn\u00e9e de succ\u00e8s; il a recueilli plusieurs centaines de milliers de dollars pour diff\u00e9rentes \u0153uvres de bienfaisance qui lui tiennent \u00e0 c\u0153ur et, le plus important, c\u2019est qu\u2019il a eu un effet positif sur la vie de nombreux enfants et leurs familles dans sa ville natale de Thunder Bay.<\/p>\n<p><img loading=\"lazy\" decoding=\"async\" class=\"wp-image-14732 alignright\" src=\"\/wp-content\/uploads\/2016\/03\/Connor-and-Vince.jpg\" alt=\"Connor and Vince\" width=\"450\" height=\"253\">\u00ab&nbsp;Vince est un exemple remarquable d\u2019un courtier qui fait une diff\u00e9rence&nbsp;\u00bb, affirme le pr\u00e9sident de la Fondation canadienne REALTORS Care\u00ae, Ralph Fyfe. \u00ab&nbsp;Nous sommes fiers de lui remettre notre premier Prix canadien REALTORS Care\u00ae de 2016, pr\u00e9sent\u00e9 avec fiert\u00e9 par la Banque Scotia, dans le cadre de ses Solutions de financement r\u00e9sidentiel.&nbsp;\u00bb<\/p>\n<p>Pour en savoir plus sur Vince et comment il fait une diff\u00e9rence dans sa collectivit\u00e9&nbsp;:<\/p>\n<p><iframe loading=\"lazy\" width=\"560\" height=\"315\" src=\"https:\/\/www.youtube.com\/embed\/4EsbI5JPbKU\" frameborder=\"0\" allow=\"accelerometer; autoplay; encrypted-media; gyroscope; picture-in-picture\" allowfullscreen=\"\"><\/iframe><\/p>\n<p>En l\u2019honneur de Vince et de son excellent travail, la Fondation canadienne REALTORS Care\u00ae a donn\u00e9 5&nbsp;000&nbsp;$ \u00e0 l\u2019organisme Our Kids Count, l\u2019une de ses \u0153uvres de bienfaisance pr\u00e9f\u00e9r\u00e9e \u00e0 Thunder Bay.<\/p>\n<figure id=\"attachment_14745\" aria-describedby=\"caption-attachment-14745\" style=\"width: 1225px\" class=\"wp-caption alignnone\"><img loading=\"lazy\" decoding=\"async\" class=\"wp-image-14745 size-full\" src=\"\/wp-content\/uploads\/2016\/03\/cheque-presentation.jpg\" alt=\"cheque presentation\" width=\"1225\" height=\"613\"><figcaption id=\"caption-attachment-14745\" class=\"wp-caption-text\">Ralph Fyfe, le pr\u00e9sident de la Fondation canadienne REALTORS Care\u00ae, accompagn\u00e9 de James Haines, gestionnaire principal de Solutions de financement r\u00e9sidentiel de la Banque Scotia, le commanditaire du prix, remettent \u00e0 Vince un ch\u00e8que au nom de Our Kids Count.<\/figcaption><\/figure>\n<p><strong>Nos candidats en 2016<\/strong><\/p>\n<p>Nous souhaitons \u00e9galement f\u00e9liciter les candidats de 2016 suivants dont les gestes t\u00e9moignent \u00e9loquemment de l\u2019esprit de g\u00e9n\u00e9rosit\u00e9 de nos courtiers et agents immobiliers&nbsp;:<\/p>\n<ul>\n<li>Alana Nicolson de Cambridge, en Ontario<\/li>\n<li>Bruce Dougall de Kelowna, en Colombie-Britannique<\/li>\n<li>Cam Toews de Brandon, au Manitoba<\/li>\n<li>\u00c9tienne Lessard de Qu\u00e9bec, au Qu\u00e9bec<\/li>\n<li>Gail Power de Kingston, en Ontario<\/li>\n<li>Ian Robertson d\u2019Ingersoll, en Ontario<\/li>\n<li>Jim Burton de Conception Bay South, \u00e0 Terre-Neuve-et-Labrador<\/li>\n<li>Joanne Kerr de Saskatoon, en Saskatchewan<\/li>\n<li>Laura-Leah Shaw de Vancouver, en Colombie-Britannique<\/li>\n<li>Makini Smith de Pickering, en Ontario<\/li>\n<li>Mary Johnson de London, en Ontario<\/li>\n<li>Maureen Young de St. Catharines, en Ontario<\/li>\n<li>Mike Stahls d\u2019Orillia, en Ontario<\/li>\n<li>Narima Dela Cruz de Vancouver, en Colombie-Britannique<\/li>\n<li>Odette Laporte de Saint-Charles-Borrom\u00e9e, au Qu\u00e9bec<\/li>\n<li>Peter Tarshis de Toronto, en Ontario<\/li>\n<li>Ross Forman de North Vancouver, en Colombie-Britannique<\/li>\n<\/ul>\n<p>Si vous connaissez un courtier ou un agent qui fait preuve d\u2019un engagement caritatif exemplaire dans sa collectivit\u00e9 et qui m\u00e9rite d\u2019\u00eatre reconnu \u00e0 l\u2019\u00e9chelle nationale, ne manquez pas l\u2019annonce de la p\u00e9riode de mise en candidature pour notre prochain prix en septembre.<\/p>\n","protected":false},"excerpt":{"rendered":"<p>\u00c0 l\u2019\u00e2ge de 36 ans, Vince Mirabelli, un courtier \u00e0 RE\/MAX First Choice Realty, exerce d\u00e9j\u00e0 une carri\u00e8re couronn\u00e9e de succ\u00e8s; il a recueilli plusieurs centaines de milliers de dollars pour diff\u00e9rentes \u0153uvres de bienfaisance qui lui tiennent \u00e0 c\u0153ur et, le plus important, c\u2019est qu\u2019il a eu un effet positif sur la vie de &hellip; <a href=\"https:\/\/www.realtorscare.ca\/fr\/vince-mirabelli\/\" class=\"more-link\">Continue reading <span class=\"screen-reader-text\">Vince Mirabelli se voit remettre le Prix canadien REALTORS\u00ae Care de 2016<\/span><\/a><\/p>\n","protected":false},"author":1,"featured_media":0,"parent":0,"menu_order":10,"comment_status":"closed","ping_status":"closed","template":"","meta":{"_acf_changed":false,"_editorskit_title_hidden":false,"_editorskit_reading_time":0,"_editorskit_is_block_options_detached":false,"_editorskit_block_options_position":"{}","footnotes":""},"class_list":["post-34716","page","type-page","status-publish","hentry"],"acf":[],"_links":{"self":[{"href":"https:\/\/www.realtorscare.ca\/fr\/wp-json\/wp\/v2\/pages\/34716","targetHints":{"allow":["GET"]}}],"collection":[{"href":"https:\/\/www.realtorscare.ca\/fr\/wp-json\/wp\/v2\/pages"}],"about":[{"href":"https:\/\/www.realtorscare.ca\/fr\/wp-json\/wp\/v2\/types\/page"}],"author":[{"embeddable":true,"href":"https:\/\/www.realtorscare.ca\/fr\/wp-json\/wp\/v2\/users\/1"}],"replies":[{"embeddable":true,"href":"https:\/\/www.realtorscare.ca\/fr\/wp-json\/wp\/v2\/comments?post=34716"}],"version-history":[{"count":2,"href":"https:\/\/www.realtorscare.ca\/fr\/wp-json\/wp\/v2\/pages\/34716\/revisions"}],"predecessor-version":[{"id":36503,"href":"https:\/\/www.realtorscare.ca\/fr\/wp-json\/wp\/v2\/pages\/34716\/revisions\/36503"}],"wp:attachment":[{"href":"https:\/\/www.realtorscare.ca\/fr\/wp-json\/wp\/v2\/media?parent=34716"}],"curies":[{"name":"wp","href":"https:\/\/api.w.org\/{rel}","templated":true}]}}