{"id":34736,"date":"2020-09-07T09:28:25","date_gmt":"2020-09-07T13:28:25","guid":{"rendered":"https:\/\/www.realtorscare.ca\/?page_id=34736"},"modified":"2025-12-01T08:24:06","modified_gmt":"2025-12-01T13:24:06","slug":"proposez-un-courtier-ou-agent-membre-pour-le-prix-canadien-realtors-care","status":"publish","type":"page","link":"https:\/\/www.realtorscare.ca\/fr\/a-propos-du-prix-canadien-realtors-care\/proposez-un-courtier-ou-agent-membre-pour-le-prix-canadien-realtors-care\/","title":{"rendered":"Proposez la candidature d\u2019un courtier ou agent pour le Prix canadien REALTORS\u00a0Care\u00ae annuel"},"content":{"rendered":"\n<p>Nos membres r\u00e9alisent des activit\u00e9s caritatives admirables dans les collectivit\u00e9s d\u2019un bout \u00e0 l\u2019autre du pays. Voici maintenant une excellente occasion de souligner les r\u00e9alisations d\u2019un coll\u00e8gue qui m\u00e9rite d\u2019\u00eatre reconnu sur la sc\u00e8ne nationale. Si la personne propos\u00e9e remporte le Prix canadien REALTORS Care\u00ae, l\u2019organisme de bienfaisance de son choix b\u00e9n\u00e9ficiera \u00e9galement d\u2019un don de 10&nbsp;000&nbsp;$ de l\u2019ACI.<\/p>\n\n\n\n<pre class=\"wp-block-code\"><code>&lt;iframe width=\"100%\" height=\"504\" src=\"https:\/\/www.youtube.com\/embed\/0llBN4a45Gw?si=U-SwDy2YEbVchAnP\" title=\"YouTube video player\" frameborder=\"0\" allow=\"accelerometer; autoplay; clipboard-write; encrypted-media; gyroscope; picture-in-picture; web-share\" referrerpolicy=\"strict-origin-when-cross-origin\" allowfullscreen>&lt;\/iframe><\/code><\/pre>\n\n\n\n<p><strong>La p\u00e9riode de mise en candidature pour le prix Canadian REALTORS Care\u00ae Award 2026, fi\u00e8rement pr\u00e9sent\u00e9 par REALTOR.ca, est maintenant termin\u00e9e.<\/strong> <strong>Suivez REALTORS Care\u00ae sur <a href=\"https:\/\/www.facebook.com\/REALTORSCare\" target=\"_blank\" rel=\"noreferrer noopener\">Facebook<\/a> et <a href=\"https:\/\/www.instagram.com\/realtorscare\/\" target=\"_blank\" rel=\"noreferrer noopener\">Instagram<\/a> pour en savoir plus sur les candidats au Prix canadien REALTORS Care\u00ae de 2026, ainsi que le laur\u00e9at, dont le nom sera r\u00e9v\u00e9l\u00e9 au printemps prochain!<\/strong><\/p>\n\n\n\n<p>Si vous connaissez un membre de l\u2019ACI qui fait preuve d\u2019un engagement caritatif exemplaire dans sa collectivit\u00e9 et qui m\u00e9rite que son travail soit reconnu \u00e0 l\u2019\u00e9chelle nationale, vous pouvez soumettre la candidature de cette personne au Prix canadien REALTORS Care\u00ae de 2027, fi\u00e8rement pr\u00e9sent\u00e9 par REALTOR.ca \u00e0 partir de l\u2019automne 2026!<\/p>\n\n\n\n<p>Pour savoir comment pr\u00e9parer un dossier de candidature convaincant, suivez les liens ci-dessous.<\/p>\n\n\n\n<div class=\"wp-block-buttons is-content-justification-center is-layout-flex wp-container-core-buttons-is-layout-16018d1d wp-block-buttons-is-layout-flex\">\n<div class=\"wp-block-button\"><a class=\"wp-block-button__link wp-element-button\" href=\"https:\/\/www.realtorscare.ca\/fr\/a-propos-du-prix-canadien-realtors-care\/faq\/\">FAQ SUR LE PRIX<\/a><\/div>\n\n\n\n<div class=\"wp-block-button\"><a class=\"wp-block-button__link wp-element-button\" href=\"https:\/\/www.creacafe.ca\/fr\/connaissez-vous-un-membre-qui-se-surpasse-nous-voulons-honorer-son-engagement\/\" target=\"_blank\" rel=\"noreferrer noopener\">SUGGESTIONS PRATIQUES<\/a><\/div>\n\n\n\n<div class=\"wp-block-button\"><a class=\"wp-block-button__link wp-element-button\" href=\"https:\/\/www.realtorscare.ca\/wp-content\/uploads\/2025\/08\/CRCA-2026-Redaction-dune-lettre-dappui.pdf\" target=\"_blank\" rel=\"noreferrer noopener\">R\u00c9DIGER UNE LETTRE D\u2019APPUI<\/a><\/div>\n<\/div>\n\n\n\n<p>Une description compl\u00e8te de nos crit\u00e8res et nos conditions se trouve sur la page <a aria-label=\" (opens in a new tab)\" class=\"ek-link\" href=\"https:\/\/www.realtorscare.ca\/fr\/a-propos-du-prix-canadien-realtors-care\/renseignements-sur-le-prix-decerne\/\" target=\"_blank\" rel=\"noreferrer noopener\">Renseignements sur le prix d\u00e9cern\u00e9 et Avis de confidentialit\u00e9<\/a>.<\/p>\n\n\n\n<p><\/p>\n\n\n\n<hr class=\"wp-block-separator has-css-opacity\"\/>\n\n\n\n<div style=\"height:34px\" aria-hidden=\"true\" class=\"wp-block-spacer\"><\/div>\n\n\n\n<div class=\"wp-block-columns is-layout-flex wp-container-core-columns-is-layout-9d6595d7 wp-block-columns-is-layout-flex\">\n<div class=\"wp-block-column is-layout-flow wp-block-column-is-layout-flow\" style=\"flex-basis:33.33%\">\n<figure class=\"wp-block-image size-full\"><a href=\"https:\/\/www.realtor.ca\/fr\" target=\"_blank\" rel=\"noreferrer noopener\"><img loading=\"lazy\" decoding=\"async\" width=\"667\" height=\"235\" src=\"https:\/\/www.realtorscare.ca\/wp-content\/uploads\/2022\/09\/REALTOR.ca-Red-Logo.png\" alt=\"REALTOR.ca\" class=\"wp-image-38785\"\/><\/a><\/figure>\n<\/div>\n\n\n\n<div class=\"wp-block-column is-layout-flow wp-block-column-is-layout-flow\" style=\"flex-basis:66.66%\">\n<h2 class=\"wp-block-heading\">Merci au commanditaire de notre prix de&nbsp;2026<\/h2>\n\n\n\n<p>Le Prix canadien REALTORS&nbsp;Care\u00ae de&nbsp;2026 est fi\u00e8rement pr\u00e9sent\u00e9 par REALTOR.ca, la plateforme immobili\u00e8re la plus populaire au Canada.<\/p>\n<\/div>\n<\/div>\n\n\n\n<p>REALTOR\u00ae. Membre de L\u2019Association canadienne de l\u2019immobilier (ACI), et plus encore.<\/p>\n","protected":false},"excerpt":{"rendered":"<p>Nos membres r\u00e9alisent des activit\u00e9s caritatives admirables dans les collectivit\u00e9s d\u2019un bout \u00e0 l\u2019autre du pays. Voici maintenant une excellente occasion de souligner les r\u00e9alisations d\u2019un coll\u00e8gue qui m\u00e9rite d\u2019\u00eatre reconnu sur la sc\u00e8ne nationale. Si la personne propos\u00e9e remporte le Prix canadien REALTORS Care\u00ae, l\u2019organisme de bienfaisance de son choix b\u00e9n\u00e9ficiera \u00e9galement d\u2019un don &hellip; <a href=\"https:\/\/www.realtorscare.ca\/fr\/a-propos-du-prix-canadien-realtors-care\/proposez-un-courtier-ou-agent-membre-pour-le-prix-canadien-realtors-care\/\" class=\"more-link\">Continue reading <span class=\"screen-reader-text\">Proposez la candidature d\u2019un courtier ou agent pour le Prix canadien REALTORS\u00a0Care\u00ae annuel<\/span><\/a><\/p>\n","protected":false},"author":1,"featured_media":0,"parent":34696,"menu_order":1,"comment_status":"closed","ping_status":"closed","template":"","meta":{"_acf_changed":false,"_editorskit_title_hidden":false,"_editorskit_reading_time":0,"_editorskit_is_block_options_detached":false,"_editorskit_block_options_position":"{}","footnotes":""},"class_list":["post-34736","page","type-page","status-publish","hentry"],"acf":[],"_links":{"self":[{"href":"https:\/\/www.realtorscare.ca\/fr\/wp-json\/wp\/v2\/pages\/34736","targetHints":{"allow":["GET"]}}],"collection":[{"href":"https:\/\/www.realtorscare.ca\/fr\/wp-json\/wp\/v2\/pages"}],"about":[{"href":"https:\/\/www.realtorscare.ca\/fr\/wp-json\/wp\/v2\/types\/page"}],"author":[{"embeddable":true,"href":"https:\/\/www.realtorscare.ca\/fr\/wp-json\/wp\/v2\/users\/1"}],"replies":[{"embeddable":true,"href":"https:\/\/www.realtorscare.ca\/fr\/wp-json\/wp\/v2\/comments?post=34736"}],"version-history":[{"count":63,"href":"https:\/\/www.realtorscare.ca\/fr\/wp-json\/wp\/v2\/pages\/34736\/revisions"}],"predecessor-version":[{"id":44303,"href":"https:\/\/www.realtorscare.ca\/fr\/wp-json\/wp\/v2\/pages\/34736\/revisions\/44303"}],"up":[{"embeddable":true,"href":"https:\/\/www.realtorscare.ca\/fr\/wp-json\/wp\/v2\/pages\/34696"}],"wp:attachment":[{"href":"https:\/\/www.realtorscare.ca\/fr\/wp-json\/wp\/v2\/media?parent=34736"}],"curies":[{"name":"wp","href":"https:\/\/api.w.org\/{rel}","templated":true}]}}