{"id":35651,"date":"2019-08-30T15:25:03","date_gmt":"2019-08-30T19:25:03","guid":{"rendered":"https:\/\/www.realtorscare.ca\/semaine-realtors-care\/resources-and-downloads\/"},"modified":"2022-11-09T15:57:52","modified_gmt":"2022-11-09T20:57:52","slug":"ressources-et-telechargements","status":"publish","type":"page","link":"https:\/\/www.realtorscare.ca\/fr\/archive-semaine-realtors-care\/ressources-et-telechargements\/","title":{"rendered":"Semaine REALTORS Care\u00ae : Ressources et t\u00e9l\u00e9chargements"},"content":{"rendered":"\n<p><strong>Lignes directrices concernant le logo et la marque<\/strong><\/p>\n\n\n\n<p>Les courtiers et agents, les agences immobili\u00e8res ainsi que les chambres et associations du Canada peuvent t\u00e9l\u00e9charger le logo de la Semaine REALTORS Care\u00ae&nbsp;:<\/p>\n\n\n\n<ul class=\"wp-block-list\"><li>Si vous \u00eates courtier ou agent immobilier ou vous repr\u00e9sentez une agence immobili\u00e8re, <a href=\"https:\/\/www.realtorscare.ca\/fr\/semaine-realtors-care\/ressources-et-telechargements\/entente-sur-les-modalites-dutilisation-pour-les-courtiers-et-agents-et-les-entreprises\/\">consultez la page sur les conditions d\u2019utilisation appropri\u00e9es<\/a>.<\/li><li>Si vous \u00eates un membre du personnel repr\u00e9sentant une chambre ou association immobili\u00e8re, <a href=\"https:\/\/www.realtorscare.ca\/fr\/semaine-realtors-care\/ressources-et-telechargements\/entente-sur-les-conditions-dutilisation-pour-les-chambres-et-associations-immobilieres\/\">consultez la page sur les conditions d\u2019utilisation appropri\u00e9es<\/a>.<\/li><\/ul>\n\n\n\n<p><a href=\"https:\/\/www.realtorscare.ca\/wp-content\/uploads\/2019\/09\/REALTORS_Care_Week-Brand_Guide-One_Page-FR.pdf\">T\u00e9l\u00e9charger le Guide de style et de marque de la Semaine REALTORS Care\u00ae<\/a><\/p>\n\n\n\n<h2 class=\"wp-block-heading\">Contenu \u00e0 partager sur les r\u00e9seaux sociaux<\/h2>\n\n\n\n<p>\u00c0 l\u2019approche de la Semaine REALTORS Care<sup>\u00ae<\/sup>, nous vous fournirons d\u2019autres ressources \u00e0 partager sur les r\u00e9seaux sociaux. Utilisez le mot-clic #SemaineREALTORSCare pour vous joindre \u00e0 la conversation.<\/p>\n\n\n\n<div class=\"wp-block-columns is-layout-flex wp-container-core-columns-is-layout-9d6595d7 wp-block-columns-is-layout-flex\">\n<div class=\"wp-block-column is-layout-flow wp-block-column-is-layout-flow\">\n<figure class=\"wp-block-image size-large\"><img decoding=\"async\" src=\"https:\/\/www.realtorscare.ca\/wp-content\/uploads\/2022\/11\/InstaSqaure_1080x1080_RealtorsCareWeek-Date-FR-3.jpg\" alt=\"\"\/><figcaption><strong>TEXTE POUR R\u00c9SEAUX SOCIAUX :<br><\/strong>C\u2019est la #SemaineREALTORSCare! Cette semaine, de ma ville de *ins\u00e9rer le nom de la ville ici*,je m\u2019unis \u00e0 mes coll\u00e8gues de partout au Canada pour aider les organismes caritatifs qui appuient le logement et les refuges. \ud83c\udfd8\ufe0f\ud83c\udfe2<\/figcaption><\/figure>\n\n\n\n<div class=\"wp-block-buttons is-layout-flex wp-block-buttons-is-layout-flex\">\n<div class=\"wp-block-button is-style-fill\"><a class=\"wp-block-button__link has-background\" href=\"https:\/\/www.realtorscare.ca\/wp-content\/uploads\/2022\/11\/InstaSqaure_1080x1080_RealtorsCareWeek-Date-FR-2.jpg\" style=\"background-color:#23a1c0\" target=\"_blank\" rel=\"noreferrer noopener\">T\u00e9l\u00e9charger pour Instagram<\/a><\/div>\n\n\n\n<div class=\"wp-block-button is-style-fill\"><a class=\"wp-block-button__link has-background\" href=\"https:\/\/www.realtorscare.ca\/wp-content\/uploads\/2022\/11\/IG-Story_1080x1920_RealtorsCareWeek-Date-FR-2.jpg\" style=\"background-color:#23a1c0\" target=\"_blank\" rel=\"noreferrer noopener\">T\u00e9l\u00e9charger pour une story Instagram<\/a><\/div>\n\n\n\n<div class=\"wp-block-button is-style-fill\"><a class=\"wp-block-button__link has-background\" href=\"https:\/\/www.realtorscare.ca\/wp-content\/uploads\/2022\/11\/TW-FB-LI_1200x630_RealtorsCareWeek-Date-FR-2.jpg\" style=\"background-color:#23a1c0\" target=\"_blank\" rel=\"noreferrer noopener\">T\u00e9l\u00e9charger pour Facebook\/Twitter\/<br>LinkedIn<\/a><\/div>\n<\/div>\n<\/div>\n\n\n\n<div class=\"wp-block-column is-layout-flow wp-block-column-is-layout-flow\">\n<figure class=\"wp-block-image size-large\"><img decoding=\"async\" src=\"https:\/\/www.realtorscare.ca\/wp-content\/uploads\/2022\/11\/IG1-FR.png\" alt=\"\"\/><figcaption><strong>TEXTE POUR R\u00c9SEAUX SOCIAUX :<br><\/strong>Nous savons que l\u2019\u00e9panouissement de notre collectivit\u00e9 d\u00e9pend de l\u2019\u00e9panouissement DE CHACUN. #SemaineREALTORSCare<\/figcaption><\/figure>\n\n\n\n<div class=\"wp-block-buttons is-content-justification-left is-layout-flex wp-container-core-buttons-is-layout-fdcfc74e wp-block-buttons-is-layout-flex\">\n<div class=\"wp-block-button is-style-fill\"><a class=\"wp-block-button__link has-background\" href=\"https:\/\/www.realtorscare.ca\/wp-content\/uploads\/2022\/11\/IG1-FR.png\" style=\"background-color:#23a1c0\" target=\"_blank\" rel=\"noreferrer noopener\">T\u00e9l\u00e9charger pour Instagram<\/a><\/div>\n\n\n\n<div class=\"wp-block-button is-style-fill\"><a class=\"wp-block-button__link has-background\" href=\"https:\/\/www.realtorscare.ca\/wp-content\/uploads\/2022\/11\/IG-Story1-FR.png\" style=\"background-color:#23a1c0\" target=\"_blank\" rel=\"noreferrer noopener\">T\u00e9l\u00e9charger pour une story Instagram<\/a><\/div>\n\n\n\n<div class=\"wp-block-button is-style-fill\"><a class=\"wp-block-button__link has-background\" href=\"https:\/\/www.realtorscare.ca\/wp-content\/uploads\/2022\/11\/FB-LI-1-FR.png\" style=\"background-color:#23a1c0\" target=\"_blank\" rel=\"noreferrer noopener\">T\u00e9l\u00e9charger pour Facebook\/Twitter\/<br>LinkedIn<\/a><\/div>\n<\/div>\n<\/div>\n\n\n\n<div class=\"wp-block-column is-layout-flow wp-block-column-is-layout-flow\">\n<figure class=\"wp-block-image size-large\"><img decoding=\"async\" src=\"https:\/\/www.realtorscare.ca\/wp-content\/uploads\/2022\/11\/IG2-FR.png\" alt=\"\"\/><figcaption><strong>TEXTE POUR R\u00c9SEAUX SOCIAUX :<br><\/strong>C\u2019est un plaisir de m\u2019unir \u00e0 des coll\u00e8gues de partout au Canada pour contribuer positivement \u00e0 nos collectivit\u00e9s durant la #SemaineREALTORSCare, et tout au long de l\u2019ann\u00e9e.<\/figcaption><\/figure>\n\n\n\n<div class=\"wp-block-buttons is-content-justification-left is-layout-flex wp-container-core-buttons-is-layout-fdcfc74e wp-block-buttons-is-layout-flex\">\n<div class=\"wp-block-button is-style-fill\"><a class=\"wp-block-button__link has-background\" href=\"https:\/\/www.realtorscare.ca\/wp-content\/uploads\/2022\/11\/IG2-FR.png\" style=\"background-color:#23a1c0\" target=\"_blank\" rel=\"noreferrer noopener\">T\u00e9l\u00e9charger pour Instagram<\/a><\/div>\n\n\n\n<div class=\"wp-block-button is-style-fill\"><a class=\"wp-block-button__link has-background\" href=\"https:\/\/www.realtorscare.ca\/wp-content\/uploads\/2022\/11\/IG-Story2-FR.png\" style=\"background-color:#23a1c0\" target=\"_blank\" rel=\"noreferrer noopener\">T\u00e9l\u00e9charger pour une story Instagram<\/a><\/div>\n\n\n\n<div class=\"wp-block-button is-style-fill\"><a class=\"wp-block-button__link has-background\" href=\"https:\/\/www.realtorscare.ca\/wp-content\/uploads\/2022\/11\/FB-LI-2-FR.png\" style=\"background-color:#23a1c0\" target=\"_blank\" rel=\"noreferrer noopener\">T\u00e9l\u00e9charger pour Facebook\/Twitter\/<br>LinkedIn<\/a><\/div>\n<\/div>\n<\/div>\n<\/div>\n\n\n\n<div class=\"wp-block-columns is-layout-flex wp-container-core-columns-is-layout-9d6595d7 wp-block-columns-is-layout-flex\">\n<div class=\"wp-block-column is-layout-flow wp-block-column-is-layout-flow\">\n<figure class=\"wp-block-image size-large\"><img decoding=\"async\" src=\"https:\/\/www.realtorscare.ca\/wp-content\/uploads\/2022\/11\/IG3-FR.png\" alt=\"\"\/><figcaption><strong>TEXTE POUR R\u00c9SEAUX SOCIAUX\u00a0:<br><\/strong>Redonner \u00e0 nos voisins qui en ont le plus besoin aide \u00e0 b\u00e2tir des collectivit\u00e9s plus inclusives. #SemaineREALTORSCare<\/figcaption><\/figure>\n\n\n\n<div class=\"wp-block-buttons is-content-justification-left is-layout-flex wp-container-core-buttons-is-layout-fdcfc74e wp-block-buttons-is-layout-flex\">\n<div class=\"wp-block-button is-style-fill\"><a class=\"wp-block-button__link has-background\" href=\"https:\/\/www.realtorscare.ca\/wp-content\/uploads\/2022\/11\/IG3-FR.png\" style=\"background-color:#23a1c0\" target=\"_blank\" rel=\"noreferrer noopener\">T\u00e9l\u00e9charger pour Instagram<\/a><\/div>\n\n\n\n<div class=\"wp-block-button is-style-fill\"><a class=\"wp-block-button__link has-background\" href=\"https:\/\/www.realtorscare.ca\/wp-content\/uploads\/2022\/11\/IG-Story3-FR.png\" style=\"background-color:#23a1c0\" target=\"_blank\" rel=\"noreferrer noopener\">T\u00e9l\u00e9charger pour une story Instagram<\/a><\/div>\n\n\n\n<div class=\"wp-block-button is-style-fill\"><a class=\"wp-block-button__link has-background\" href=\"https:\/\/www.realtorscare.ca\/wp-content\/uploads\/2022\/11\/FB-LI-3-FR.png\" style=\"background-color:#23a1c0\" target=\"_blank\" rel=\"noreferrer noopener\">T\u00e9l\u00e9charger pour Facebook\/Twitter\/<br>LinkedIn<\/a><\/div>\n<\/div>\n<\/div>\n\n\n\n<div class=\"wp-block-column is-layout-flow wp-block-column-is-layout-flow\">\n<figure class=\"wp-block-image size-large\"><img decoding=\"async\" src=\"https:\/\/www.realtorscare.ca\/wp-content\/uploads\/2022\/11\/InstaSqaure_1080x1080_RealtorsCareWeek-Message-FR.jpg\" alt=\"\"\/><figcaption>Vous organisez une activit\u00e9 pour aider un organisme caritatif local qui appuie le logement ou les refuges pendant la Semaine REALTORS Care? Utilisez cette image pour en parler sur vos r\u00e9seaux sociaux et n\u2019oubliez pas d\u2019inclure le mot-clic #SemaineREALTORSCare pour nous permettre d\u2019aimer et de partager!<\/figcaption><\/figure>\n\n\n\n<div class=\"wp-block-buttons is-content-justification-left is-layout-flex wp-container-core-buttons-is-layout-fdcfc74e wp-block-buttons-is-layout-flex\">\n<div class=\"wp-block-button is-style-fill\"><a class=\"wp-block-button__link has-background\" href=\"https:\/\/www.realtorscare.ca\/wp-content\/uploads\/2022\/11\/InstaSqaure_1080x1080_RealtorsCareWeek-Message-FR-1.jpg\" style=\"background-color:#23a1c0\" target=\"_blank\" rel=\"noreferrer noopener\">T\u00e9l\u00e9charger pour Instagram<\/a><\/div>\n\n\n\n<div class=\"wp-block-button is-style-fill\"><a class=\"wp-block-button__link has-background\" href=\"https:\/\/www.realtorscare.ca\/wp-content\/uploads\/2022\/11\/IG-Story_1080x1920_RealtorsCareWeek-Message-FR-1.jpg\" style=\"background-color:#23a1c0\" target=\"_blank\" rel=\"noreferrer noopener\">T\u00e9l\u00e9charger pour une story Instagram<\/a><\/div>\n\n\n\n<div class=\"wp-block-button is-style-fill\"><a class=\"wp-block-button__link has-background\" href=\"https:\/\/www.realtorscare.ca\/wp-content\/uploads\/2022\/11\/TW-FB-LI_1200x630_RealtorsCareWeek-Message-FR-1.jpg\" style=\"background-color:#23a1c0\" target=\"_blank\" rel=\"noreferrer noopener\">T\u00e9l\u00e9charger pour Facebook\/Twitter\/<br>LinkedIn<\/a><\/div>\n<\/div>\n<\/div>\n\n\n\n<div class=\"wp-block-column is-layout-flow wp-block-column-is-layout-flow\"><\/div>\n<\/div>\n\n\n\n<p>Si vous avez des questions, l\u2019\u00e9quipe REALTORS Care\u00ae de l\u2019ACI est l\u00e0 pour vous aider. Communiquez avec nous en tout temps \u00e0 <a href=\"mailto:REALTORSCare@crea.ca\">REALTORSCare@CREA.ca<\/a>.<\/p>\n\n\n\n<p><em>La marque REALTORS Care\u00ae et le logo REALTORS Care\u00ae sont contr\u00f4l\u00e9s par L\u2019Association canadienne de l\u2019immeuble (ACI) et servent \u00e0 identifier les activit\u00e9s caritatives que font les courtiers et agents immobiliers membres de l\u2019ACI, experts dans le secteur.<\/em><\/p>\n","protected":false},"excerpt":{"rendered":"<p>Lignes directrices concernant le logo et la marque Les courtiers et agents, les agences immobili\u00e8res ainsi que les chambres et associations du Canada peuvent t\u00e9l\u00e9charger le logo de la Semaine REALTORS Care\u00ae&nbsp;: Si vous \u00eates courtier ou agent immobilier ou vous repr\u00e9sentez une agence immobili\u00e8re, consultez la page sur les conditions d\u2019utilisation appropri\u00e9es. Si vous &hellip; <a href=\"https:\/\/www.realtorscare.ca\/fr\/archive-semaine-realtors-care\/ressources-et-telechargements\/\" class=\"more-link\">Continue reading <span class=\"screen-reader-text\">Semaine REALTORS Care\u00ae : Ressources et t\u00e9l\u00e9chargements<\/span><\/a><\/p>\n","protected":false},"author":1,"featured_media":39133,"parent":35089,"menu_order":0,"comment_status":"closed","ping_status":"closed","template":"","meta":{"_acf_changed":false,"_editorskit_title_hidden":false,"_editorskit_reading_time":0,"_editorskit_is_block_options_detached":false,"_editorskit_block_options_position":"{}","footnotes":""},"class_list":["post-35651","page","type-page","status-publish","has-post-thumbnail","hentry"],"acf":[],"_links":{"self":[{"href":"https:\/\/www.realtorscare.ca\/fr\/wp-json\/wp\/v2\/pages\/35651","targetHints":{"allow":["GET"]}}],"collection":[{"href":"https:\/\/www.realtorscare.ca\/fr\/wp-json\/wp\/v2\/pages"}],"about":[{"href":"https:\/\/www.realtorscare.ca\/fr\/wp-json\/wp\/v2\/types\/page"}],"author":[{"embeddable":true,"href":"https:\/\/www.realtorscare.ca\/fr\/wp-json\/wp\/v2\/users\/1"}],"replies":[{"embeddable":true,"href":"https:\/\/www.realtorscare.ca\/fr\/wp-json\/wp\/v2\/comments?post=35651"}],"version-history":[{"count":42,"href":"https:\/\/www.realtorscare.ca\/fr\/wp-json\/wp\/v2\/pages\/35651\/revisions"}],"predecessor-version":[{"id":39138,"href":"https:\/\/www.realtorscare.ca\/fr\/wp-json\/wp\/v2\/pages\/35651\/revisions\/39138"}],"up":[{"embeddable":true,"href":"https:\/\/www.realtorscare.ca\/fr\/wp-json\/wp\/v2\/pages\/35089"}],"wp:featuredmedia":[{"embeddable":true,"href":"https:\/\/www.realtorscare.ca\/fr\/wp-json\/wp\/v2\/media\/39133"}],"wp:attachment":[{"href":"https:\/\/www.realtorscare.ca\/fr\/wp-json\/wp\/v2\/media?parent=35651"}],"curies":[{"name":"wp","href":"https:\/\/api.w.org\/{rel}","templated":true}]}}