{"id":35707,"date":"2019-09-04T10:37:15","date_gmt":"2019-09-04T14:37:15","guid":{"rendered":"https:\/\/www.realtorscare.ca\/semaine-realtors-care\/ressources-et-telechargements\/terms-of-use-agreement-for-boards-and-associations\/"},"modified":"2019-09-04T10:42:19","modified_gmt":"2019-09-04T14:42:19","slug":"entente-sur-les-conditions-dutilisation-pour-les-chambres-et-associations-immobilieres","status":"publish","type":"page","link":"https:\/\/www.realtorscare.ca\/fr\/archive-semaine-realtors-care\/ressources-et-telechargements\/entente-sur-les-conditions-dutilisation-pour-les-chambres-et-associations-immobilieres\/","title":{"rendered":"Entente sur les conditions d\u2019utilisation pour les chambres et associations immobili\u00e8res"},"content":{"rendered":"\n<p>Pour t\u00e9l\u00e9charger le logo de la Semaine REALTORS Care\u00ae, veuillez fournir vos coordonn\u00e9es et lire l\u2019entente sur les conditions d\u2019utilisation ci-dessous. Pour commencer le t\u00e9l\u00e9chargement, cochez la bo\u00eete \u00ab&nbsp;Je consens \u2026&nbsp;\u00bb et cliquez sur le bouton \u00ab&nbsp;Soumettre&nbsp;\u00bb.<\/p>\n\n\n\n<p>Si vous avez des questions concernant ces conditions, veuillez nous faire parvenir un courriel \u00e0 l\u2019adresse&nbsp;<a href=\"mailto:info@realtorscare.ca\">info@realtorscare.ca<\/a>.<\/p>\n","protected":false},"excerpt":{"rendered":"<p>Pour t\u00e9l\u00e9charger le logo de la Semaine REALTORS Care\u00ae, veuillez fournir vos coordonn\u00e9es et lire l\u2019entente sur les conditions d\u2019utilisation ci-dessous. Pour commencer le t\u00e9l\u00e9chargement, cochez la bo\u00eete \u00ab&nbsp;Je consens \u2026&nbsp;\u00bb et cliquez sur le bouton \u00ab&nbsp;Soumettre&nbsp;\u00bb. Si vous avez des questions concernant ces conditions, veuillez nous faire parvenir un courriel \u00e0 l\u2019adresse&nbsp;info@realtorscare.ca.<\/p>\n","protected":false},"author":1,"featured_media":0,"parent":35651,"menu_order":1,"comment_status":"closed","ping_status":"closed","template":"","meta":{"_acf_changed":false,"_editorskit_title_hidden":false,"_editorskit_reading_time":0,"_editorskit_is_block_options_detached":false,"_editorskit_block_options_position":"{}","footnotes":""},"class_list":["post-35707","page","type-page","status-publish","hentry"],"acf":[],"_links":{"self":[{"href":"https:\/\/www.realtorscare.ca\/fr\/wp-json\/wp\/v2\/pages\/35707","targetHints":{"allow":["GET"]}}],"collection":[{"href":"https:\/\/www.realtorscare.ca\/fr\/wp-json\/wp\/v2\/pages"}],"about":[{"href":"https:\/\/www.realtorscare.ca\/fr\/wp-json\/wp\/v2\/types\/page"}],"author":[{"embeddable":true,"href":"https:\/\/www.realtorscare.ca\/fr\/wp-json\/wp\/v2\/users\/1"}],"replies":[{"embeddable":true,"href":"https:\/\/www.realtorscare.ca\/fr\/wp-json\/wp\/v2\/comments?post=35707"}],"version-history":[{"count":2,"href":"https:\/\/www.realtorscare.ca\/fr\/wp-json\/wp\/v2\/pages\/35707\/revisions"}],"predecessor-version":[{"id":35713,"href":"https:\/\/www.realtorscare.ca\/fr\/wp-json\/wp\/v2\/pages\/35707\/revisions\/35713"}],"up":[{"embeddable":true,"href":"https:\/\/www.realtorscare.ca\/fr\/wp-json\/wp\/v2\/pages\/35651"}],"wp:attachment":[{"href":"https:\/\/www.realtorscare.ca\/fr\/wp-json\/wp\/v2\/media?parent=35707"}],"curies":[{"name":"wp","href":"https:\/\/api.w.org\/{rel}","templated":true}]}}