{"id":36588,"date":"2020-04-21T09:08:57","date_gmt":"2020-04-21T13:08:57","guid":{"rendered":"https:\/\/www.realtorscare.ca\/?page_id=36588"},"modified":"2021-07-12T10:44:54","modified_gmt":"2021-07-12T14:44:54","slug":"ron-antalek","status":"publish","type":"page","link":"https:\/\/www.realtorscare.ca\/fr\/ron-antalek\/","title":{"rendered":"Ron Antalek, laur\u00e9at du Prix canadien REALTORS&nbsp;Care\u00ae 2020"},"content":{"rendered":"\n<p>Ron Antalek a re\u00e7u le Prix canadien REALTORS Care\u00ae 2020, fi\u00e8rement pr\u00e9sent\u00e9 par REALTOR.ca, qui souligne son apport exceptionnel \u00e0 la collectivit\u00e9 de Maple Ridge, en Colombie-Britannique.<\/p>\n\n\n\n<p><iframe loading=\"lazy\" width=\"560\" height=\"315\" src=\"https:\/\/www.youtube.com\/embed\/uxxHxitUjrI\" frameborder=\"0\" allow=\"accelerometer; autoplay; encrypted-media; gyroscope; picture-in-picture\" allowfullscreen=\"\"><\/iframe><\/p>\n\n\n\n<p>Ron Antalek est un agent immobilier membre de l\u2019ACI de deuxi\u00e8me g\u00e9n\u00e9ration et compte plus de 30 ans d\u2019exp\u00e9rience. En 1989, il met sa carri\u00e8re naissante d\u2019enseignant en veilleuse pour travailler en immobilier aux c\u00f4t\u00e9s de son p\u00e8re et de sa s\u0153ur. Ron souhaitait d\u2019abord revenir \u00e0 l\u2019enseignement, mais il a rapidement r\u00e9alis\u00e9 qu\u2019il ne pouvait r\u00e9sister \u00e0 l\u2019attrait d\u2019une nouvelle carri\u00e8re emballante. Il a d\u00e9couvert qu\u2019il pouvait se servir de sa passion pour l\u2019\u00e9ducation afin de guider les familles dans leur recherche d\u2019une propri\u00e9t\u00e9, tout en profitant de la flexibilit\u00e9 du m\u00e9tier pour aider des organisations caritatives de sa collectivit\u00e9. <\/p>\n\n\n\n<p>En 2006, Ron a fait un don anonyme d\u2019un million de dollars \u00e0 la fondation de l\u2019h\u00f4pital Ridge Meadows afin de rendre hommage \u00e0 l\u2019h\u00f4pital o\u00f9 sa m\u00e8re \u00e9tait infirmi\u00e8re et o\u00f9 plusieurs membres de sa famille ont b\u00e9n\u00e9fici\u00e9 de soins exceptionnels. \u00ab \u00c7a venait du c\u0153ur, car cet h\u00f4pital a \u00e9t\u00e9 important pour ma famille \u00bb, confie-t-il.<\/p>\n\n\n\n<p>En 2009, des membres de la fondation ont propos\u00e9 qu\u2019une partie du don serve \u00e0 cr\u00e9er une nouvelle unit\u00e9 de psychiatrie \u00e0 Ridge Meadows. Ron a non seulement approuv\u00e9 l\u2019id\u00e9e, mais il a \u00e9galement accept\u00e9 d\u2019y associer son nom et sa notori\u00e9t\u00e9 afin de combattre la stigmatisation associ\u00e9e \u00e0 la maladie mentale.<\/p>\n\n\n\n<p>\u00ab Dans notre soci\u00e9t\u00e9, la maladie mentale continue d\u2019\u00eatre mal comprise et peine bien souvent \u00e0 attirer des dons, explique Laura Butler, directrice g\u00e9n\u00e9rale de la fondation de l\u2019h\u00f4pital Ridge Meadows. Ron m\u00e9rite d\u2019\u00eatre salu\u00e9 non seulement pour l\u2019ampleur de son don, mais aussi pour l\u2019avoir vers\u00e9 \u00e0 une cause qui en a bien besoin. \u00bb<\/p>\n\n\n\n<p>Ron a pu constater que d\u2019avoir rendu sa bonne \u0153uvre publique a eu des effets b\u00e9n\u00e9fiques. \u00ab Mon geste a inspir\u00e9 d\u2019autres personnes \u00e0 faire de m\u00eame et a fait na\u00eetre une conversation dans la collectivit\u00e9 \u00bb, note-t-il.<\/p>\n\n\n\n<p>Sa g\u00e9n\u00e9rosit\u00e9 a grandement contribu\u00e9 \u00e0 la cr\u00e9ation de l\u2019unit\u00e9 de psychiatrie Antalek Family, qui dessert les patients adultes de l\u2019h\u00f4pital Ridge Meadows aux prises avec des probl\u00e8mes de sant\u00e9 mentale. Quelques ann\u00e9es plus tard, une partie du don de Ron et les recettes d\u2019une campagne de dons \u00e9quivalents qu\u2019il a men\u00e9e ont permis de lancer le chapitre de Ridge Meadows de Foundry, un r\u00e9seau de centres offrant aux jeunes un acc\u00e8s \u00e0 des soins de sant\u00e9, y compris des soins de sant\u00e9 mentale.<\/p>\n\n\n\n<p>Ron si\u00e8ge avec fiert\u00e9 au conseil d\u2019administration de la fondation de l\u2019h\u00f4pital Ridge&nbsp;Meadows depuis 2009 et en est le pr\u00e9sident depuis 2012. Dans le cadre de ce r\u00f4le, il s\u2019est investi \u00e0 fond dans la planification strat\u00e9gique de la fondation. \u00ab&nbsp;Il nous a amen\u00e9s \u00e0 financer la prestation de soins de sant\u00e9 au-del\u00e0 de l\u2019h\u00f4pital Ridge&nbsp;Meadows et \u00e0 cr\u00e9er des partenariats avec d\u2019autres organismes de la r\u00e9gion avec lesquels nous partageons des objectifs&nbsp;\u00bb, ajoute Laura&nbsp;Butler.<\/p>\n\n\n\n<p>Les effets du leadership et de la g\u00e9n\u00e9rosit\u00e9 de Ron traversent sa collectivit\u00e9. Comme l\u2019explique Vicki Kipps, directrice g\u00e9n\u00e9rale, services communautaires de Maple Ridge-Pitt Meadows : \u00ab Notre collectivit\u00e9 \u2013 ses jeunes, ses entreprises, ses organismes sans but lucratif, son h\u00f4pital et bien plus \u2013 est vraiment plus forte gr\u00e2ce \u00e0 l\u2019altruisme profond dont il fait preuve tous les jours. \u00bb<\/p>\n\n\n\n<p>Ron esp\u00e8re qu\u2019en acceptant le Prix canadien REALTORS Care\u00ae 2020 de l\u2019ACI et en racontant son histoire, il pourra inciter des gens \u00e0 faire du b\u00e9n\u00e9volat. \u00ab Donnez de votre temps \u00e0 une cause qui vous passionne, vous fait chaud au c\u0153ur et vous \u00e9meut \u00bb, sugg\u00e8re-t-il.<\/p>\n\n\n\n<p>En l\u2019honneur de Ron Antalek, L\u2019Association canadienne de l\u2019immeuble a fait un don de 5 000 $ \u00e0 la fondation de l\u2019h\u00f4pital Ridge Meadows.<\/p>\n\n\n\n<p><strong>Nos candidats de 2020<\/strong><\/p>\n\n\n\n<p>L\u2019ACI f\u00e9licite tous les candidats de 2020, dont la g\u00e9n\u00e9rosit\u00e9 a \u00e9t\u00e9 soulign\u00e9e par des amis, des coll\u00e8gues et des repr\u00e9sentants d\u2019organisations caritatives :<\/p>\n\n\n\n<ul class=\"wp-block-list\"><li> Gregg Bamford, Saskatoon (Saskatchewan)<\/li><li>Kevin Dol, Courtenay (Colombie-Britannique)<\/li><li>Rebecca Pearl Himelfarb, Toronto (Ontario)<\/li><li>Bill Hubbard, Vernon (Colombie-Britannique)<\/li><li>Bruce Johnson, Wasaga Beach (Ontario)<\/li><li>Jeff McMaster, Carleton Place (Ontario)<\/li><li>John Patricelli, Burnaby (Colombie-Britannique)<\/li><li>Colin Zappia, Ottawa (Ontario) <\/li><\/ul>\n\n\n\n<p>Si vous connaissez un courtier ou agent immobilier membre de l\u2019ACI qui fait preuve d\u2019un engagement caritatif exemplaire dans sa collectivit\u00e9 et m\u00e9rite d\u2019\u00eatre reconnu \u00e0 l\u2019\u00e9chelle nationale, ne manquez pas l\u2019annonce de la p\u00e9riode de mise en candidature pour 2021 en septembre.<\/p>\n","protected":false},"excerpt":{"rendered":"<p>Ron Antalek a re\u00e7u le Prix canadien REALTORS Care\u00ae 2020, fi\u00e8rement pr\u00e9sent\u00e9 par REALTOR.ca, qui souligne son apport exceptionnel \u00e0 la collectivit\u00e9 de Maple Ridge, en Colombie-Britannique. Ron Antalek est un agent immobilier membre de l\u2019ACI de deuxi\u00e8me g\u00e9n\u00e9ration et compte plus de 30 ans d\u2019exp\u00e9rience. En 1989, il met sa carri\u00e8re naissante d\u2019enseignant en &hellip; <a href=\"https:\/\/www.realtorscare.ca\/fr\/ron-antalek\/\" class=\"more-link\">Continue reading <span class=\"screen-reader-text\">Ron Antalek, laur\u00e9at du Prix canadien REALTORS&nbsp;Care\u00ae 2020<\/span><\/a><\/p>\n","protected":false},"author":3,"featured_media":36567,"parent":0,"menu_order":0,"comment_status":"closed","ping_status":"closed","template":"","meta":{"_acf_changed":false,"_editorskit_title_hidden":false,"_editorskit_reading_time":0,"_editorskit_is_block_options_detached":false,"_editorskit_block_options_position":"{}","footnotes":""},"class_list":["post-36588","page","type-page","status-publish","has-post-thumbnail","hentry"],"acf":[],"_links":{"self":[{"href":"https:\/\/www.realtorscare.ca\/fr\/wp-json\/wp\/v2\/pages\/36588","targetHints":{"allow":["GET"]}}],"collection":[{"href":"https:\/\/www.realtorscare.ca\/fr\/wp-json\/wp\/v2\/pages"}],"about":[{"href":"https:\/\/www.realtorscare.ca\/fr\/wp-json\/wp\/v2\/types\/page"}],"author":[{"embeddable":true,"href":"https:\/\/www.realtorscare.ca\/fr\/wp-json\/wp\/v2\/users\/3"}],"replies":[{"embeddable":true,"href":"https:\/\/www.realtorscare.ca\/fr\/wp-json\/wp\/v2\/comments?post=36588"}],"version-history":[{"count":4,"href":"https:\/\/www.realtorscare.ca\/fr\/wp-json\/wp\/v2\/pages\/36588\/revisions"}],"predecessor-version":[{"id":36612,"href":"https:\/\/www.realtorscare.ca\/fr\/wp-json\/wp\/v2\/pages\/36588\/revisions\/36612"}],"wp:featuredmedia":[{"embeddable":true,"href":"https:\/\/www.realtorscare.ca\/fr\/wp-json\/wp\/v2\/media\/36567"}],"wp:attachment":[{"href":"https:\/\/www.realtorscare.ca\/fr\/wp-json\/wp\/v2\/media?parent=36588"}],"curies":[{"name":"wp","href":"https:\/\/api.w.org\/{rel}","templated":true}]}}