{"id":36933,"date":"2020-10-23T10:09:44","date_gmt":"2020-10-23T14:09:44","guid":{"rendered":"https:\/\/www.realtorscare.ca\/?page_id=36933"},"modified":"2020-10-23T12:36:16","modified_gmt":"2020-10-23T16:36:16","slug":"fr-realtors-care-week-fr-highlights-from-realtors-care-week-2019","status":"publish","type":"page","link":"https:\/\/www.realtorscare.ca\/fr\/faits-saillants-des-semaines-realtors-care-passees\/fr-realtors-care-week-fr-highlights-from-realtors-care-week-2019\/","title":{"rendered":"Faits saillants de la Semaine REALTORS Care\u00ae 2019"},"content":{"rendered":"\n<p>La toute premi\u00e8re Semaine REALTORS Care<sup>\u00ae<\/sup>&nbsp;s\u2019est d\u00e9roul\u00e9e en novembre 2019. Au cours de cette semaine, des courtiers et agents de partout au pays ont uni leurs efforts afin de partager le confort d\u2019un foyer dans leur collectivit\u00e9. Voici quelques-uns des projets qu\u2019ils ont r\u00e9alis\u00e9s :<br><\/p>\n\n\n\n<div class=\"wp-block-columns has-2-columns is-layout-flex wp-container-core-columns-is-layout-9d6595d7 wp-block-columns-is-layout-flex\">\n<div class=\"wp-block-column is-layout-flow wp-block-column-is-layout-flow\">\n<figure class=\"wp-block-image\"><img loading=\"lazy\" decoding=\"async\" width=\"416\" height=\"277\" src=\"https:\/\/www.realtorscare.ca\/wp-content\/uploads\/2020\/09\/The-25th-Annual-REALTORS-Care\u00ae-Blanket-Drive-in-British-Columbia.jpg\" alt=\"\" class=\"wp-image-36898\"\/><\/figure>\n\n\n\n<p> <a rel=\"noreferrer noopener\" href=\"https:\/\/www.realtorscare.ca\/fr\/colombie-britannique\/fait-saillant-de-la-semaine-realtors-care-la-25e-collecte-de-couvertures-annuelle-realtors-care-de-la-colombie-britannique\/\" target=\"_blank\">La 25<sup>e<\/sup>&nbsp;collecte de couvertures annuelle REALTORS Care<sup>\u00ae<\/sup>&nbsp;de la Colombie Britannique<\/a> <\/p>\n<\/div>\n\n\n\n<div class=\"wp-block-column is-layout-flow wp-block-column-is-layout-flow\">\n<figure class=\"wp-block-image\"><img loading=\"lazy\" decoding=\"async\" width=\"416\" height=\"277\" src=\"https:\/\/www.realtorscare.ca\/wp-content\/uploads\/2020\/09\/Manitoba-Tipi-Mitawa-now-a-registered-charity-celebrates-10-Years.jpg\" alt=\"\" class=\"wp-image-36900\"\/><\/figure>\n\n\n\n<p> <a rel=\"noreferrer noopener\" href=\"https:\/\/www.realtorscare.ca\/fr\/manitoba\/fait-saillant-de-la-semaine-realtors-care-manitoba-tipi-mitawa-maintenant-un-organisme-de-bienfaisance-enregistre-souligne-ses-10-ans\/\" target=\"_blank\">Manitoba Tipi Mitawa, maintenant un organisme de bienfaisance enregistr\u00e9, souligne ses 10 ans<\/a> <\/p>\n<\/div>\n<\/div>\n\n\n\n<div class=\"wp-block-columns has-2-columns is-layout-flex wp-container-core-columns-is-layout-9d6595d7 wp-block-columns-is-layout-flex\">\n<div class=\"wp-block-column is-layout-flow wp-block-column-is-layout-flow\">\n<figure class=\"wp-block-image\"><img loading=\"lazy\" decoding=\"async\" width=\"416\" height=\"277\" src=\"https:\/\/www.realtorscare.ca\/wp-content\/uploads\/2020\/09\/The-Saint-John-Newcomers-Centre-gets-a-facelift.jpg\" alt=\"\" class=\"wp-image-36902\"\/><\/figure>\n\n\n\n<p> <a rel=\"noreferrer noopener\" href=\"https:\/\/www.realtorscare.ca\/fr\/nouveau-brunswick\/fait-saillant-de-la-semaine-realtors-care-revitalisation-du-centre-de-nouveaux-arrivants-de-saint-jean\/\" target=\"_blank\">Revitalisation du Centre de nouveaux arrivants de Saint-Jean<\/a> <a rel=\"noreferrer noopener\" href=\"https:\/\/www.realtorscare.ca\/nb\/realtors-care-week-spotlight-the-saint-john-newcomers-centre-gets-a-facelift\/\" target=\"_blank\">The Saint John Newcomers Centre gets a facelift<\/a><\/p>\n<\/div>\n\n\n\n<div class=\"wp-block-column is-layout-flow wp-block-column-is-layout-flow\">\n<figure class=\"wp-block-image\"><img loading=\"lazy\" decoding=\"async\" width=\"416\" height=\"277\" src=\"https:\/\/www.realtorscare.ca\/wp-content\/uploads\/2020\/09\/CREA-provides-a-comforting-chili-lunch-and-kindness-kits-to-their-neighbours-at-Centre-507-in-Ottawa.jpg\" alt=\"\" class=\"wp-image-36904\"\/><\/figure>\n\n\n\n<p> <a rel=\"noreferrer noopener\" href=\"https:\/\/www.realtorscare.ca\/fr\/ontario\/fait-saillant-de-la-semaine-realtors-care-laci-offre-un-repas-de-chili-reconfortant-et-des-articles-de-bien-etre-a-ses-voisins-du-centre-507-a-ottawa\/\" target=\"_blank\">L\u2019ACI offre un repas de chili r\u00e9confortant et des articles de bien-\u00eatre \u00e0 ses voisins du Centre 507 \u00e0 Ottawa<\/a> <\/p>\n<\/div>\n<\/div>\n\n\n\n<div class=\"wp-block-columns has-2-columns is-layout-flex wp-container-core-columns-is-layout-9d6595d7 wp-block-columns-is-layout-flex\">\n<div class=\"wp-block-column is-layout-flow wp-block-column-is-layout-flow\">\n<figure class=\"wp-block-image\"><img loading=\"lazy\" decoding=\"async\" width=\"416\" height=\"277\" src=\"https:\/\/www.realtorscare.ca\/wp-content\/uploads\/2020\/09\/CREB\u00ae-team-supports-Habitat-for-Humanity-build.jpg\" alt=\"\" class=\"wp-image-36906\"\/><\/figure>\n\n\n\n<p> <a rel=\"noreferrer noopener\" href=\"https:\/\/www.realtorscare.ca\/fr\/alberta\/fait-saillant-de-la-semaine-realtors-care-lequipe-de-la-creb-soutient-un-projet-de-construction-dhabitat-pour-lhumanite\/\" target=\"_blank\">L\u2019\u00e9quipe de la CREB<sup>\u00ae<\/sup>&nbsp;soutient un projet de construction d\u2019Habitat pour l\u2019humanit\u00e9<\/a> <\/p>\n<\/div>\n\n\n\n<div class=\"wp-block-column is-layout-flow wp-block-column-is-layout-flow\">\n<figure class=\"wp-block-image\"><img loading=\"lazy\" decoding=\"async\" width=\"416\" height=\"277\" src=\"https:\/\/www.realtorscare.ca\/wp-content\/uploads\/2020\/09\/REALTORS\u00ae-share-the-comfort-of-home-across-Newfoundland-and-Labrador.jpg\" alt=\"\" class=\"wp-image-36908\"\/><\/figure>\n\n\n\n<p> <a rel=\"noreferrer noopener\" href=\"https:\/\/www.realtorscare.ca\/fr\/terre-neuve-et-labrador\/retour-sur-la-semaine-realtors-care-nos-membres-partagent-le-confort-dun-foyer-a-terre-neuve-et-labrador\/\" target=\"_blank\">Nos membres partagent le confort d\u2019un foyer \u00e0 Terre-Neuve-et-Labrador<\/a> <\/p>\n<\/div>\n<\/div>\n\n\n\n<div class=\"wp-block-columns has-2-columns is-layout-flex wp-container-core-columns-is-layout-9d6595d7 wp-block-columns-is-layout-flex\">\n<div class=\"wp-block-column is-layout-flow wp-block-column-is-layout-flow\">\n<figure class=\"wp-block-image\"><img loading=\"lazy\" decoding=\"async\" width=\"416\" height=\"277\" src=\"https:\/\/www.realtorscare.ca\/wp-content\/uploads\/2020\/09\/REALTORS\u00ae-in-Edmonton-volunteer-more-than-60-hours-for-local-charities.jpg\" alt=\"\" class=\"wp-image-36910\"\/><\/figure>\n\n\n\n<p> <a rel=\"noreferrer noopener\" href=\"https:\/\/www.realtorscare.ca\/fr\/alberta\/retour-sur-la-semaine-realtors-care-des-courtiers-et-des-agents-dedmonton-cumulent-plus-de-60-heures-de-benevolat-aupres-dorganisations-caritatives-locales\/\" target=\"_blank\">Des courtiers et des agents d\u2019Edmonton cumulent plus de 60 heures de b\u00e9n\u00e9volat aupr\u00e8s d\u2019organisations caritatives locales<\/a> <\/p>\n<\/div>\n\n\n\n<div class=\"wp-block-column is-layout-flow wp-block-column-is-layout-flow\">\n<figure class=\"wp-block-image\"><img loading=\"lazy\" decoding=\"async\" width=\"416\" height=\"277\" src=\"https:\/\/www.realtorscare.ca\/wp-content\/uploads\/2020\/09\/Royal-LePage-professionals-from-across-Canada-trek-the-Sahara-and-raise-1.1M-for-shelter.jpg\" alt=\"\" class=\"wp-image-36912\"\/><\/figure>\n\n\n\n<p> <a rel=\"noreferrer noopener\" href=\"https:\/\/www.realtorscare.ca\/fr\/nos-histoires-fr\/retour-sur-la-semaine-realtors-care-des-membres-de-royal-lepage-des-quatre-coins-du-canada-parcourent-le-sahara-et-recueillent-11-m-pour-les-refuges\/\" target=\"_blank\">Des membres de Royal LePage des quatre coins du Canada parcourent le Sahara et recueillent 1,1 M$ pour les refuges<\/a> <\/p>\n<\/div>\n<\/div>\n\n\n\n<div class=\"wp-block-columns has-2-columns is-layout-flex wp-container-core-columns-is-layout-9d6595d7 wp-block-columns-is-layout-flex\">\n<div class=\"wp-block-column is-layout-flow wp-block-column-is-layout-flow\">\n<figure class=\"wp-block-image\"><img loading=\"lazy\" decoding=\"async\" width=\"416\" height=\"277\" src=\"https:\/\/www.realtorscare.ca\/wp-content\/uploads\/2020\/09\/REALTORS\u00ae-in-Swift-Current-join-forces-to-serve-a-comforting-meal-at-The-Salvation-Army.jpg\" alt=\"\" class=\"wp-image-36914\"\/><\/figure>\n\n\n\n<p> <a rel=\"noreferrer noopener\" href=\"https:\/\/www.realtorscare.ca\/fr\/saskatchewan\/retour-sur-la-semaine-realtors-care-des-courtiers-et-agents-de-swift-current-unissent-leurs-efforts-afin-de-servir-un-repas-reconfortant-a-larmee-du-salut\/\" target=\"_blank\">Des courtiers et agents de Swift Current unissent leurs efforts afin de servir un repas r\u00e9confortant \u00e0 l\u2019Arm\u00e9e du Salut<\/a> <\/p>\n<\/div>\n\n\n\n<div class=\"wp-block-column is-layout-flow wp-block-column-is-layout-flow\">\n<figure class=\"wp-block-image\"><img loading=\"lazy\" decoding=\"async\" width=\"416\" height=\"277\" src=\"https:\/\/www.realtorscare.ca\/wp-content\/uploads\/2020\/09\/Fredericton-Area-Woodstock-Ingersoll-and-Brandon-REALTORS\u00ae-host-collection-drives-for-shelters.jpg\" alt=\"\" class=\"wp-image-36916\"\/><\/figure>\n\n\n\n<p> <a rel=\"noreferrer noopener\" href=\"https:\/\/www.realtorscare.ca\/fr\/nos-histoires-fr\/retour-sur-la-semaine-realtors-care-des-membres-des-regions-de-fredericton-de-woodstock-ingersoll-et-de-brandon-organisent-des-collectes-pour-des-refuges\/\" target=\"_blank\">Des membres des r\u00e9gions de Fredericton, de Woodstock-Ingersoll et de Brandon organisent des collectes pour des refuges<\/a> <\/p>\n<\/div>\n<\/div>\n\n\n\n<div class=\"wp-block-columns has-2-columns is-layout-flex wp-container-core-columns-is-layout-9d6595d7 wp-block-columns-is-layout-flex\">\n<div class=\"wp-block-column is-layout-flow wp-block-column-is-layout-flow\">\n<figure class=\"wp-block-image\"><img loading=\"lazy\" decoding=\"async\" width=\"416\" height=\"277\" src=\"https:\/\/www.realtorscare.ca\/wp-content\/uploads\/2020\/09\/REALTORS\u00ae-serve-up-the-comfort-of-home-in-Ottawa-Guelph-Durham-and-Medicine-Hat.jpg\" alt=\"\" class=\"wp-image-36918\"\/><\/figure>\n\n\n\n<p> <a rel=\"noreferrer noopener\" href=\"https:\/\/www.realtorscare.ca\/fr\/nos-histoires-fr\/retour-sur-la-semaine-realtors-care-des-courtiers-et-agents-immobiliers-offrent-le-confort-dun-foyer-a-ottawa-a-guelph-a-durham-et-a-medicine-hat\/\" target=\"_blank\">Des courtiers et agents immobiliers offrent le confort d\u2019un foyer \u00e0 Ottawa, \u00e0 Guelph, \u00e0 Durham et \u00e0 Medicine Hat<\/a> <\/p>\n<\/div>\n\n\n\n<div class=\"wp-block-column is-layout-flow wp-block-column-is-layout-flow\">\n<figure class=\"wp-block-image\"><img loading=\"lazy\" decoding=\"async\" width=\"416\" height=\"277\" src=\"https:\/\/www.realtorscare.ca\/wp-content\/uploads\/2020\/09\/Kingston-and-area-REALTORS\u00ae-gather-25-gift-baskets-for-domestic-abuse-survivors-in-their-community.jpg\" alt=\"\" class=\"wp-image-36920\"\/><\/figure>\n\n\n\n<p> <a rel=\"noreferrer noopener\" href=\"https:\/\/www.realtorscare.ca\/fr\/ontario\/retour-sur-la-semaine-realtors-care-des-courtiers-et-agents-de-la-region-de-kingston-assemblent-25-paniers-pour-des-survivantes-de-violence-familiale-de-leur-collectivite\/\" target=\"_blank\">Des courtiers et agents de la r\u00e9gion de Kingston assemblent 25 paniers pour des survivantes de violence familiale de leur collectivit\u00e9<\/a> <\/p>\n<\/div>\n<\/div>\n\n\n\n<div class=\"wp-block-columns has-2-columns is-layout-flex wp-container-core-columns-is-layout-9d6595d7 wp-block-columns-is-layout-flex\">\n<div class=\"wp-block-column is-layout-flow wp-block-column-is-layout-flow\">\n<figure class=\"wp-block-image\"><img loading=\"lazy\" decoding=\"async\" width=\"416\" height=\"277\" src=\"https:\/\/www.realtorscare.ca\/wp-content\/uploads\/2020\/09\/Members-of-the-Huron-Perth-Association-of-REALTORS\u00ae-raise-more-than-6000-for-local-charities.jpg\" alt=\"\" class=\"wp-image-36922\"\/><\/figure>\n\n\n\n<p> <br><a rel=\"noreferrer noopener\" href=\"https:\/\/www.realtorscare.ca\/fr\/ontario\/retour-sur-la-semaine-realtors-care-des-membres-de-la-huron-perth-association-of-realtors-amassent-plus-de-6-000-pour-des-oeuvres-de-bienfaisances-locales\/\" target=\"_blank\">Des membres de la Huron Perth Association of REALTORS<sup>\u00ae<\/sup>&nbsp;amassent plus de 6 000 $ pour des \u0153uvres de bienfaisances locales<\/a> <\/p>\n<\/div>\n\n\n\n<div class=\"wp-block-column is-layout-flow wp-block-column-is-layout-flow\"><\/div>\n<\/div>\n\n\n\n<div class=\"wp-block-columns has-2-columns is-layout-flex wp-container-core-columns-is-layout-9d6595d7 wp-block-columns-is-layout-flex\">\n<div class=\"wp-block-column is-layout-flow wp-block-column-is-layout-flow\">\n<figure class=\"wp-block-image\"><img decoding=\"async\" src=\"https:\/\/www.creacafe.ca\/wp-content\/uploads\/2019\/11\/Blogbanner_1324x57_RCW.jpg\" alt=\"\"\/><\/figure>\n<\/div>\n\n\n\n<div class=\"wp-block-column is-layout-flow wp-block-column-is-layout-flow\">\n<p> <a rel=\"noreferrer noopener\" href=\"https:\/\/www.creacafe.ca\/fr\/ce-que-la-communaute-immobiliere-peut-faire-pour-prevenir-et-mettre-fin-a-litinerance\/\" target=\"_blank\">Ce que la communaut\u00e9 immobili\u00e8re peut faire pour pr\u00e9venir et mettre fin \u00e0 l\u2019itin\u00e9rance<\/a> <\/p>\n<\/div>\n<\/div>\n\n\n\n<div class=\"wp-block-columns has-2-columns is-layout-flex wp-container-core-columns-is-layout-9d6595d7 wp-block-columns-is-layout-flex\">\n<div class=\"wp-block-column is-layout-flow wp-block-column-is-layout-flow\">\n<figure class=\"wp-block-image\"><img decoding=\"async\" src=\"https:\/\/www.creacafe.ca\/wp-content\/uploads\/2019\/11\/blogbanner_1324x571px_RCWvid2.jpg\" alt=\"\"\/><\/figure>\n<\/div>\n\n\n\n<div class=\"wp-block-column is-layout-flow wp-block-column-is-layout-flow\">\n<p> <a href=\"https:\/\/www.creacafe.ca\/fr\/la-communaute-immobiliere-peut-aider-les-survivantes-de-violence-familiale-a-surmonter-les-problemes-de-logement\/\">La communaut\u00e9 immobili\u00e8re peut aider les survivantes de violence familiale \u00e0 surmonter les probl\u00e8mes de logement<\/a> <\/p>\n<\/div>\n<\/div>\n\n\n\n<div class=\"wp-block-columns has-2-columns is-layout-flex wp-container-core-columns-is-layout-9d6595d7 wp-block-columns-is-layout-flex\">\n<div class=\"wp-block-column is-layout-flow wp-block-column-is-layout-flow\">\n<figure class=\"wp-block-image\"><img decoding=\"async\" src=\"https:\/\/www.creacafe.ca\/wp-content\/uploads\/2019\/11\/blogbanner_1324x571px_RCWvid3.jpg\" alt=\"\"\/><\/figure>\n<\/div>\n\n\n\n<div class=\"wp-block-column is-layout-flow wp-block-column-is-layout-flow\">\n<p> <a href=\"https:\/\/www.creacafe.ca\/fr\/abordabilite-du-logement-ce-que-les-membres-de-laci-peuvent-faire-des-maintenant\/\">Abordabilit\u00e9 du logement : ce que les membres de l\u2019ACI peuvent faire d\u00e8s maintenant<\/a> <\/p>\n<\/div>\n<\/div>\n\n\n<p><!--EndFragment--><\/p>\n<p><\/p>","protected":false},"excerpt":{"rendered":"<p>La toute premi\u00e8re Semaine REALTORS Care\u00ae&nbsp;s\u2019est d\u00e9roul\u00e9e en novembre 2019. Au cours de cette semaine, des courtiers et agents de partout au pays ont uni leurs efforts afin de partager le confort d\u2019un foyer dans leur collectivit\u00e9. Voici quelques-uns des projets qu\u2019ils ont r\u00e9alis\u00e9s : La 25e&nbsp;collecte de couvertures annuelle REALTORS Care\u00ae&nbsp;de la Colombie Britannique &hellip; <a href=\"https:\/\/www.realtorscare.ca\/fr\/faits-saillants-des-semaines-realtors-care-passees\/fr-realtors-care-week-fr-highlights-from-realtors-care-week-2019\/\" class=\"more-link\">Continue reading <span class=\"screen-reader-text\">Faits saillants de la Semaine REALTORS Care\u00ae 2019<\/span><\/a><\/p>\n","protected":false},"author":97,"featured_media":0,"parent":37652,"menu_order":4,"comment_status":"closed","ping_status":"closed","template":"","meta":{"_acf_changed":false,"_editorskit_title_hidden":false,"_editorskit_reading_time":0,"_editorskit_is_block_options_detached":false,"_editorskit_block_options_position":"{}","footnotes":""},"class_list":["post-36933","page","type-page","status-publish","hentry"],"acf":[],"_links":{"self":[{"href":"https:\/\/www.realtorscare.ca\/fr\/wp-json\/wp\/v2\/pages\/36933","targetHints":{"allow":["GET"]}}],"collection":[{"href":"https:\/\/www.realtorscare.ca\/fr\/wp-json\/wp\/v2\/pages"}],"about":[{"href":"https:\/\/www.realtorscare.ca\/fr\/wp-json\/wp\/v2\/types\/page"}],"author":[{"embeddable":true,"href":"https:\/\/www.realtorscare.ca\/fr\/wp-json\/wp\/v2\/users\/97"}],"replies":[{"embeddable":true,"href":"https:\/\/www.realtorscare.ca\/fr\/wp-json\/wp\/v2\/comments?post=36933"}],"version-history":[{"count":5,"href":"https:\/\/www.realtorscare.ca\/fr\/wp-json\/wp\/v2\/pages\/36933\/revisions"}],"predecessor-version":[{"id":37104,"href":"https:\/\/www.realtorscare.ca\/fr\/wp-json\/wp\/v2\/pages\/36933\/revisions\/37104"}],"up":[{"embeddable":true,"href":"https:\/\/www.realtorscare.ca\/fr\/wp-json\/wp\/v2\/pages\/37652"}],"wp:attachment":[{"href":"https:\/\/www.realtorscare.ca\/fr\/wp-json\/wp\/v2\/media?parent=36933"}],"curies":[{"name":"wp","href":"https:\/\/api.w.org\/{rel}","templated":true}]}}