{"id":37474,"date":"2021-04-06T13:07:28","date_gmt":"2021-04-06T17:07:28","guid":{"rendered":"https:\/\/www.realtorscare.ca\/?page_id=37474"},"modified":"2021-04-09T09:21:16","modified_gmt":"2021-04-09T13:21:16","slug":"nos-candidats-de-2021","status":"publish","type":"page","link":"https:\/\/www.realtorscare.ca\/fr\/a-propos-du-prix-canadien-realtors-care\/nos-candidats-de-2021\/","title":{"rendered":"Nos candidats de 2021"},"content":{"rendered":"\n<p>Au cours de l\u2019automne 2020, un nombre record de 73&nbsp;courtiers et agents d\u2019un oc\u00e9an \u00e0 l\u2019autre ont \u00e9t\u00e9 mis en nomination pour le <strong>Prix canadien REALTORS Care\u00ae de 2021, fi\u00e8rement pr\u00e9sent\u00e9 par REALTOR.ca<\/strong>. L\u2019ACI f\u00e9licite tous les candidats de 2021, dont la candidature a \u00e9t\u00e9 pr\u00e9sent\u00e9e par des amis, des coll\u00e8gues et des repr\u00e9sentants d\u2019organisations caritatives. Ces personnes sont des exemples inspirants de la g\u00e9n\u00e9rosit\u00e9 de la communaut\u00e9 immobili\u00e8re&nbsp;:<\/p>\n\n\n\n<ul class=\"wp-block-list\"><li>Abel\u00a0O\u2019Brennan, Courtenay (Colombie-Britannique)<\/li><li>Amy\u00a0Layton, Niagara Falls (Ontario)<\/li><li>Angela\u00a0Asadoorian, Cambridge (Ontario)<\/li><li>Anita\u00a0Merlo, Toronto (Ontario)<\/li><li>Anita\u00a0Van\u00a0Rootselaar, Guelph (Ontario)<\/li><li>Anup\u00a0Singh\u00a0Jubbal, Surrey (Colombie-Britannique)<\/li><li>Ariana\u00a0Christie, Guelph (Ontario)<\/li><li>Armand\u00a0Gilks, Toronto (Ontario)<\/li><li>Arnie\u00a0Lindquist, London (Ontario)<\/li><li>Ashley\u00a0Polischuik, Barrie (Ontario)<\/li><li>Barb\u00a0Paquette, Ottawa (Ontario)<\/li><li>Betty\u00a0D\u2019Oliveira, Georgetown (Ontario)<\/li><li>Brent\u00a0Paszt, Burlington (Ontario)<\/li><li>Brett\u00a0Starke, Toronto (Ontario)<\/li><li>Carol\u00a0Turnbull, London (Ontario)<\/li><li>Catherine\u00a0Chow, Calgary (Alberta)<\/li><li>Cheryl\u00a0Kardish-Levitan, Ottawa (Ontario)<\/li><li>Chris\u00a0Ablett, Aurora (Ontario)<\/li><li>Cintia\u00a0De\u00a0Aguiar, Toronto (Ontario)<\/li><li>Clare\u00a0Packer, Edmonton (Alberta)<\/li><li>Claudio\u00a0Cinapri, Toronto (Ontario)<\/li><li>Dave\u00a0Procter, Comox (Colombie-Britannique)<\/li><li>Debi\u00a0Pearce, Maple Ridge (Colombie-Britannique)<\/li><li>Dino\u00a0Melchior, Barrie (Ontario)<\/li><li>Donna\u00a0Maguire, Ottawa (Ontario)<\/li><li>Doris\u00a0Lapico, Windsor (Ontario)<\/li><li>Dwight\u00a0Streu, Edmonton (Alberta)<\/li><li>Gordon\u00a0Breau, Saint John (Nouveau-Brunswick)<\/li><li>Gregg\u00a0Bamford, Saskatoon (Saskatchewan)<\/li><li>Harry\u00a0Bergman, Kingsville (Ontario)<\/li><li>Helen\u00a0Hunt, Stouffville (Ontario)<\/li><li>Ian\u00a0Baird, Belle River (Ontario)<\/li><li>Ian\u00a0Walterhouse, Stouffville (Ontario)<\/li><li>Jack\u00a0Turner, Toronto (Ontario)<\/li><li>Jane\u00a0Thuet, Whitby (Ontario)<\/li><li>Jaxon\u00a0Jurome, Kelowna (Colombie-Britannique)<\/li><li>Jennifer\u00a0Webb, Woodstock (Ontario)<\/li><li>Justin\u00a0Havre, Calgary (Alberta)<\/li><li>Kent\u00a0Browne, Ottawa (Ontario)<\/li><li>Kerri\u00a0Tucker, Saskatoon, Saskatchewan<\/li><li>Korey\u00a0Kealey, Ottawa (Ontario)<\/li><li>Laura-Leah\u00a0Shaw, Vancouver (Colombie-Britannique)<\/li><li>Lee-ann Thiessen, Abbotsford (Colombie-Britannique)<\/li><li>Linz\u00a0Hunt, Peterborough (Ontario)<\/li><li>Lorna\u00a0Hamm, Calgary (Alberta)<\/li><li>Lucia\u00a0Faria, Barrie (Ontario)<\/li><li>Lynne\u00a0Clost, Calgary (Alberta)<\/li><li>Maleena\u00a0Pardhan, Surrey (Colombie-Britannique)<\/li><li>Manny\u00a0Deol, Mission (Colombie-Britannique)<\/li><li>Marci\u00a0Csumrik, Orillia (Ontario)<\/li><li>Mark\u00a0Faris, Barrie (Ontario)<\/li><li>Mary\u00a0Cardamone, Oakville (Ontario)<\/li><li>Mary\u00a0Jo\u00a0Vradis, Toronto (Ontario)<\/li><li>Mary\u00a0Phang, Scarborough (Ontario)<\/li><li>Matthew\u00a0Robidoux, Ottawa (Ontario)<\/li><li>Melissa\u00a0Taylor, Newmarket (Ontario)<\/li><li>Nick\u00a0FitzGibbon, Guelph (Ontario)<\/li><li>Patrick\u00a0Devine, Toronto (Ontario)<\/li><li>Paul\u00a0Dredge, Guelph (Ontario)<\/li><li>Paula\u00a0Langille, Halifax (Nouvelle-\u00c9cosse)<\/li><li>Pushpa\u00a0Kapadia, Surrey (Colombie-Britannique)<\/li><li>Robin\u00a0Jepson, Oakville (Ontario)<\/li><li>Rose\u00a0Iannacchino, Niagara Falls (Ontario)<\/li><li>Sandra\u00a0Parsons, Port Coquitlam (Colombie-Britannique)<\/li><li>Shane\u00a0Little, Toronto (Ontario)<\/li><li>Stephanie\u00a0Winger, Windsor (Ontario)<\/li><li>Stephany\u00a0Mercer, Leamington (Ontario)<\/li><li>Suzanne\u00a0Lawrence, Creemore (Ontario)<\/li><li>Tamara\u00a0Jemuovic, Toronto (Ontario)<\/li><li>Tanya\u00a0Ozard, Halifax (Nouvelle-\u00c9cosse)<\/li><li>Tina\u00a0August, Winnipeg (Manitoba)<\/li><li>Wasim\u00a0Jarrah, Newmarket (Ontario)<\/li><li>Wendy\u00a0Leigh\u00a0Starr, Oshawa (Ontario)<\/li><\/ul>\n\n\n\n<p>Si vous connaissez un courtier ou agent immobilier membre de l\u2019ACI qui fait preuve d\u2019un engagement caritatif exemplaire dans sa collectivit\u00e9 et m\u00e9rite d\u2019\u00eatre reconnu \u00e0 l\u2019\u00e9chelle nationale, ne manquez pas l\u2019annonce de la p\u00e9riode de mise en candidature pour 2022 en septembre.  <\/p>\n","protected":false},"excerpt":{"rendered":"<p>Au cours de l\u2019automne 2020, un nombre record de 73&nbsp;courtiers et agents d\u2019un oc\u00e9an \u00e0 l\u2019autre ont \u00e9t\u00e9 mis en nomination pour le Prix canadien REALTORS Care\u00ae de 2021, fi\u00e8rement pr\u00e9sent\u00e9 par REALTOR.ca. L\u2019ACI f\u00e9licite tous les candidats de 2021, dont la candidature a \u00e9t\u00e9 pr\u00e9sent\u00e9e par des amis, des coll\u00e8gues et des repr\u00e9sentants d\u2019organisations &hellip; <a href=\"https:\/\/www.realtorscare.ca\/fr\/a-propos-du-prix-canadien-realtors-care\/nos-candidats-de-2021\/\" class=\"more-link\">Continue reading <span class=\"screen-reader-text\">Nos candidats de 2021<\/span><\/a><\/p>\n","protected":false},"author":3,"featured_media":37480,"parent":34696,"menu_order":0,"comment_status":"closed","ping_status":"closed","template":"","meta":{"_acf_changed":false,"_editorskit_title_hidden":false,"_editorskit_reading_time":0,"_editorskit_is_block_options_detached":false,"_editorskit_block_options_position":"{}","footnotes":""},"class_list":["post-37474","page","type-page","status-publish","has-post-thumbnail","hentry"],"acf":[],"_links":{"self":[{"href":"https:\/\/www.realtorscare.ca\/fr\/wp-json\/wp\/v2\/pages\/37474","targetHints":{"allow":["GET"]}}],"collection":[{"href":"https:\/\/www.realtorscare.ca\/fr\/wp-json\/wp\/v2\/pages"}],"about":[{"href":"https:\/\/www.realtorscare.ca\/fr\/wp-json\/wp\/v2\/types\/page"}],"author":[{"embeddable":true,"href":"https:\/\/www.realtorscare.ca\/fr\/wp-json\/wp\/v2\/users\/3"}],"replies":[{"embeddable":true,"href":"https:\/\/www.realtorscare.ca\/fr\/wp-json\/wp\/v2\/comments?post=37474"}],"version-history":[{"count":3,"href":"https:\/\/www.realtorscare.ca\/fr\/wp-json\/wp\/v2\/pages\/37474\/revisions"}],"predecessor-version":[{"id":37479,"href":"https:\/\/www.realtorscare.ca\/fr\/wp-json\/wp\/v2\/pages\/37474\/revisions\/37479"}],"up":[{"embeddable":true,"href":"https:\/\/www.realtorscare.ca\/fr\/wp-json\/wp\/v2\/pages\/34696"}],"wp:featuredmedia":[{"embeddable":true,"href":"https:\/\/www.realtorscare.ca\/fr\/wp-json\/wp\/v2\/media\/37480"}],"wp:attachment":[{"href":"https:\/\/www.realtorscare.ca\/fr\/wp-json\/wp\/v2\/media?parent=37474"}],"curies":[{"name":"wp","href":"https:\/\/api.w.org\/{rel}","templated":true}]}}