{"id":37486,"date":"2021-04-13T14:02:58","date_gmt":"2021-04-13T18:02:58","guid":{"rendered":"https:\/\/www.realtorscare.ca\/?page_id=37486"},"modified":"2021-07-12T10:43:42","modified_gmt":"2021-07-12T14:43:42","slug":"gregg-bamford","status":"publish","type":"page","link":"https:\/\/www.realtorscare.ca\/fr\/gregg-bamford\/","title":{"rendered":"Gregg Bamford, laur\u00e9at du Prix canadien REALTORS Care\u00ae de 2021"},"content":{"rendered":"\n<p>Gregg&nbsp;Bamford a re\u00e7u le Prix canadien REALTORS Care\u00ae de 2021, fi\u00e8rement pr\u00e9sent\u00e9 par REALTOR.ca, pour son soutien de longue date \u00e0 des organismes sans but lucratif de Saskatoon.<\/p>\n\n\n\n<iframe loading=\"lazy\" width=\"560\" height=\"315\" src=\"https:\/\/www.youtube.com\/embed\/-v2kWgMi0fg\" title=\"YouTube video player\" frameborder=\"0\" allow=\"accelerometer; autoplay; clipboard-write; encrypted-media; gyroscope; picture-in-picture\" allowfullscreen=\"\"><\/iframe>\n\n\n\n<p>Pour Gregg&nbsp;Bamford, l\u2019immobilier est une affaire\nde famille&nbsp;: tout au long de sa carri\u00e8re, il a travaill\u00e9 en \u00e9troite\ncollaboration avec ses fr\u00e8res Ryan et Kevin. Et il a profit\u00e9 de la flexibilit\u00e9\nde son travail pour s\u2019impliquer \u00e0 fond aupr\u00e8s d\u2019organismes de bienfaisance\nlocaux qui aident les personnes les plus vuln\u00e9rables de Saskatoon.<\/p>\n\n\n\n<p>Le parcours de Gregg \u00e0 titre de b\u00e9n\u00e9vole a d\u00e9but\u00e9 dans les ann\u00e9es 2000, alors qu\u2019il a d\u00e9cid\u00e9 de s\u2019impliquer dans un programme parascolaire local ainsi qu\u2019\u00e0 titre d\u2019entra\u00eeneur pour la Kinsmen Inner City Hockey League. \u00ab&nbsp;J\u2019ai toujours cru que tous les enfants avaient droit \u00e0 une chance. C\u2019est pour cela que je me consacre aux programmes qui aident les enfants&nbsp;\u00bb, explique-t-il. <\/p>\n\n\n\n<p>Par la suite, Gregg a mis en \u0153uvre plusieurs initiatives caritatives d\u2019envergure. Avec Mike&nbsp;Napper, son ami de longue date, il a cr\u00e9\u00e9 WakeRide, un festival de wakeboard de trois&nbsp;jours dans le parc Victoria ayant permis de r\u00e9colter 150&nbsp;000&nbsp;$ pour des organismes de bienfaisance locaux qui aident les jeunes du centre-ville. Il a aussi lanc\u00e9 Sask Country Showcase, un \u00e9v\u00e9nement intime pour auteurs-compositeurs-interpr\u00e8tes qui donne la chance aux participants de rencontrer certaines des plus grandes vedettes de la musique en Saskatchewan, comme Tenille&nbsp;Arts et Jess&nbsp;Moskaluke. Cet \u00e9v\u00e9nement a permis de r\u00e9colter des fonds pour Haven Family Connections, un organisme dont Gregg est le pr\u00e9sident du conseil d\u2019administration. Par ailleurs, il a transform\u00e9 un petit programme de paniers de No\u00ebl en une initiative nomm\u00e9e Operation&nbsp;Santa, qui a distribu\u00e9 des cadeaux \u00e0 plus de 2&nbsp;000&nbsp;enfants d\u00e9favoris\u00e9s au cours des 10&nbsp;derni\u00e8res ann\u00e9es. En plus de trouver des donateurs pour cette cause, Gregg se pla\u00eet \u00e0 enfiler son costume de p\u00e8re No\u00ebl pour livrer en personne la magie de No\u00ebl \u00e0 des familles dans le besoin. <\/p>\n\n\n\n<p>\u00ab&nbsp;J\u2019ai approch\u00e9 Gregg pour lui demander si \u00e7a l\u2019int\u00e9ressait d\u2019adopter une famille dans le cadre de notre petit programme de paniers. Il m\u2019a imm\u00e9diatement r\u00e9pondu&nbsp;: \u201cUne seule famille? Je vais en prendre 10!\u201d, raconte Katelyn&nbsp;Roberts, cofondatrice d\u2019Operation Santa et directrice g\u00e9n\u00e9rale du Sanctum Care Group. C\u2019est ainsi que j\u2019ai fait sa connaissance. Une petite demande, qui l\u2019a motiv\u00e9 \u00e0 jouer un r\u00f4le important dans Operation Santa.&nbsp;\u00bb <\/p>\n\n\n\n<p>En 2018, Gregg a \u00e9t\u00e9 invit\u00e9 \u00e0 participer au Sanctum Survivor Challenge, o\u00f9 des leaders locaux devaient se mettre dans la peau de personnes en situation d\u2019itin\u00e9rance pendant 36&nbsp;heures. Cette exp\u00e9rience a chang\u00e9 sa vie. <\/p>\n\n\n\n<p>Il a \u00e9t\u00e9 mis en \u00e9quipe avec Alice&nbsp;Kuipers et son fils de huit&nbsp;ans, Theo. Ensemble, ils ont d\u00fb surmonter les nombreuses difficult\u00e9s qui sont le lot quotidien des personnes en situation d\u2019itin\u00e9rance. Le Sanctum Survivor Challenge a \u00e9t\u00e9 r\u00e9v\u00e9lateur pour Gregg. \u00ab&nbsp;Chaque personne a son v\u00e9cu. On ne peut pas juger quelqu\u2019un tant qu\u2019on ne s\u2019est pas mis \u00e0 sa place&nbsp;\u00bb, philosophe-t-il. <\/p>\n\n\n\n<p>Cette exp\u00e9rience l\u2019a inspir\u00e9 \u00e0 faire bouger les choses pour les personnes les plus vuln\u00e9rables de sa collectivit\u00e9. Au cours de ces 36&nbsp;heures, Gregg a d\u00e9couvert un nombre surprenant de services essentiels offerts par des organismes sans but lucratif locaux dont il ignorait l\u2019existence, malgr\u00e9 sa vaste exp\u00e9rience de b\u00e9n\u00e9vole. Il a eu l\u2019id\u00e9e novatrice de cr\u00e9er, avec sa partenaire du Sanctum Survivor Challenge, Alice&nbsp;Kuipers, un site Web qui pr\u00e9sente ces organismes et explique leurs programmes et leurs besoins en temps r\u00e9el. <\/p>\n\n\n\n<p>Apr\u00e8s de longues consultations avec entre autres des organismes sans but lucratif, des chefs autochtones, des politiciens locaux, des concepteurs de sites Web et des donateurs, Gregg et Alice ont cr\u00e9\u00e9 <a rel=\"noreferrer noopener\" aria-label=\"OneSmallStepSK.ca (opens in a new tab)\" href=\"http:\/\/www.onesmallstepsk.ca\" target=\"_blank\">OneSmallStepSK.ca<\/a> en novembre&nbsp;2020 pour aider ces organismes sans but lucratif, qui travaillent d\u2019arrache-pied pour offrir des services essentiels aux personnes les plus vuln\u00e9rables. Ces organismes, souvent tourn\u00e9s vers leur client\u00e8le, ont du mal \u00e0 expliquer leurs besoins aux donateurs potentiels \u2013 et c\u2019est l\u00e0 que One Small Step entre en jeu. \u00ab&nbsp;Les dirigeants nous disent qu\u2019avec le site, c\u2019est vraiment facile de dire au grand public de quoi ils ont besoin et de mettre ces besoins \u00e0 jour rapidement, ce qui leur permet de se concentrer sur leur travail&nbsp;\u00bb, explique la cofondatrice, Alice&nbsp;Kuipers.<\/p>\n\n\n\n<p>Regroupant initialement 12&nbsp;organismes, la plateforme a depuis re\u00e7u plus de 50&nbsp;demandes. La popularit\u00e9 de la plateforme aupr\u00e8s des organismes de bienfaisance s\u2019explique en grande partie par l\u2019approche tr\u00e8s humaine de Gregg. \u00ab&nbsp;Il a pass\u00e9 un nombre incalculable d\u2019heures \u00e0 discuter avec des organismes sans but lucratif pour comprendre ce qu\u2019ils font, \u00e0 leur parler de One Small Step, et \u00e0 collaborer avec eux pour rendre le site plus convivial. Ses efforts sont grandement appr\u00e9ci\u00e9s&nbsp;\u00bb, indique Donne&nbsp;Miazdyck-Shield, directrice g\u00e9n\u00e9rale de Haven Family Connections.<\/p>\n\n\n\n<p>C\u2019est d\u00e9j\u00e0 remarquable en soi d\u2019avoir lanc\u00e9 ce site Web, mais Gregg&nbsp;Bamford estime que compte tenu de tout ce qu\u2019il reste \u00e0 faire, ce n\u2019est qu\u2019un d\u00e9but. \u00ab&nbsp;L\u2019id\u00e9e, ce serait d\u2019offrir le mod\u00e8le \u00e0 d\u2019autres villes de la Saskatchewan, puis au Canada. Mais on veut s\u2019assurer d\u2019avoir r\u00e9gl\u00e9 tous les p\u00e9pins ici \u00e0 Saskatoon d\u00e8s le d\u00e9but.&nbsp;\u00bb <\/p>\n\n\n\n<p>En l\u2019honneur de Gregg&nbsp;Bamford, L\u2019Association canadienne de l\u2019immeuble a fait un don de 5&nbsp;000&nbsp;$ \u00e0 Haven Family Connections. <\/p>\n\n\n\n<p><a href=\"https:\/\/www.realtorscare.ca\/fr\/nos-candidats-de-2021\/\" target=\"_blank\" rel=\"noreferrer noopener\" aria-label=\"Consultez la liste des 73&nbsp;courtiers et agents immobiliers en lice pour le Prix canadien REALTORS Care\u00ae de 2021 (opens in a new tab)\">Consultez la liste des 73&nbsp;courtiers et agents immobiliers en lice pour le Prix canadien REALTORS Care\u00ae de 2021<\/a>.<\/p>\n","protected":false},"excerpt":{"rendered":"<p>Gregg&nbsp;Bamford a re\u00e7u le Prix canadien REALTORS Care\u00ae de 2021, fi\u00e8rement pr\u00e9sent\u00e9 par REALTOR.ca, pour son soutien de longue date \u00e0 des organismes sans but lucratif de Saskatoon. Pour Gregg&nbsp;Bamford, l\u2019immobilier est une affaire de famille&nbsp;: tout au long de sa carri\u00e8re, il a travaill\u00e9 en \u00e9troite collaboration avec ses fr\u00e8res Ryan et Kevin. Et &hellip; <a href=\"https:\/\/www.realtorscare.ca\/fr\/gregg-bamford\/\" class=\"more-link\">Continue reading <span class=\"screen-reader-text\">Gregg Bamford, laur\u00e9at du Prix canadien REALTORS Care\u00ae de 2021<\/span><\/a><\/p>\n","protected":false},"author":3,"featured_media":37493,"parent":0,"menu_order":0,"comment_status":"closed","ping_status":"closed","template":"","meta":{"_acf_changed":false,"_editorskit_title_hidden":false,"_editorskit_reading_time":0,"_editorskit_is_block_options_detached":false,"_editorskit_block_options_position":"{}","footnotes":""},"class_list":["post-37486","page","type-page","status-publish","has-post-thumbnail","hentry"],"acf":[],"_links":{"self":[{"href":"https:\/\/www.realtorscare.ca\/fr\/wp-json\/wp\/v2\/pages\/37486","targetHints":{"allow":["GET"]}}],"collection":[{"href":"https:\/\/www.realtorscare.ca\/fr\/wp-json\/wp\/v2\/pages"}],"about":[{"href":"https:\/\/www.realtorscare.ca\/fr\/wp-json\/wp\/v2\/types\/page"}],"author":[{"embeddable":true,"href":"https:\/\/www.realtorscare.ca\/fr\/wp-json\/wp\/v2\/users\/3"}],"replies":[{"embeddable":true,"href":"https:\/\/www.realtorscare.ca\/fr\/wp-json\/wp\/v2\/comments?post=37486"}],"version-history":[{"count":3,"href":"https:\/\/www.realtorscare.ca\/fr\/wp-json\/wp\/v2\/pages\/37486\/revisions"}],"predecessor-version":[{"id":37494,"href":"https:\/\/www.realtorscare.ca\/fr\/wp-json\/wp\/v2\/pages\/37486\/revisions\/37494"}],"wp:featuredmedia":[{"embeddable":true,"href":"https:\/\/www.realtorscare.ca\/fr\/wp-json\/wp\/v2\/media\/37493"}],"wp:attachment":[{"href":"https:\/\/www.realtorscare.ca\/fr\/wp-json\/wp\/v2\/media?parent=37486"}],"curies":[{"name":"wp","href":"https:\/\/api.w.org\/{rel}","templated":true}]}}