{"id":38026,"date":"2021-11-11T21:03:05","date_gmt":"2021-11-12T02:03:05","guid":{"rendered":"https:\/\/www.realtorscare.ca\/?page_id=38026"},"modified":"2021-11-17T17:20:53","modified_gmt":"2021-11-17T22:20:53","slug":"fr-realtors-care-week-fr-highlights-from-realtors-care-week-2020","status":"publish","type":"page","link":"https:\/\/www.realtorscare.ca\/fr\/faits-saillants-des-semaines-realtors-care-passees\/fr-realtors-care-week-fr-highlights-from-realtors-care-week-2020\/","title":{"rendered":"Faits saillants de la Semaine REALTORS Care\u00ae 2020"},"content":{"rendered":"\n<p>La Semaine REALTORS Care\u00ae permet de souligner l\u2019engagement b\u00e9n\u00e9vole de longue date des membres de l\u2019ACI et de sensibiliser la population aux enjeux du logement. Sous le th\u00e8me de l\u2019itin\u00e9rance, cette deuxi\u00e8me \u00e9dition annuelle, tenue du 23 au 27 novembre 2020, mettait en lumi\u00e8re les progr\u00e8s dans la lutte contre ce probl\u00e8me au Canada et le r\u00f4le que peuvent y jouer les courtiers et agents immobiliers.<\/p>\n\n\n\n<p>Bien que la COVID-19 a limit\u00e9 les occasions de b\u00e9n\u00e9volat sur le terrain, nous \u00e9tions tr\u00e8s fiers de voir plus de 30 chambres et associations appuyer des organismes d\u2019aide aux sans-abri au nom de leurs membres. Elles ont sensibilis\u00e9 le public, se sont engag\u00e9es \u00e0 poursuivre les d\u00e9marches aupr\u00e8s des \u00e9lus et ont amass\u00e9 plus de 118 000 $, de m\u00eame qu\u2019une grande quantit\u00e9 de couvertures, de v\u00eatements chauds, de cartes-cadeaux, d\u2019aliments et d\u2019articles d\u2019hygi\u00e8ne personnelle, le tout dans le respect des consignes sanitaires.<\/p>\n\n\n\n<p>Voici quelques-uns des projets qu\u2019ils ont r\u00e9alis\u00e9s :<br><\/p>\n\n\n\n<div class=\"wp-block-columns has-2-columns is-layout-flex wp-container-core-columns-is-layout-9d6595d7 wp-block-columns-is-layout-flex\">\n<div class=\"wp-block-column is-layout-flow wp-block-column-is-layout-flow\">\n<figure class=\"wp-block-image\"><img loading=\"lazy\" decoding=\"async\" width=\"544\" height=\"382\" src=\"https:\/\/www.realtorscare.ca\/wp-content\/uploads\/2021\/03\/fredericton-featured.jpg\" alt=\"\" class=\"wp-image-37454\"\/><\/figure>\n\n\n\n<p><a href=\"https:\/\/www.realtorscare.ca\/fr\/nouveau-brunswick\/des-agents-immobiliers-du-nouveau-brunswick-viennent-en-aide-aux-refuges-pour-sans-abri-durant-la-semaine-realtors-care-2020\/\" target=\"_blank\" rel=\"noreferrer noopener\" aria-label=\"Des agents immobiliers du Nouveau-Brunswick viennent en aide aux refuges pour sans-abri durant la Semaine REALTORS&nbsp;Care\u00ae&nbsp;2020 (opens in a new tab)\">Des agents immobiliers du Nouveau-Brunswick viennent en aide aux refuges pour sans-abri durant la Semaine REALTORS&nbsp;Care<\/a><sup><a href=\"https:\/\/www.realtorscare.ca\/fr\/nouveau-brunswick\/des-agents-immobiliers-du-nouveau-brunswick-viennent-en-aide-aux-refuges-pour-sans-abri-durant-la-semaine-realtors-care-2020\/\" target=\"_blank\" rel=\"noreferrer noopener\" aria-label=\"Des agents immobiliers du Nouveau-Brunswick viennent en aide aux refuges pour sans-abri durant la Semaine REALTORS&nbsp;Care\u00ae&nbsp;2020 (opens in a new tab)\">\u00ae<\/a><\/sup><a href=\"https:\/\/www.realtorscare.ca\/fr\/nouveau-brunswick\/des-agents-immobiliers-du-nouveau-brunswick-viennent-en-aide-aux-refuges-pour-sans-abri-durant-la-semaine-realtors-care-2020\/\" target=\"_blank\" rel=\"noreferrer noopener\" aria-label=\"Des agents immobiliers du Nouveau-Brunswick viennent en aide aux refuges pour sans-abri durant la Semaine REALTORS&nbsp;Care\u00ae&nbsp;2020 (opens in a new tab)\">&nbsp;2020<\/a><\/p>\n<\/div>\n\n\n\n<div class=\"wp-block-column is-layout-flow wp-block-column-is-layout-flow\">\n<figure class=\"wp-block-image\"><img loading=\"lazy\" decoding=\"async\" width=\"2016\" height=\"1512\" src=\"https:\/\/www.realtorscare.ca\/wp-content\/uploads\/2021\/01\/ckar.jpg\" alt=\"\" class=\"wp-image-37429\" srcset=\"https:\/\/www.realtorscare.ca\/wp-content\/uploads\/2021\/01\/ckar.jpg 2016w, https:\/\/www.realtorscare.ca\/wp-content\/uploads\/2021\/01\/ckar-768x576.jpg 768w, https:\/\/www.realtorscare.ca\/wp-content\/uploads\/2021\/01\/ckar-761x571.jpg 761w\" sizes=\"auto, (max-width: 2016px) 100vw, 2016px\" \/><\/figure>\n\n\n\n<p><a href=\"https:\/\/www.realtorscare.ca\/fr\/ontario\/des-agents-immobiliers-de-chatham-kent-offrent-des-articles-de-toilette-essentiels-aux-personnes-sans-abri-dans-le-cadre-de-la-semaine-realtors-care-2020\/\" target=\"_blank\" rel=\"noreferrer noopener\" aria-label=\"Des agents immobiliers de Chatham-Kent offrent des articles de toilette essentiels aux personnes sans-abri dans le cadre de la Semaine REALTORS&nbsp;Care\u00ae&nbsp;2020 (opens in a new tab)\">Des agents immobiliers de Chatham-Kent offrent des articles de toilette essentiels aux personnes sans-abri dans le cadre de la Semaine REALTORS&nbsp;Care<\/a><sup><a href=\"https:\/\/www.realtorscare.ca\/fr\/ontario\/des-agents-immobiliers-de-chatham-kent-offrent-des-articles-de-toilette-essentiels-aux-personnes-sans-abri-dans-le-cadre-de-la-semaine-realtors-care-2020\/\" target=\"_blank\" rel=\"noreferrer noopener\" aria-label=\"Des agents immobiliers de Chatham-Kent offrent des articles de toilette essentiels aux personnes sans-abri dans le cadre de la Semaine REALTORS&nbsp;Care\u00ae&nbsp;2020 (opens in a new tab)\">\u00ae<\/a><\/sup><a href=\"https:\/\/www.realtorscare.ca\/fr\/ontario\/des-agents-immobiliers-de-chatham-kent-offrent-des-articles-de-toilette-essentiels-aux-personnes-sans-abri-dans-le-cadre-de-la-semaine-realtors-care-2020\/\" target=\"_blank\" rel=\"noreferrer noopener\" aria-label=\"Des agents immobiliers de Chatham-Kent offrent des articles de toilette essentiels aux personnes sans-abri dans le cadre de la Semaine REALTORS&nbsp;Care\u00ae&nbsp;2020 (opens in a new tab)\">&nbsp;2020<\/a><\/p>\n<\/div>\n<\/div>\n\n\n\n<div class=\"wp-block-columns has-2-columns is-layout-flex wp-container-core-columns-is-layout-9d6595d7 wp-block-columns-is-layout-flex\">\n<div class=\"wp-block-column is-layout-flow wp-block-column-is-layout-flow\">\n<figure class=\"wp-block-image\"><img loading=\"lazy\" decoding=\"async\" width=\"3088\" height=\"2320\" src=\"https:\/\/www.realtorscare.ca\/wp-content\/uploads\/2021\/01\/crystal-dejager2.jpg\" alt=\"\" class=\"wp-image-37415\" srcset=\"https:\/\/www.realtorscare.ca\/wp-content\/uploads\/2021\/01\/crystal-dejager2.jpg 3088w, https:\/\/www.realtorscare.ca\/wp-content\/uploads\/2021\/01\/crystal-dejager2-768x577.jpg 768w, https:\/\/www.realtorscare.ca\/wp-content\/uploads\/2021\/01\/crystal-dejager2-760x571.jpg 760w\" sizes=\"auto, (max-width: 3088px) 100vw, 3088px\" \/><\/figure>\n\n\n\n<p><a href=\"https:\/\/www.realtorscare.ca\/fr\/colombie-britannique\/des-agents-du-lower-mainland-recoltent-50-000-et-collectent-des-centaines-de-couvertures-de-vetements-et-de-dons-de-denrees-pendant-la-semaine-realtors-care-2020\/\" target=\"_blank\" rel=\"noreferrer noopener\" aria-label=\"Des agents du Lower Mainland r\u00e9coltent 50&nbsp;000&nbsp;$ et collectent des centaines de couvertures, de v\u00eatements et de dons de denr\u00e9es pendant la Semaine REALTORS&nbsp;Care\u00ae&nbsp;2020 (opens in a new tab)\">Des agents du Lower Mainland r\u00e9coltent 50&nbsp;000&nbsp;$ et collectent des centaines de couvertures, de v\u00eatements et de dons de denr\u00e9es pendant la Semaine REALTORS&nbsp;Care<\/a><sup><a href=\"https:\/\/www.realtorscare.ca\/fr\/colombie-britannique\/des-agents-du-lower-mainland-recoltent-50-000-et-collectent-des-centaines-de-couvertures-de-vetements-et-de-dons-de-denrees-pendant-la-semaine-realtors-care-2020\/\" target=\"_blank\" rel=\"noreferrer noopener\" aria-label=\"Des agents du Lower Mainland r\u00e9coltent 50&nbsp;000&nbsp;$ et collectent des centaines de couvertures, de v\u00eatements et de dons de denr\u00e9es pendant la Semaine REALTORS&nbsp;Care\u00ae&nbsp;2020 (opens in a new tab)\">\u00ae<\/a><\/sup><a href=\"https:\/\/www.realtorscare.ca\/fr\/colombie-britannique\/des-agents-du-lower-mainland-recoltent-50-000-et-collectent-des-centaines-de-couvertures-de-vetements-et-de-dons-de-denrees-pendant-la-semaine-realtors-care-2020\/\" target=\"_blank\" rel=\"noreferrer noopener\" aria-label=\"Des agents du Lower Mainland r\u00e9coltent 50&nbsp;000&nbsp;$ et collectent des centaines de couvertures, de v\u00eatements et de dons de denr\u00e9es pendant la Semaine REALTORS&nbsp;Care\u00ae&nbsp;2020 (opens in a new tab)\">&nbsp;2020<\/a><\/p>\n<\/div>\n\n\n\n<div class=\"wp-block-column is-layout-flow wp-block-column-is-layout-flow\">\n<figure class=\"wp-block-image\"><img loading=\"lazy\" decoding=\"async\" width=\"1200\" height=\"630\" src=\"https:\/\/www.realtorscare.ca\/wp-content\/uploads\/2020\/12\/RCW-social-banner-Fr-6.png\" alt=\"\" class=\"wp-image-37376\" srcset=\"https:\/\/www.realtorscare.ca\/wp-content\/uploads\/2020\/12\/RCW-social-banner-Fr-6.png 1200w, https:\/\/www.realtorscare.ca\/wp-content\/uploads\/2020\/12\/RCW-social-banner-Fr-6-768x403.png 768w, https:\/\/www.realtorscare.ca\/wp-content\/uploads\/2020\/12\/RCW-social-banner-Fr-6-1088x571.png 1088w\" sizes=\"auto, (max-width: 1200px) 100vw, 1200px\" \/><\/figure>\n\n\n\n<p><a href=\"https:\/\/www.realtorscare.ca\/fr\/ontario\/les-activites-caritatives-des-membres-de-laci-a-london-et-st-thomas-se-poursuivent-durant-la-semaine-realtors-care-2020\/\" target=\"_blank\" rel=\"noreferrer noopener\" aria-label=\"Les activit\u00e9s caritatives des membres de l\u2019ACI \u00e0 London et St. Thomas se poursuivent durant la Semaine REALTORS&nbsp;Care\u00ae&nbsp;2020 (opens in a new tab)\">Les activit\u00e9s caritatives des membres de l\u2019ACI \u00e0 London et St. Thomas se poursuivent durant la Semaine REALTORS&nbsp;Care<\/a><sup><a href=\"https:\/\/www.realtorscare.ca\/fr\/ontario\/les-activites-caritatives-des-membres-de-laci-a-london-et-st-thomas-se-poursuivent-durant-la-semaine-realtors-care-2020\/\" target=\"_blank\" rel=\"noreferrer noopener\" aria-label=\"Les activit\u00e9s caritatives des membres de l\u2019ACI \u00e0 London et St. Thomas se poursuivent durant la Semaine REALTORS&nbsp;Care\u00ae&nbsp;2020 (opens in a new tab)\">\u00ae<\/a><\/sup><a href=\"https:\/\/www.realtorscare.ca\/fr\/ontario\/les-activites-caritatives-des-membres-de-laci-a-london-et-st-thomas-se-poursuivent-durant-la-semaine-realtors-care-2020\/\" target=\"_blank\" rel=\"noreferrer noopener\" aria-label=\"Les activit\u00e9s caritatives des membres de l\u2019ACI \u00e0 London et St. Thomas se poursuivent durant la Semaine REALTORS&nbsp;Care\u00ae&nbsp;2020 (opens in a new tab)\">&nbsp;2020<\/a><\/p>\n<\/div>\n<\/div>\n\n\n\n<div class=\"wp-block-columns has-2-columns is-layout-flex wp-container-core-columns-is-layout-9d6595d7 wp-block-columns-is-layout-flex\">\n<div class=\"wp-block-column is-layout-flow wp-block-column-is-layout-flow\">\n<figure class=\"wp-block-image\"><img loading=\"lazy\" decoding=\"async\" width=\"1200\" height=\"630\" src=\"https:\/\/www.realtorscare.ca\/wp-content\/uploads\/2020\/12\/RCW-social-banner-Fr-4.png\" alt=\"\" class=\"wp-image-37382\" srcset=\"https:\/\/www.realtorscare.ca\/wp-content\/uploads\/2020\/12\/RCW-social-banner-Fr-4.png 1200w, https:\/\/www.realtorscare.ca\/wp-content\/uploads\/2020\/12\/RCW-social-banner-Fr-4-768x403.png 768w, https:\/\/www.realtorscare.ca\/wp-content\/uploads\/2020\/12\/RCW-social-banner-Fr-4-1088x571.png 1088w\" sizes=\"auto, (max-width: 1200px) 100vw, 1200px\" \/><\/figure>\n\n\n\n<p><a href=\"https:\/\/www.realtorscare.ca\/fr\/colombie-britannique\/les-agents-immobiliers-de-victoria-soutiennent-le-cridge-centre-for-the-family-pendant-la-semaine-realtors-care-2020\/\" target=\"_blank\" rel=\"noreferrer noopener\" aria-label=\"Les agents immobiliers de Victoria soutiennent le Cridge Centre for the Family pendant la Semaine REALTORS&nbsp;Care\u00ae&nbsp;2020 (opens in a new tab)\">Les agents immobiliers de Victoria soutiennent le Cridge Centre for the Family pendant la Semaine REALTORS&nbsp;Care<\/a><sup><a href=\"https:\/\/www.realtorscare.ca\/fr\/colombie-britannique\/les-agents-immobiliers-de-victoria-soutiennent-le-cridge-centre-for-the-family-pendant-la-semaine-realtors-care-2020\/\" target=\"_blank\" rel=\"noreferrer noopener\" aria-label=\"Les agents immobiliers de Victoria soutiennent le Cridge Centre for the Family pendant la Semaine REALTORS&nbsp;Care\u00ae&nbsp;2020 (opens in a new tab)\">\u00ae<\/a><\/sup><a href=\"https:\/\/www.realtorscare.ca\/fr\/colombie-britannique\/les-agents-immobiliers-de-victoria-soutiennent-le-cridge-centre-for-the-family-pendant-la-semaine-realtors-care-2020\/\" target=\"_blank\" rel=\"noreferrer noopener\" aria-label=\"Les agents immobiliers de Victoria soutiennent le Cridge Centre for the Family pendant la Semaine REALTORS&nbsp;Care\u00ae&nbsp;2020 (opens in a new tab)\">&nbsp;2020<\/a><\/p>\n<\/div>\n\n\n\n<div class=\"wp-block-column is-layout-flow wp-block-column-is-layout-flow\">\n<figure class=\"wp-block-image\"><img loading=\"lazy\" decoding=\"async\" width=\"1200\" height=\"630\" src=\"https:\/\/www.realtorscare.ca\/wp-content\/uploads\/2020\/12\/RCW-social-banner-Fr-4-1.png\" alt=\"\" class=\"wp-image-37388\" srcset=\"https:\/\/www.realtorscare.ca\/wp-content\/uploads\/2020\/12\/RCW-social-banner-Fr-4-1.png 1200w, https:\/\/www.realtorscare.ca\/wp-content\/uploads\/2020\/12\/RCW-social-banner-Fr-4-1-768x403.png 768w, https:\/\/www.realtorscare.ca\/wp-content\/uploads\/2020\/12\/RCW-social-banner-Fr-4-1-1088x571.png 1088w\" sizes=\"auto, (max-width: 1200px) 100vw, 1200px\" \/><\/figure>\n\n\n\n<p><a href=\"https:\/\/www.realtorscare.ca\/fr\/terre-neuve-et-labrador\/des-agents-de-terre-neuve-et-labrador-etablissent-des-relations-avec-des-groupes-travaillant-a-mettre-fin-a-litinerance-pendant-la-semaine-realtors-care-2020\/\" target=\"_blank\" rel=\"noreferrer noopener\" aria-label=\"Des agents de Terre-Neuve-et-Labrador \u00e9tablissent des relations avec des groupes travaillant \u00e0 mettre fin \u00e0 l\u2019itin\u00e9rance pendant la Semaine REALTORS&nbsp;Care\u00ae&nbsp;2020 (opens in a new tab)\">Des agents de Terre-Neuve-et-Labrador \u00e9tablissent des relations avec des groupes travaillant \u00e0 mettre fin \u00e0 l\u2019itin\u00e9rance pendant la Semaine REALTORS&nbsp;Care<\/a><sup><a href=\"https:\/\/www.realtorscare.ca\/fr\/terre-neuve-et-labrador\/des-agents-de-terre-neuve-et-labrador-etablissent-des-relations-avec-des-groupes-travaillant-a-mettre-fin-a-litinerance-pendant-la-semaine-realtors-care-2020\/\" target=\"_blank\" rel=\"noreferrer noopener\" aria-label=\"Des agents de Terre-Neuve-et-Labrador \u00e9tablissent des relations avec des groupes travaillant \u00e0 mettre fin \u00e0 l\u2019itin\u00e9rance pendant la Semaine REALTORS&nbsp;Care\u00ae&nbsp;2020 (opens in a new tab)\">\u00ae<\/a><\/sup><a href=\"https:\/\/www.realtorscare.ca\/fr\/terre-neuve-et-labrador\/des-agents-de-terre-neuve-et-labrador-etablissent-des-relations-avec-des-groupes-travaillant-a-mettre-fin-a-litinerance-pendant-la-semaine-realtors-care-2020\/\" target=\"_blank\" rel=\"noreferrer noopener\" aria-label=\"Des agents de Terre-Neuve-et-Labrador \u00e9tablissent des relations avec des groupes travaillant \u00e0 mettre fin \u00e0 l\u2019itin\u00e9rance pendant la Semaine REALTORS&nbsp;Care\u00ae&nbsp;2020 (opens in a new tab)\">&nbsp;2020<\/a><\/p>\n<\/div>\n<\/div>\n\n\n\n<div class=\"wp-block-columns has-2-columns is-layout-flex wp-container-core-columns-is-layout-9d6595d7 wp-block-columns-is-layout-flex\">\n<div class=\"wp-block-column is-layout-flow wp-block-column-is-layout-flow\"><\/div>\n\n\n\n<div class=\"wp-block-column is-layout-flow wp-block-column-is-layout-flow\"><\/div>\n<\/div>\n\n\n\n<div class=\"wp-block-columns has-2-columns is-layout-flex wp-container-core-columns-is-layout-9d6595d7 wp-block-columns-is-layout-flex\">\n<div class=\"wp-block-column is-layout-flow wp-block-column-is-layout-flow\"><\/div>\n\n\n\n<div class=\"wp-block-column is-layout-flow wp-block-column-is-layout-flow\"><\/div>\n<\/div>\n\n\n\n<div class=\"wp-block-columns has-2-columns is-layout-flex wp-container-core-columns-is-layout-9d6595d7 wp-block-columns-is-layout-flex\">\n<div class=\"wp-block-column is-layout-flow wp-block-column-is-layout-flow\"><\/div>\n\n\n\n<div class=\"wp-block-column is-layout-flow wp-block-column-is-layout-flow\"><\/div>\n<\/div>\n\n\n\n<div class=\"wp-block-columns has-2-columns is-layout-flex wp-container-core-columns-is-layout-9d6595d7 wp-block-columns-is-layout-flex\">\n<div class=\"wp-block-column is-layout-flow wp-block-column-is-layout-flow\"><\/div>\n\n\n\n<div class=\"wp-block-column is-layout-flow wp-block-column-is-layout-flow\"><\/div>\n<\/div>\n\n\n\n<div class=\"wp-block-columns has-2-columns is-layout-flex wp-container-core-columns-is-layout-9d6595d7 wp-block-columns-is-layout-flex\">\n<div class=\"wp-block-column is-layout-flow wp-block-column-is-layout-flow\"><\/div>\n\n\n\n<div class=\"wp-block-column is-layout-flow wp-block-column-is-layout-flow\"><\/div>\n<\/div>\n\n\n\n<div class=\"wp-block-columns has-2-columns is-layout-flex wp-container-core-columns-is-layout-9d6595d7 wp-block-columns-is-layout-flex\">\n<div class=\"wp-block-column is-layout-flow wp-block-column-is-layout-flow\"><\/div>\n\n\n\n<div class=\"wp-block-column is-layout-flow wp-block-column-is-layout-flow\"><\/div>\n<\/div>\n\n\n\n<div class=\"wp-block-columns has-2-columns is-layout-flex wp-container-core-columns-is-layout-9d6595d7 wp-block-columns-is-layout-flex\">\n<div class=\"wp-block-column is-layout-flow wp-block-column-is-layout-flow\"><\/div>\n\n\n\n<div class=\"wp-block-column is-layout-flow wp-block-column-is-layout-flow\"><\/div>\n<\/div>\n","protected":false},"excerpt":{"rendered":"<p>La Semaine REALTORS Care\u00ae permet de souligner l\u2019engagement b\u00e9n\u00e9vole de longue date des membres de l\u2019ACI et de sensibiliser la population aux enjeux du logement. Sous le th\u00e8me de l\u2019itin\u00e9rance, cette deuxi\u00e8me \u00e9dition annuelle, tenue du 23 au 27 novembre 2020, mettait en lumi\u00e8re les progr\u00e8s dans la lutte contre ce probl\u00e8me au Canada et &hellip; <a href=\"https:\/\/www.realtorscare.ca\/fr\/faits-saillants-des-semaines-realtors-care-passees\/fr-realtors-care-week-fr-highlights-from-realtors-care-week-2020\/\" class=\"more-link\">Continue reading <span class=\"screen-reader-text\">Faits saillants de la Semaine REALTORS Care\u00ae 2020<\/span><\/a><\/p>\n","protected":false},"author":3,"featured_media":36985,"parent":37652,"menu_order":0,"comment_status":"closed","ping_status":"closed","template":"","meta":{"_acf_changed":false,"_editorskit_title_hidden":false,"_editorskit_reading_time":0,"_editorskit_is_block_options_detached":false,"_editorskit_block_options_position":"{}","footnotes":""},"class_list":["post-38026","page","type-page","status-publish","has-post-thumbnail","hentry"],"acf":[],"_links":{"self":[{"href":"https:\/\/www.realtorscare.ca\/fr\/wp-json\/wp\/v2\/pages\/38026","targetHints":{"allow":["GET"]}}],"collection":[{"href":"https:\/\/www.realtorscare.ca\/fr\/wp-json\/wp\/v2\/pages"}],"about":[{"href":"https:\/\/www.realtorscare.ca\/fr\/wp-json\/wp\/v2\/types\/page"}],"author":[{"embeddable":true,"href":"https:\/\/www.realtorscare.ca\/fr\/wp-json\/wp\/v2\/users\/3"}],"replies":[{"embeddable":true,"href":"https:\/\/www.realtorscare.ca\/fr\/wp-json\/wp\/v2\/comments?post=38026"}],"version-history":[{"count":2,"href":"https:\/\/www.realtorscare.ca\/fr\/wp-json\/wp\/v2\/pages\/38026\/revisions"}],"predecessor-version":[{"id":38172,"href":"https:\/\/www.realtorscare.ca\/fr\/wp-json\/wp\/v2\/pages\/38026\/revisions\/38172"}],"up":[{"embeddable":true,"href":"https:\/\/www.realtorscare.ca\/fr\/wp-json\/wp\/v2\/pages\/37652"}],"wp:featuredmedia":[{"embeddable":true,"href":"https:\/\/www.realtorscare.ca\/fr\/wp-json\/wp\/v2\/media\/36985"}],"wp:attachment":[{"href":"https:\/\/www.realtorscare.ca\/fr\/wp-json\/wp\/v2\/media?parent=38026"}],"curies":[{"name":"wp","href":"https:\/\/api.w.org\/{rel}","templated":true}]}}