{"id":38474,"date":"2022-03-30T14:55:17","date_gmt":"2022-03-30T18:55:17","guid":{"rendered":"https:\/\/www.realtorscare.ca\/?page_id=38474"},"modified":"2022-03-30T14:55:18","modified_gmt":"2022-03-30T18:55:18","slug":"nos-candidats-de-2022","status":"publish","type":"page","link":"https:\/\/www.realtorscare.ca\/fr\/a-propos-du-prix-canadien-realtors-care\/nos-candidats-de-2022\/","title":{"rendered":"Nos candidats de 2022"},"content":{"rendered":"\n<p>L\u2019Association\ncanadienne de l\u2019immeuble f\u00e9licite chacun des 47 courtiers et agents immobiliers\nd\u2019un bout \u00e0 l\u2019autre du Canada mis en candidature pour le<strong> Prix canadien\nREALTORS&nbsp;Care\u00ae de&nbsp;2022, fi\u00e8rement pr\u00e9sent\u00e9 par REALTOR.ca<\/strong>. Ces membres\nsont des exemples inspirants dont la profonde g\u00e9n\u00e9rosit\u00e9 a \u00e9t\u00e9 soulign\u00e9e par\ndes amis, de la famille, des repr\u00e9sentants d\u2019organismes caritatifs ou des\ncoll\u00e8gues au sein de leur collectivit\u00e9.<\/p>\n\n\n\n<ul class=\"wp-block-list\"><li>Alix\nMcIntyre, Winnipeg (Manitoba)<\/li><li>Amber\nPinsonneault, Chatham (Ontario)<\/li><li>Aneta\nFleming, Niagara Falls (Ontario)<\/li><li>Anne\nButwell, Brighton (Ontario)<\/li><li>April\nBarnard, Sarnia (Ontario)<\/li><li>Aram\nAskarian, Coquitlam (Colombie-Britannique)<\/li><li>Ash\nAlles, Oakville (Ontario)<\/li><li>Barry\nLebow, Toronto (Ontario)<\/li><li>Brian\nMaslowski, Toronto (Ontario)<\/li><li>Bryan\nMeere, Sarnia (Ontario) <\/li><li>Callum\nWallace, Oakville (Ontario)<\/li><li>Carla\nCorsi, Toronto (Ontario)<\/li><li>Carol\nO\u2019Hanley, Charlottetown (\u00cele-du-Prince-\u00c9douard)<\/li><li>Chris\nPennycook, Winnipeg (Manitoba)<\/li><li>Dana\nEddy, Hamilton (Ontario)<\/li><li>David\nBetty, Brampton (Ontario)<\/li><li>David\nSchooley, Kitchener (Ontario) <\/li><li>Donal\nWard-McCarty, Toronto (Ontario)<\/li><li>Elizabeth\nCrombie, Picton (Ontario)<\/li><li>Esa\nPara Esananda, Toronto (Ontario)<\/li><li>Garry\nEmde, Saskatoon (Saskatchewan)<\/li><li>Gerry\nWeir, London (Ontario) <\/li><li>Grace\nSimon, Newmarket (Ontario)<\/li><li>Graeme\nWebster, Ottawa (Ontario)<\/li><li>Heather\nMcDowell, Stratford (Ontario)<\/li><li>Irene\nChu, Mississauga (Ontario) <\/li><li>Jay\nDeakin, Pointe-Claire (Qu\u00e9bec)<\/li><li>Jennifer\nEvelyn, Oshawa (Ontario)<\/li><li>Josephine\nPetrunti Infusino, Vaughan (Ontario)<\/li><li>Julie\nJenkins, Sarnia (Ontario) <\/li><li>Leach\nBach, Delta (Colombie-Britannique)<\/li><li>Lorna\nHamm, Calgary (Alberta)<\/li><li>Lucy\nMcLean, Bracebridge (Ontario)<\/li><li>Madat\nKara, Ottawa (Ontario)<\/li><li>Melissa\nSlack, Port Coquitlam (Colombie-Britannique)<\/li><li>Murray\nScotton, Calgary (Alberta)<\/li><li>Nancy\nMendes, Mississauga (Ontario)<\/li><li>Patrice\nGroleau, Montr\u00e9al (Qu\u00e9bec)<\/li><li>Peter\nWhatmore, London (Ontario)<\/li><li>Rodney\nLhermite, Montr\u00e9al (Qu\u00e9bec)<\/li><li>Ruthie\nShugarman, Vancouver (Colombie-Britannique)<\/li><li>Sid\nKoshul, Vancouver (Colombie-Britannique)<\/li><li>Tara\nDoyle, Gravenhurst (Ontario)<\/li><li>Torrey\nMattson, Medicine Hat (Alberta)<\/li><li>Tracey\nAppleton, Kitchener (Ontario)<\/li><li>Vincent\nPicone, Newmarket (Ontario)<\/li><li>Zdenka\nTurner, Leduc (Alberta)<\/li><\/ul>\n","protected":false},"excerpt":{"rendered":"<p>L\u2019Association canadienne de l\u2019immeuble f\u00e9licite chacun des 47 courtiers et agents immobiliers d\u2019un bout \u00e0 l\u2019autre du Canada mis en candidature pour le Prix canadien REALTORS&nbsp;Care\u00ae de&nbsp;2022, fi\u00e8rement pr\u00e9sent\u00e9 par REALTOR.ca. Ces membres sont des exemples inspirants dont la profonde g\u00e9n\u00e9rosit\u00e9 a \u00e9t\u00e9 soulign\u00e9e par des amis, de la famille, des repr\u00e9sentants d\u2019organismes caritatifs ou &hellip; <a href=\"https:\/\/www.realtorscare.ca\/fr\/a-propos-du-prix-canadien-realtors-care\/nos-candidats-de-2022\/\" class=\"more-link\">Continue reading <span class=\"screen-reader-text\">Nos candidats de 2022<\/span><\/a><\/p>\n","protected":false},"author":123,"featured_media":38472,"parent":34696,"menu_order":0,"comment_status":"closed","ping_status":"closed","template":"","meta":{"_acf_changed":false,"_editorskit_title_hidden":false,"_editorskit_reading_time":0,"_editorskit_is_block_options_detached":false,"_editorskit_block_options_position":"{}","footnotes":""},"class_list":["post-38474","page","type-page","status-publish","has-post-thumbnail","hentry"],"acf":[],"_links":{"self":[{"href":"https:\/\/www.realtorscare.ca\/fr\/wp-json\/wp\/v2\/pages\/38474","targetHints":{"allow":["GET"]}}],"collection":[{"href":"https:\/\/www.realtorscare.ca\/fr\/wp-json\/wp\/v2\/pages"}],"about":[{"href":"https:\/\/www.realtorscare.ca\/fr\/wp-json\/wp\/v2\/types\/page"}],"author":[{"embeddable":true,"href":"https:\/\/www.realtorscare.ca\/fr\/wp-json\/wp\/v2\/users\/123"}],"replies":[{"embeddable":true,"href":"https:\/\/www.realtorscare.ca\/fr\/wp-json\/wp\/v2\/comments?post=38474"}],"version-history":[{"count":1,"href":"https:\/\/www.realtorscare.ca\/fr\/wp-json\/wp\/v2\/pages\/38474\/revisions"}],"predecessor-version":[{"id":38475,"href":"https:\/\/www.realtorscare.ca\/fr\/wp-json\/wp\/v2\/pages\/38474\/revisions\/38475"}],"up":[{"embeddable":true,"href":"https:\/\/www.realtorscare.ca\/fr\/wp-json\/wp\/v2\/pages\/34696"}],"wp:featuredmedia":[{"embeddable":true,"href":"https:\/\/www.realtorscare.ca\/fr\/wp-json\/wp\/v2\/media\/38472"}],"wp:attachment":[{"href":"https:\/\/www.realtorscare.ca\/fr\/wp-json\/wp\/v2\/media?parent=38474"}],"curies":[{"name":"wp","href":"https:\/\/api.w.org\/{rel}","templated":true}]}}