{"id":38487,"date":"2022-04-05T12:37:37","date_gmt":"2022-04-05T16:37:37","guid":{"rendered":"https:\/\/www.realtorscare.ca\/?page_id=38487"},"modified":"2022-04-05T12:43:15","modified_gmt":"2022-04-05T16:43:15","slug":"lorna-hamm","status":"publish","type":"page","link":"https:\/\/www.realtorscare.ca\/fr\/lorna-hamm\/","title":{"rendered":"Lorna Hamm, laur\u00e9ate du Prix canadien REALTORS Care\u00ae de 2022"},"content":{"rendered":"\n<p>L\u2019Association canadienne de l\u2019immeuble (ACI) est heureuse de d\u00e9cerner le Prix canadien REALTORS\u00a0Care\u00ae de\u00a02022, fi\u00e8rement pr\u00e9sent\u00e9 par REALTOR.ca, \u00e0 Lorna\u00a0Hamm, pour son engagement remarquable au sein de la collectivit\u00e9 de Calgary, en Alberta.<\/p>\n\n\n\n<iframe loading=\"lazy\" width=\"560\" height=\"315\" src=\"https:\/\/www.youtube.com\/embed\/CfOEk2lRkeE\" title=\"YouTube video player\" frameborder=\"0\" allow=\"accelerometer; autoplay; clipboard-write; encrypted-media; gyroscope; picture-in-picture\" allowfullscreen><\/iframe>\n\n\n\n<p>Cela fait plus de 50 ans que Lorna&nbsp;Hamm, agente immobili\u00e8re chez RE\/MAX Realty Professionals, contribue aux \u0153uvres de bienfaisance de la r\u00e9gion de Calgary. \u00c0 titre de pr\u00e9sidente de la Calgary Real Estate Board de&nbsp;2021, elle se fait \u00e9galement un devoir de soutenir la profession de courtier et d\u2019agent immobilier au Canada. <\/p>\n\n\n\n<p>Bien qu\u2019elle se soit consacr\u00e9e \u00e0 d\u2019innombrables associations caritatives locales, sa passion est de soutenir les organismes ax\u00e9s sur la sant\u00e9 et le bien-\u00eatre des enfants.<\/p>\n\n\n\n<p>La r\u00e9alisation dont elle est le plus fi\u00e8re est le travail qu\u2019elle a effectu\u00e9 aupr\u00e8s de la <a href=\"https:\/\/childrenscottage.ab.ca\/\" target=\"_blank\" rel=\"noreferrer noopener\" aria-label=\" (opens in a new tab)\">Children\u2019s Cottage Society<\/a>. Au cours des ann\u00e9es 1980, M<sup>me<\/sup>&nbsp;Hamm a aid\u00e9 \u00e0 mettre sur pied la Children\u2019s Cottage Crisis Nursery, un centre pour enfants en situation de crise, une toute premi\u00e8re au Canada. Le centre fournit un refuge \u00e0 court terme aux enfants dont la famille est en d\u00e9tresse et assure que les enfants sont \u00e0 l\u2019abri de n\u00e9gligence ou de dangers.<\/p>\n\n\n\n<p>Moins de 10 ans plus tard, la Calgary Home Builders\u2019 Association cherchait \u00e0 entreprendre un projet caritatif. Lorsqu\u2019on lui a demand\u00e9 de participer, M<sup>me<\/sup>&nbsp;Hamm a tout de suite eu l\u2019id\u00e9e de doter la Children\u2019s Cottage Society d\u2019un plus grand centre avec de meilleures installations.<\/p>\n\n\n\n<p>Le nouveau centre a ouvert ses portes en 1994, ce qui aurait \u00e9t\u00e9 impossible sans le coup d\u2019\u00e9paule de Lorna&nbsp;Hamm. \u00c0 ce jour, la Children\u2019s Cottage Society Crisis Nursery est venue en aide \u00e0 plus de 40&nbsp;000 enfants de la r\u00e9gion de Calgary.<\/p>\n\n\n\n<div class=\"wp-block-image\"><figure class=\"aligncenter\"><img loading=\"lazy\" decoding=\"async\" width=\"3526\" height=\"2328\" src=\"https:\/\/www.realtorscare.ca\/wp-content\/uploads\/2022\/03\/CCS2.jpg\" alt=\"\" class=\"wp-image-38479\" srcset=\"https:\/\/www.realtorscare.ca\/wp-content\/uploads\/2022\/03\/CCS2.jpg 3526w, https:\/\/www.realtorscare.ca\/wp-content\/uploads\/2022\/03\/CCS2-768x507.jpg 768w, https:\/\/www.realtorscare.ca\/wp-content\/uploads\/2022\/03\/CCS2-865x571.jpg 865w\" sizes=\"auto, (max-width: 3526px) 100vw, 3526px\" \/><\/figure><\/div>\n\n\n\n<p>Bien qu\u2019elle ait toujours \u00e9t\u00e9 une b\u00e9n\u00e9vole active sur le terrain, les plus grandes contributions de M<sup>me<\/sup>&nbsp;Hamm se situent au niveau de la mise sur pied de collectes de fonds innovantes, dont la quasi-totalit\u00e9 est destin\u00e9e aux organismes d\u2019aide aux enfants. <\/p>\n\n\n\n<p>Au cours de ses deux ann\u00e9es \u00e0 titre de pr\u00e9sidente du comit\u00e9 des tournois de golf caritatifs de la <a href=\"https:\/\/chascalgary.ca\/\" target=\"_blank\" rel=\"noreferrer noopener\" aria-label=\" (opens in a new tab)\">Children\u2019s Hospital Aid Society<\/a> (CHAS), plus de 500&nbsp;000&nbsp;$ ont \u00e9t\u00e9 amass\u00e9s pour soutenir des traitements qui ont transform\u00e9 la vie de patients de l\u2019Alberta Children\u2019s Hospital. <\/p>\n\n\n\n<p>\u00ab&nbsp;Elle a dirig\u00e9 tellement de projets, affirme Toshimi Sembo, sa coll\u00e8gue membre de la CHAS. Elle a amass\u00e9 des fonds pour diverses causes, comme l\u2019h\u00f4pital pour enfants, les \u00e9quipements arthroscopiques, le programme de th\u00e9rapie thermique LITT pour les personnes souffrant d\u2019\u00e9pilepsie et le programme d\u2019interface c\u00e9r\u00e9brale pour les enfants intelligents mais non verbaux.&nbsp;\u00bb<\/p>\n\n\n\n<p>Au cours de la pand\u00e9mie, M<sup>me<\/sup>&nbsp;Hamm a men\u00e9 une initiative pour que les citoyens puissent exprimer leur reconnaissance envers les infirmi\u00e8res, infirmiers et le personnel des unit\u00e9s de soins intensifs locales pour leur travail inlassable. M<sup>me<\/sup>&nbsp;Hamm et ses amis se sont donn\u00e9 l\u2019objectif de remercier 100 membres du personnel de sant\u00e9, et ont sollicit\u00e9 des dons aupr\u00e8s de leur vaste r\u00e9seau de contacts dans le but de pr\u00e9parer des petits colis de remerciements. En fin de compte, ils ont d\u00e9pass\u00e9 leur objectif et ont pu transmettre leurs remerciements \u00e0 plus de 600 professionnels de la sant\u00e9 travaillant aux premi\u00e8res lignes de la lutte contre la COVID-19 dans deux h\u00f4pitaux locaux.<\/p>\n\n\n\n<div class=\"wp-block-image\"><figure class=\"aligncenter\"><img loading=\"lazy\" decoding=\"async\" width=\"1280\" height=\"960\" src=\"https:\/\/www.realtorscare.ca\/wp-content\/uploads\/2022\/03\/ICU-Photo-1.jpg\" alt=\"\" class=\"wp-image-38481\" srcset=\"https:\/\/www.realtorscare.ca\/wp-content\/uploads\/2022\/03\/ICU-Photo-1.jpg 1280w, https:\/\/www.realtorscare.ca\/wp-content\/uploads\/2022\/03\/ICU-Photo-1-768x576.jpg 768w, https:\/\/www.realtorscare.ca\/wp-content\/uploads\/2022\/03\/ICU-Photo-1-761x571.jpg 761w\" sizes=\"auto, (max-width: 1280px) 100vw, 1280px\" \/><\/figure><\/div>\n\n\n\n<p>Selon M<sup>me<\/sup>&nbsp;Sembo&nbsp;:&nbsp;\u00ab&nbsp;Lorna est une influenceuse. \u00c0 travers ses actions, sa personnalit\u00e9 dynamique et son d\u00e9sir profond d\u2019aider les gens, elle exerce une influence sur plusieurs personnes de sa collectivit\u00e9. Par cons\u00e9quent, lorsque Lorna sollicite des dons, les gens savent que c\u2019est pour une bonne cause et qu\u2019elle veut sinc\u00e8rement soutenir cette organisation, et ils la soutiennent \u00e0 leur tour.&nbsp;\u00bb<\/p>\n\n\n\n<p>Bien que modeste, M<sup>me<\/sup>&nbsp;Hamm est tr\u00e8s fi\u00e8re de ses contributions \u00e0 long terme qu\u2019elle a eu sur la ville de Calgary. \u00ab&nbsp;J\u2019ai l\u2019impression qu\u2019une petite partie de mon c\u0153ur est dans tous ces projets, et lorsque je me prom\u00e8ne dans la ville et que je vois l\u2019un des b\u00e2timents ou services que j\u2019ai aid\u00e9 \u00e0 mettre sur pied, je suis tr\u00e8s fi\u00e8re de savoir que j\u2019y ai contribu\u00e9.&nbsp;\u00bb<\/p>\n\n\n\n<p>En l\u2019honneur de Lorna&nbsp;Hamm, l\u2019ACI a fait un don de 5&nbsp;000&nbsp;$ \u00e0 la Children\u2019s Hospital Aid Society. Consultez la <a href=\"https:\/\/www.realtorscare.ca\/fr\/a-propos-du-prix-canadien-realtors-care\/nos-candidats-de-2022\/\" target=\"_blank\" rel=\"noreferrer noopener\" aria-label=\"liste des 47 courtiers et agents immobiliers (opens in a new tab)\">liste des 47 courtiers et agents immobiliers<\/a> en lice pour le Prix canadien REALTORS Care\u00ae de&nbsp;2022.<\/p>\n","protected":false},"excerpt":{"rendered":"<p>L\u2019Association canadienne de l\u2019immeuble (ACI) est heureuse de d\u00e9cerner le Prix canadien REALTORS\u00a0Care\u00ae de\u00a02022, fi\u00e8rement pr\u00e9sent\u00e9 par REALTOR.ca, \u00e0 Lorna\u00a0Hamm, pour son engagement remarquable au sein de la collectivit\u00e9 de Calgary, en Alberta. Cela fait plus de 50 ans que Lorna&nbsp;Hamm, agente immobili\u00e8re chez RE\/MAX Realty Professionals, contribue aux \u0153uvres de bienfaisance de la r\u00e9gion &hellip; <a href=\"https:\/\/www.realtorscare.ca\/fr\/lorna-hamm\/\" class=\"more-link\">Continue reading <span class=\"screen-reader-text\">Lorna Hamm, laur\u00e9ate du Prix canadien REALTORS Care\u00ae de 2022<\/span><\/a><\/p>\n","protected":false},"author":123,"featured_media":38478,"parent":0,"menu_order":0,"comment_status":"closed","ping_status":"closed","template":"","meta":{"_acf_changed":false,"_editorskit_title_hidden":false,"_editorskit_reading_time":0,"_editorskit_is_block_options_detached":false,"_editorskit_block_options_position":"{}","footnotes":""},"class_list":["post-38487","page","type-page","status-publish","has-post-thumbnail","hentry"],"acf":[],"_links":{"self":[{"href":"https:\/\/www.realtorscare.ca\/fr\/wp-json\/wp\/v2\/pages\/38487","targetHints":{"allow":["GET"]}}],"collection":[{"href":"https:\/\/www.realtorscare.ca\/fr\/wp-json\/wp\/v2\/pages"}],"about":[{"href":"https:\/\/www.realtorscare.ca\/fr\/wp-json\/wp\/v2\/types\/page"}],"author":[{"embeddable":true,"href":"https:\/\/www.realtorscare.ca\/fr\/wp-json\/wp\/v2\/users\/123"}],"replies":[{"embeddable":true,"href":"https:\/\/www.realtorscare.ca\/fr\/wp-json\/wp\/v2\/comments?post=38487"}],"version-history":[{"count":8,"href":"https:\/\/www.realtorscare.ca\/fr\/wp-json\/wp\/v2\/pages\/38487\/revisions"}],"predecessor-version":[{"id":38501,"href":"https:\/\/www.realtorscare.ca\/fr\/wp-json\/wp\/v2\/pages\/38487\/revisions\/38501"}],"wp:featuredmedia":[{"embeddable":true,"href":"https:\/\/www.realtorscare.ca\/fr\/wp-json\/wp\/v2\/media\/38478"}],"wp:attachment":[{"href":"https:\/\/www.realtorscare.ca\/fr\/wp-json\/wp\/v2\/media?parent=38487"}],"curies":[{"name":"wp","href":"https:\/\/api.w.org\/{rel}","templated":true}]}}