{"id":39359,"date":"2023-04-13T10:50:54","date_gmt":"2023-04-13T14:50:54","guid":{"rendered":"https:\/\/www.realtorscare.ca\/?page_id=39359"},"modified":"2023-04-13T10:50:56","modified_gmt":"2023-04-13T14:50:56","slug":"nos-candidats-de-2023","status":"publish","type":"page","link":"https:\/\/www.realtorscare.ca\/fr\/a-propos-du-prix-canadien-realtors-care\/nos-candidats-de-2023\/","title":{"rendered":"Nos candidats de 2023"},"content":{"rendered":"<p>L\u2019Association canadienne de l\u2019immobilier f\u00e9licite chacun des 48&nbsp;courtiers et agents immobiliers d\u2019un bout \u00e0 l\u2019autre du Canada mis en candidature pour le <strong>Prix canadien REALTORS Care\u00ae&nbsp;de 2023, fi\u00e8rement pr\u00e9sent\u00e9 par REALTOR.ca.<\/strong> Tout au long de l\u2019ann\u00e9e, ces personnes choisissent d\u2019agir pour le bien de leur communaut\u00e9.<\/p>\n<ul>\n<li>Adam Murphy, Langley (Colombie-Britannique)<\/li>\n<li>Anne Hilliard, Alliston (Ontario)<\/li>\n<li>Bill Keay, Oakville (Ontario)<\/li>\n<li>Brandi Wolff, Westlock (Alberta)<\/li>\n<li>Brenda MacKenzie, Halifax (Nouvelle-\u00c9cosse)<\/li>\n<li>Brent Pay, Kelowna (Colombie-Britannique)<\/li>\n<li>Brett Wellman, Calgary (Alberta)<\/li>\n<li>Chase Siberry-Bennett, Hamilton (Ontario)<\/li>\n<li>Cheryl Bower, Toronto (Ontario)<\/li>\n<li>Chris Dunlop, Toronto (Ontario)<\/li>\n<li>Cindy Wood, Uxbridge (Ontario)<\/li>\n<li>Crystal Hung, Vancouver (Colombie-Britannique)<\/li>\n<li>Curtus Collins, Regina (Saskatchewan)<\/li>\n<li>Dale Devereaux, Red Deer (Alberta)<\/li>\n<li>Darin Schiller, Windsor (Ontario)<\/li>\n<li>Dave Neill, Guelph (Ontario)<\/li>\n<li>Emily Rawson, Fergus (Ontario)<\/li>\n<li>Filipe Ferreira, Toronto (Ontario)<\/li>\n<li>Gail Pennington, Toronto (Ontario)<\/li>\n<li>Gail Power, Kingston (Ontario)<\/li>\n<li>Geoff Pawson, St. Catharines (Ontario)<\/li>\n<li>Grace Kidd, Midland (Ontario)<\/li>\n<li>Jason Simard, Nanaimo (Colombie-Britannique)<\/li>\n<li>Jay Deakin, Pointe-Claire (Qu\u00e9bec)<\/li>\n<li>Jessica Dunn, Regina (Saskatchewan)<\/li>\n<li>John Stilinovic, Port Alberni (Colombie-Britannique)<\/li>\n<li>Leesa Vreugde, Courtenay (Colombie-Britannique)<\/li>\n<li>Li Song, Saint John (Nouveau-Brunswick)<\/li>\n<li>Linda Smardon, Dartmouth (Nouvelle-\u00c9cosse)<\/li>\n<li>Liz Polak, Oakville (Ontario)<\/li>\n<li>Lynn Vardy, Carleton Place (Ontario)<\/li>\n<li>Margaret Bowlen, Dartmouth (Nouvelle-\u00c9cosse)<\/li>\n<li>Mary Browne, Ottawa (Ontario)<\/li>\n<li>Mike Cowan, Trenton (Ontario)<\/li>\n<li>Mike Dirks, Vancouver (Colombie-Britannique)<\/li>\n<li>Nicole Hacault, Winnipeg (Manitoba)<\/li>\n<li>Rachel Hammer, Ottawa (Ontario)<\/li>\n<li>Rebecca Kopel, Toronto (Ontario)<\/li>\n<li>Rob Benneian, Windsor (Ontario)<\/li>\n<li>Rob Graves, Aylesford (Nouvelle-\u00c9cosse)<\/li>\n<li>Rose Iannacchino, Niagara Falls (Ontario)<\/li>\n<li>Russ Parry, Regina (Saskatchewan)<\/li>\n<li>Sam McDadi, Mississauga (Ontario)<\/li>\n<li>Steve Jelenic, Toronto (Ontario)<\/li>\n<li>Ted Boldt, St. Catharines (Ontario)<\/li>\n<li>V\u00e9ronique Babin, Montr\u00e9al (Qu\u00e9bec)<\/li>\n<li>Wasim Jarrah, Newmarket (Ontario)<\/li>\n<li>Wendy Ronberg, Carleton Place (Ontario)<\/li>\n<\/ul>\n","protected":false},"excerpt":{"rendered":"<p>L\u2019Association canadienne de l\u2019immobilier f\u00e9licite chacun des 48&nbsp;courtiers et agents immobiliers d\u2019un bout \u00e0 l\u2019autre du Canada mis en candidature pour le Prix canadien REALTORS Care\u00ae&nbsp;de 2023, fi\u00e8rement pr\u00e9sent\u00e9 par REALTOR.ca. Tout au long de l\u2019ann\u00e9e, ces personnes choisissent d\u2019agir pour le bien de leur communaut\u00e9. Adam Murphy, Langley (Colombie-Britannique) Anne Hilliard, Alliston (Ontario) Bill &hellip; <a href=\"https:\/\/www.realtorscare.ca\/fr\/a-propos-du-prix-canadien-realtors-care\/nos-candidats-de-2023\/\" class=\"more-link\">Continue reading <span class=\"screen-reader-text\">Nos candidats de 2023<\/span><\/a><\/p>\n","protected":false},"author":123,"featured_media":39357,"parent":34696,"menu_order":0,"comment_status":"closed","ping_status":"closed","template":"","meta":{"_acf_changed":false,"_editorskit_title_hidden":false,"_editorskit_reading_time":0,"_editorskit_is_block_options_detached":false,"_editorskit_block_options_position":"{}","footnotes":""},"class_list":["post-39359","page","type-page","status-publish","has-post-thumbnail","hentry"],"acf":[],"_links":{"self":[{"href":"https:\/\/www.realtorscare.ca\/fr\/wp-json\/wp\/v2\/pages\/39359","targetHints":{"allow":["GET"]}}],"collection":[{"href":"https:\/\/www.realtorscare.ca\/fr\/wp-json\/wp\/v2\/pages"}],"about":[{"href":"https:\/\/www.realtorscare.ca\/fr\/wp-json\/wp\/v2\/types\/page"}],"author":[{"embeddable":true,"href":"https:\/\/www.realtorscare.ca\/fr\/wp-json\/wp\/v2\/users\/123"}],"replies":[{"embeddable":true,"href":"https:\/\/www.realtorscare.ca\/fr\/wp-json\/wp\/v2\/comments?post=39359"}],"version-history":[{"count":2,"href":"https:\/\/www.realtorscare.ca\/fr\/wp-json\/wp\/v2\/pages\/39359\/revisions"}],"predecessor-version":[{"id":39361,"href":"https:\/\/www.realtorscare.ca\/fr\/wp-json\/wp\/v2\/pages\/39359\/revisions\/39361"}],"up":[{"embeddable":true,"href":"https:\/\/www.realtorscare.ca\/fr\/wp-json\/wp\/v2\/pages\/34696"}],"wp:featuredmedia":[{"embeddable":true,"href":"https:\/\/www.realtorscare.ca\/fr\/wp-json\/wp\/v2\/media\/39357"}],"wp:attachment":[{"href":"https:\/\/www.realtorscare.ca\/fr\/wp-json\/wp\/v2\/media?parent=39359"}],"curies":[{"name":"wp","href":"https:\/\/api.w.org\/{rel}","templated":true}]}}