{"id":39754,"date":"2023-09-07T11:54:40","date_gmt":"2023-09-07T15:54:40","guid":{"rendered":"https:\/\/www.realtorscare.ca\/?page_id=39754"},"modified":"2026-04-14T11:07:10","modified_gmt":"2026-04-14T15:07:10","slug":"rencontrez-nos-laureats","status":"publish","type":"page","link":"https:\/\/www.realtorscare.ca\/fr\/a-propos-du-prix-canadien-realtors-care\/rencontrez-nos-laureats\/","title":{"rendered":"D\u00e9couvrez nos laur\u00e9ats pr\u00e9c\u00e9dents"},"content":{"rendered":"\n<pre class=\"wp-block-code\"><code>&lt;iframe width=\"100%\" height=\"500\" src=\"https:\/\/www.youtube.com\/embed\/73O_YUdasOE?si=KpPY3RIdYNHnAdGL\" title=\"YouTube video player\" frameborder=\"0\" allow=\"accelerometer; autoplay; clipboard-write; encrypted-media; gyroscope; picture-in-picture; web-share\" referrerpolicy=\"strict-origin-when-cross-origin\" allowfullscreen>&lt;\/iframe><\/code><\/pre>\n\n\n\n<p>Depuis 2016, l\u2019ACI a remis le Prix canadien REALTORS Care\u00ae \u00e0 12 de ses membres dans cinq provinces. Tous les laur\u00e9ats ont laiss\u00e9 leur marque \u00e0 leur fa\u00e7on et incarnent pleinement l\u2019esprit du programme, gr\u00e2ce \u00e0 leur passion qui les pousse \u00e0 am\u00e9liorer la vie des membres de leur collectivit\u00e9.<\/p>\n\n\n\n<div class=\"wp-block-columns is-layout-flex wp-container-core-columns-is-layout-9d6595d7 wp-block-columns-is-layout-flex\">\n<div class=\"wp-block-column is-layout-flow wp-block-column-is-layout-flow\">\n<figure class=\"wp-block-image size-full wp-duotone-unset-1\"><img loading=\"lazy\" decoding=\"async\" width=\"1320\" height=\"880\" src=\"https:\/\/www.realtorscare.ca\/wp-content\/uploads\/2026\/04\/Sue-portrait-copy-scaled-e1776091464316.jpg\" alt=\"\" class=\"wp-image-44834\"\/><\/figure>\n\n\n\n<h2 class=\"wp-block-heading has-text-align-center\"><a href=\"https:\/\/www.realtorscare.ca\/fr\/sue-heddle\/\" data-type=\"page\" data-id=\"42573\" target=\"_blank\" rel=\"noreferrer noopener\">Sue Heddle d&rsquo;Oakville (2026)<\/a><\/h2>\n<\/div>\n\n\n\n<div class=\"wp-block-column is-layout-flow wp-block-column-is-layout-flow\">\n<figure class=\"wp-block-image size-full wp-duotone-unset-2\"><a href=\"https:\/\/www.realtorscare.ca\/fr\/kandice-henry\/\" target=\"_blank\" rel=\"noreferrer noopener\"><img loading=\"lazy\" decoding=\"async\" width=\"1320\" height=\"880\" src=\"https:\/\/www.realtorscare.ca\/wp-content\/uploads\/2025\/03\/Kandice-Henry-CRCA-Recipient-Page.png\" alt=\"\" class=\"wp-image-42550\" srcset=\"https:\/\/www.realtorscare.ca\/wp-content\/uploads\/2025\/03\/Kandice-Henry-CRCA-Recipient-Page.png 1320w, https:\/\/www.realtorscare.ca\/wp-content\/uploads\/2025\/03\/Kandice-Henry-CRCA-Recipient-Page-768x512.png 768w, https:\/\/www.realtorscare.ca\/wp-content\/uploads\/2025\/03\/Kandice-Henry-CRCA-Recipient-Page-857x571.png 857w\" sizes=\"auto, (max-width: 1320px) 100vw, 1320px\" \/><\/a><\/figure>\n\n\n\n<h2 class=\"wp-block-heading has-text-align-center\"><a href=\"https:\/\/www.realtorscare.ca\/fr\/kandice-henry\/\" data-type=\"page\" data-id=\"42573\" target=\"_blank\" rel=\"noreferrer noopener\">Kandice Henry de Brampton (2025)<\/a><\/h2>\n<\/div>\n<\/div>\n\n\n\n<div class=\"wp-block-columns is-layout-flex wp-container-core-columns-is-layout-9d6595d7 wp-block-columns-is-layout-flex\">\n<div class=\"wp-block-column is-layout-flow wp-block-column-is-layout-flow\">\n<figure class=\"wp-block-image size-full wp-duotone-unset-3\"><a href=\"https:\/\/www.realtorscare.ca\/fr\/a-propos-du-prix-canadien-realtors-care\/kelly-byers\/\" target=\"_blank\" rel=\"noreferrer noopener\"><img loading=\"lazy\" decoding=\"async\" width=\"2560\" height=\"1703\" src=\"https:\/\/www.realtorscare.ca\/wp-content\/uploads\/2024\/04\/kelly-portrait-new-scaled.jpg\" alt=\"Kelly Byers\" class=\"wp-image-41225\" srcset=\"https:\/\/www.realtorscare.ca\/wp-content\/uploads\/2024\/04\/kelly-portrait-new-scaled.jpg 2560w, https:\/\/www.realtorscare.ca\/wp-content\/uploads\/2024\/04\/kelly-portrait-new-768x511.jpg 768w, https:\/\/www.realtorscare.ca\/wp-content\/uploads\/2024\/04\/kelly-portrait-new-1536x1022.jpg 1536w, https:\/\/www.realtorscare.ca\/wp-content\/uploads\/2024\/04\/kelly-portrait-new-2048x1363.jpg 2048w, https:\/\/www.realtorscare.ca\/wp-content\/uploads\/2024\/04\/kelly-portrait-new-858x571.jpg 858w\" sizes=\"auto, (max-width: 2560px) 100vw, 2560px\" \/><\/a><\/figure>\n\n\n\n<h2 class=\"wp-block-heading has-text-align-center\"><a href=\"https:\/\/www.realtorscare.ca\/fr\/a-propos-du-prix-canadien-realtors-care\/kelly-byers\/\" target=\"_blank\" aria-label=\"Kelly Byers de Woodstock (2024) (opens in a new tab)\" rel=\"noreferrer noopener\" class=\"ek-link\">Kelly Byers de Woodstock (2024)<\/a><\/h2>\n<\/div>\n\n\n\n<div class=\"wp-block-column is-layout-flow wp-block-column-is-layout-flow\">\n<figure class=\"wp-block-image size-full wp-duotone-unset-4\"><a href=\"https:\/\/www.realtorscare.ca\/fr\/dale-devereaux\/\" target=\"_blank\" rel=\"noreferrer noopener\"><img loading=\"lazy\" decoding=\"async\" width=\"1320\" height=\"880\" src=\"https:\/\/www.realtorscare.ca\/wp-content\/uploads\/2023\/09\/Dale-Deveraux.png\" alt=\"\" class=\"wp-image-39828\" srcset=\"https:\/\/www.realtorscare.ca\/wp-content\/uploads\/2023\/09\/Dale-Deveraux.png 1320w, https:\/\/www.realtorscare.ca\/wp-content\/uploads\/2023\/09\/Dale-Deveraux-768x512.png 768w, https:\/\/www.realtorscare.ca\/wp-content\/uploads\/2023\/09\/Dale-Deveraux-857x571.png 857w\" sizes=\"auto, (max-width: 1320px) 100vw, 1320px\" \/><\/a><\/figure>\n\n\n\n<h2 class=\"wp-block-heading has-text-align-center\"><a href=\"https:\/\/www.realtorscare.ca\/fr\/dale-devereaux\/\" target=\"_blank\" aria-label=\" (opens in a new tab)\" rel=\"noreferrer noopener\" class=\"ek-link\">Dale Devereaux de Red Deer (2023)<\/a><\/h2>\n<\/div>\n<\/div>\n\n\n\n<div class=\"wp-block-columns is-layout-flex wp-container-core-columns-is-layout-9d6595d7 wp-block-columns-is-layout-flex\">\n<div class=\"wp-block-column is-layout-flow wp-block-column-is-layout-flow\">\n<figure class=\"wp-block-image size-full\"><a href=\"https:\/\/www.realtorscare.ca\/fr\/lorna-hamm\/\" target=\"_blank\" rel=\"noreferrer noopener\"><img loading=\"lazy\" decoding=\"async\" width=\"1320\" height=\"880\" src=\"https:\/\/www.realtorscare.ca\/wp-content\/uploads\/2023\/09\/Lorna-Hamm.png\" alt=\"\" class=\"wp-image-39830\" srcset=\"https:\/\/www.realtorscare.ca\/wp-content\/uploads\/2023\/09\/Lorna-Hamm.png 1320w, https:\/\/www.realtorscare.ca\/wp-content\/uploads\/2023\/09\/Lorna-Hamm-768x512.png 768w, https:\/\/www.realtorscare.ca\/wp-content\/uploads\/2023\/09\/Lorna-Hamm-857x571.png 857w\" sizes=\"auto, (max-width: 1320px) 100vw, 1320px\" \/><\/a><\/figure>\n\n\n\n<h2 class=\"wp-block-heading has-text-align-center\"><a aria-label=\" (opens in a new tab)\" href=\"https:\/\/www.realtorscare.ca\/fr\/lorna-hamm\/\" target=\"_blank\" rel=\"noreferrer noopener\" class=\"ek-link\">Lorna Hamm de Calgary (2022)<\/a><\/h2>\n<\/div>\n\n\n\n<div class=\"wp-block-column is-layout-flow wp-block-column-is-layout-flow\">\n<figure class=\"wp-block-image size-full\"><a href=\"https:\/\/www.realtorscare.ca\/fr\/gregg-bamford\/\" target=\"_blank\" rel=\"noreferrer noopener\"><img loading=\"lazy\" decoding=\"async\" width=\"1320\" height=\"880\" src=\"https:\/\/www.realtorscare.ca\/wp-content\/uploads\/2023\/09\/Gregg-Bamford.png\" alt=\"\" class=\"wp-image-39832\" srcset=\"https:\/\/www.realtorscare.ca\/wp-content\/uploads\/2023\/09\/Gregg-Bamford.png 1320w, https:\/\/www.realtorscare.ca\/wp-content\/uploads\/2023\/09\/Gregg-Bamford-768x512.png 768w, https:\/\/www.realtorscare.ca\/wp-content\/uploads\/2023\/09\/Gregg-Bamford-857x571.png 857w\" sizes=\"auto, (max-width: 1320px) 100vw, 1320px\" \/><\/a><\/figure>\n\n\n\n<h2 class=\"wp-block-heading has-text-align-center\"><a href=\"https:\/\/www.realtorscare.ca\/fr\/gregg-bamford\/\" target=\"_blank\" aria-label=\" (opens in a new tab)\" rel=\"noreferrer noopener\" class=\"ek-link\">Gregg Bamford de Saskatoon (2021)<\/a><\/h2>\n<\/div>\n<\/div>\n\n\n\n<div class=\"wp-block-columns is-layout-flex wp-container-core-columns-is-layout-9d6595d7 wp-block-columns-is-layout-flex\">\n<div class=\"wp-block-column is-layout-flow wp-block-column-is-layout-flow\">\n<figure class=\"wp-block-image size-full is-style-default\"><a href=\"https:\/\/www.realtorscare.ca\/fr\/a-propos-du-prix-canadien-realtors-care\/rencontrez-nos-laureats\/ron-antalek\/\" target=\"_blank\" rel=\"noreferrer noopener\"><img loading=\"lazy\" decoding=\"async\" width=\"1320\" height=\"880\" src=\"https:\/\/www.realtorscare.ca\/wp-content\/uploads\/2023\/09\/Ron-Antalek-1.png\" alt=\"\" class=\"wp-image-39851\" srcset=\"https:\/\/www.realtorscare.ca\/wp-content\/uploads\/2023\/09\/Ron-Antalek-1.png 1320w, https:\/\/www.realtorscare.ca\/wp-content\/uploads\/2023\/09\/Ron-Antalek-1-768x512.png 768w, https:\/\/www.realtorscare.ca\/wp-content\/uploads\/2023\/09\/Ron-Antalek-1-857x571.png 857w\" sizes=\"auto, (max-width: 1320px) 100vw, 1320px\" \/><\/a><\/figure>\n\n\n\n<h2 class=\"wp-block-heading has-text-align-center\"><a aria-label=\" (opens in a new tab)\" href=\"https:\/\/www.realtorscare.ca\/fr\/a-propos-du-prix-canadien-realtors-care\/rencontrez-nos-laureats\/ron-antalek\/\" target=\"_blank\" rel=\"noreferrer noopener\" class=\"ek-link\">Ron Antalek de Maple Ridge (2020)<\/a><\/h2>\n<\/div>\n\n\n\n<div class=\"wp-block-column is-layout-flow wp-block-column-is-layout-flow\">\n<figure class=\"wp-block-image size-full\"><a href=\"https:\/\/www.realtorscare.ca\/fr\/a-propos-du-prix-canadien-realtors-care\/rencontrez-nos-laureats\/geoff-et-regan-archambault\/\" target=\"_blank\" rel=\"noreferrer noopener\"><img loading=\"lazy\" decoding=\"async\" width=\"1320\" height=\"880\" src=\"https:\/\/www.realtorscare.ca\/wp-content\/uploads\/2023\/09\/Geoff-and-Regan-Archambault-3.png\" alt=\"\" class=\"wp-image-39843\" srcset=\"https:\/\/www.realtorscare.ca\/wp-content\/uploads\/2023\/09\/Geoff-and-Regan-Archambault-3.png 1320w, https:\/\/www.realtorscare.ca\/wp-content\/uploads\/2023\/09\/Geoff-and-Regan-Archambault-3-768x512.png 768w, https:\/\/www.realtorscare.ca\/wp-content\/uploads\/2023\/09\/Geoff-and-Regan-Archambault-3-857x571.png 857w\" sizes=\"auto, (max-width: 1320px) 100vw, 1320px\" \/><\/a><\/figure>\n\n\n\n<h2 class=\"wp-block-heading has-text-align-center\"><a aria-label=\" (opens in a new tab)\" href=\"https:\/\/www.realtorscare.ca\/fr\/a-propos-du-prix-canadien-realtors-care\/rencontrez-nos-laureats\/geoff-et-regan-archambault\/\" target=\"_blank\" rel=\"noreferrer noopener\" class=\"ek-link\">Geoff et Regan Archambault de Winnipeg (2019)<\/a><\/h2>\n<\/div>\n<\/div>\n\n\n\n<div class=\"wp-block-columns is-layout-flex wp-container-core-columns-is-layout-9d6595d7 wp-block-columns-is-layout-flex\">\n<div class=\"wp-block-column is-layout-flow wp-block-column-is-layout-flow\">\n<figure class=\"wp-block-image size-full\"><a href=\"https:\/\/www.realtorscare.ca\/fr\/a-propos-du-prix-canadien-realtors-care\/rencontrez-nos-laureats\/carolyn-swinson\/\" target=\"_blank\" rel=\"noreferrer noopener\"><img loading=\"lazy\" decoding=\"async\" width=\"1320\" height=\"880\" src=\"https:\/\/www.realtorscare.ca\/wp-content\/uploads\/2023\/09\/Carolyn-Swinson.png\" alt=\"\" class=\"wp-image-39845\" srcset=\"https:\/\/www.realtorscare.ca\/wp-content\/uploads\/2023\/09\/Carolyn-Swinson.png 1320w, https:\/\/www.realtorscare.ca\/wp-content\/uploads\/2023\/09\/Carolyn-Swinson-768x512.png 768w, https:\/\/www.realtorscare.ca\/wp-content\/uploads\/2023\/09\/Carolyn-Swinson-857x571.png 857w\" sizes=\"auto, (max-width: 1320px) 100vw, 1320px\" \/><\/a><\/figure>\n\n\n\n<h2 class=\"wp-block-heading has-text-align-center\"><a aria-label=\" (opens in a new tab)\" href=\"https:\/\/www.realtorscare.ca\/fr\/a-propos-du-prix-canadien-realtors-care\/rencontrez-nos-laureats\/carolyn-swinson\/\" target=\"_blank\" rel=\"noreferrer noopener\" class=\"ek-link\">Carolyn Swinson de Toronto (2018)<\/a><\/h2>\n<\/div>\n\n\n\n<div class=\"wp-block-column is-layout-flow wp-block-column-is-layout-flow\">\n<figure class=\"wp-block-image size-full\"><a href=\"https:\/\/www.realtorscare.ca\/fr\/a-propos-du-prix-canadien-realtors-care\/rencontrez-nos-laureats\/laura-leah-shaw\/\" target=\"_blank\" rel=\"noreferrer noopener\"><img loading=\"lazy\" decoding=\"async\" width=\"1320\" height=\"880\" src=\"https:\/\/www.realtorscare.ca\/wp-content\/uploads\/2023\/09\/Laura-Leah-Shaw.png\" alt=\"\" class=\"wp-image-39847\" srcset=\"https:\/\/www.realtorscare.ca\/wp-content\/uploads\/2023\/09\/Laura-Leah-Shaw.png 1320w, https:\/\/www.realtorscare.ca\/wp-content\/uploads\/2023\/09\/Laura-Leah-Shaw-768x512.png 768w, https:\/\/www.realtorscare.ca\/wp-content\/uploads\/2023\/09\/Laura-Leah-Shaw-857x571.png 857w\" sizes=\"auto, (max-width: 1320px) 100vw, 1320px\" \/><\/a><\/figure>\n\n\n\n<h2 class=\"wp-block-heading has-text-align-center\"><a aria-label=\" (opens in a new tab)\" href=\"https:\/\/www.realtorscare.ca\/fr\/a-propos-du-prix-canadien-realtors-care\/rencontrez-nos-laureats\/laura-leah-shaw\/\" target=\"_blank\" rel=\"noreferrer noopener\" class=\"ek-link\">Laura-Leah Shaw de Vancouver (2017)<\/a><\/h2>\n<\/div>\n<\/div>\n\n\n\n<div class=\"wp-block-columns is-layout-flex wp-container-core-columns-is-layout-9d6595d7 wp-block-columns-is-layout-flex\">\n<div class=\"wp-block-column is-layout-flow wp-block-column-is-layout-flow\">\n<figure class=\"wp-block-image size-full\"><a href=\"https:\/\/www.realtorscare.ca\/fr\/a-propos-du-prix-canadien-realtors-care\/rencontrez-nos-laureats-old\/vince-mirabelli\/\" target=\"_blank\" rel=\"noreferrer noopener\"><img loading=\"lazy\" decoding=\"async\" width=\"1320\" height=\"880\" src=\"https:\/\/www.realtorscare.ca\/wp-content\/uploads\/2023\/09\/Vince-Mirabelli.png\" alt=\"\" class=\"wp-image-39849\" srcset=\"https:\/\/www.realtorscare.ca\/wp-content\/uploads\/2023\/09\/Vince-Mirabelli.png 1320w, https:\/\/www.realtorscare.ca\/wp-content\/uploads\/2023\/09\/Vince-Mirabelli-768x512.png 768w, https:\/\/www.realtorscare.ca\/wp-content\/uploads\/2023\/09\/Vince-Mirabelli-857x571.png 857w\" sizes=\"auto, (max-width: 1320px) 100vw, 1320px\" \/><\/a><\/figure>\n\n\n\n<h2 class=\"wp-block-heading has-text-align-center\"><a href=\"https:\/\/www.realtorscare.ca\/fr\/a-propos-du-prix-canadien-realtors-care\/rencontrez-nos-laureats\/vince-mirabelli\/\" target=\"_blank\" aria-label=\" (opens in a new tab)\" rel=\"noreferrer noopener\" class=\"ek-link\">Vince Mirabelli de Thunder Bay (2016)<\/a><\/h2>\n<\/div>\n\n\n\n<div class=\"wp-block-column is-layout-flow wp-block-column-is-layout-flow\"><\/div>\n<\/div>\n\n\n\n<hr class=\"wp-block-separator has-alpha-channel-opacity\"\/>\n\n\n\n<div class=\"wp-block-columns is-layout-flex wp-container-core-columns-is-layout-9d6595d7 wp-block-columns-is-layout-flex\">\n<div class=\"wp-block-column is-layout-flow wp-block-column-is-layout-flow\" style=\"flex-basis:33.33%\">\n<figure class=\"wp-block-image size-full\"><a href=\"https:\/\/www.realtor.ca\/fr\" target=\"_blank\" rel=\"noreferrer noopener\"><img loading=\"lazy\" decoding=\"async\" width=\"667\" height=\"235\" src=\"https:\/\/www.realtorscare.ca\/wp-content\/uploads\/2022\/09\/REALTOR.ca-Red-Logo.png\" alt=\"REALTOR.ca\" class=\"wp-image-38785\" title=\"REALTOR.ca Logo\"\/><\/a><\/figure>\n<\/div>\n\n\n\n<div class=\"wp-block-column is-layout-flow wp-block-column-is-layout-flow\" style=\"flex-basis:66.66%\">\n<h2 class=\"wp-block-heading\">Merci au commanditaire de notre prix de&nbsp;2026<\/h2>\n\n\n\n<p>Le Prix canadien REALTORS&nbsp;Care\u00ae de&nbsp;2026 est fi\u00e8rement pr\u00e9sent\u00e9 par REALTOR.ca, la plateforme immobili\u00e8re la plus populaire au Canada.<\/p>\n<\/div>\n<\/div>\n\n\n\n<p>REALTOR\u00ae. Membre de L\u2019Association canadienne de&nbsp;l\u2019immobilier (ACI), et plus encore.<\/p>\n","protected":false},"excerpt":{"rendered":"<p>Depuis 2016, l\u2019ACI a remis le Prix canadien REALTORS Care\u00ae \u00e0 12 de ses membres dans cinq provinces. Tous les laur\u00e9ats ont laiss\u00e9 leur marque \u00e0 leur fa\u00e7on et incarnent pleinement l\u2019esprit du programme, gr\u00e2ce \u00e0 leur passion qui les pousse \u00e0 am\u00e9liorer la vie des membres de leur collectivit\u00e9. Sue Heddle d&rsquo;Oakville (2026) Kandice &hellip; <a href=\"https:\/\/www.realtorscare.ca\/fr\/a-propos-du-prix-canadien-realtors-care\/rencontrez-nos-laureats\/\" class=\"more-link\">Continue reading <span class=\"screen-reader-text\">D\u00e9couvrez nos laur\u00e9ats pr\u00e9c\u00e9dents<\/span><\/a><\/p>\n","protected":false},"author":125,"featured_media":0,"parent":34696,"menu_order":0,"comment_status":"closed","ping_status":"closed","template":"","meta":{"_acf_changed":false,"_editorskit_title_hidden":false,"_editorskit_reading_time":0,"_editorskit_is_block_options_detached":false,"_editorskit_block_options_position":"{}","footnotes":""},"class_list":["post-39754","page","type-page","status-publish","hentry"],"acf":[],"_links":{"self":[{"href":"https:\/\/www.realtorscare.ca\/fr\/wp-json\/wp\/v2\/pages\/39754","targetHints":{"allow":["GET"]}}],"collection":[{"href":"https:\/\/www.realtorscare.ca\/fr\/wp-json\/wp\/v2\/pages"}],"about":[{"href":"https:\/\/www.realtorscare.ca\/fr\/wp-json\/wp\/v2\/types\/page"}],"author":[{"embeddable":true,"href":"https:\/\/www.realtorscare.ca\/fr\/wp-json\/wp\/v2\/users\/125"}],"replies":[{"embeddable":true,"href":"https:\/\/www.realtorscare.ca\/fr\/wp-json\/wp\/v2\/comments?post=39754"}],"version-history":[{"count":26,"href":"https:\/\/www.realtorscare.ca\/fr\/wp-json\/wp\/v2\/pages\/39754\/revisions"}],"predecessor-version":[{"id":44862,"href":"https:\/\/www.realtorscare.ca\/fr\/wp-json\/wp\/v2\/pages\/39754\/revisions\/44862"}],"up":[{"embeddable":true,"href":"https:\/\/www.realtorscare.ca\/fr\/wp-json\/wp\/v2\/pages\/34696"}],"wp:attachment":[{"href":"https:\/\/www.realtorscare.ca\/fr\/wp-json\/wp\/v2\/media?parent=39754"}],"curies":[{"name":"wp","href":"https:\/\/api.w.org\/{rel}","templated":true}]}}