{"id":42573,"date":"2025-04-08T09:41:16","date_gmt":"2025-04-08T13:41:16","guid":{"rendered":"https:\/\/www.realtorscare.ca\/?page_id=42573"},"modified":"2025-08-22T17:29:15","modified_gmt":"2025-08-22T21:29:15","slug":"kandice-henry","status":"publish","type":"page","link":"https:\/\/www.realtorscare.ca\/fr\/kandice-henry\/","title":{"rendered":"Kandice\u00a0Henry re\u00e7oit le Prix canadien REALTORS\u00a0Care\u00ae de 2025"},"content":{"rendered":"\n<p>L\u2019Association canadienne de l\u2019immobilier (ACI) est heureuse de d\u00e9cerner le Prix canadien REALTORS Care\u00ae de 2025, fi\u00e8rement pr\u00e9sent\u00e9 par REALTOR.ca, \u00e0 <a href=\"https:\/\/www.realtor.ca\/courtier-immobilier\/1981681\/kandice-henry-30-eglinton-ave-w-c12-mississauga-ontario-l5r3e7\" target=\"_blank\" rel=\"noreferrer noopener\">Kandice Henry, de Brampton, en Ontario<\/a>, pour son d\u00e9vouement \u00e0 am\u00e9liorer la vie des jeunes marginalis\u00e9s de la r\u00e9gion du Grand Toronto.<\/p>\n\n\n\n<pre class=\"wp-block-code\"><code>&lt;iframe width=\"100%\" height=\"385\" src=\"https:\/\/www.youtube.com\/embed\/WQznHvRqdiM?si=SQUq4rl6iaBY6kW-\" title=\"YouTube video player\" frameborder=\"0\" allow=\"accelerometer; autoplay; clipboard-write; encrypted-media; gyroscope; picture-in-picture; web-share\" referrerpolicy=\"strict-origin-when-cross-origin\" allowfullscreen&gt;&lt;\/iframe&gt;<\/code><\/pre>\n\n\n\n<p>Lorsqu\u2019elle n\u2019est pas au service de ses clients en tant qu\u2019agente immobili\u00e8re chez iCloud Realty Ltd, Kandice Henry donne en retour \u00e0 titre de fondatrice de Shining Lighte Youth Charity, o\u00f9 elle cr\u00e9e des espaces pour les jeunes d\u00e9favoris\u00e9s afin qu\u2019ils apprennent \u00e0 mieux se conna\u00eetre et qu\u2019ils prennent confiance en leurs capacit\u00e9s.<\/p>\n\n\n\n<p>\u00ab Cela me fait vraiment chaud au c\u0153ur de voir mes efforts prendre vie, parce que la boucle est boucl\u00e9e pour moi, dit Mme Henry. J\u2019essaie d\u2019aider les jeunes qui sont dans des situations, des quartiers et des endroits mal desservis, car je viens de ce genre de milieu. \u00bb<\/p>\n\n\n\n<p>En grandissant, Kandice s\u2019est rapidement impliqu\u00e9e dans la lutte contre les injustices. Selon sa tante, Sue Botelho, la passion de Kandice s\u2019est \u00e9veill\u00e9e lors d\u2019un \u00e9v\u00e9nement c\u00e9l\u00e9brant le Mois de l\u2019histoire des Noirs, alors qu\u2019elle accompagnait sa tante \u00e0 l\u2019\u00e2ge de sept ans. Apr\u00e8s avoir entendu des conf\u00e9renciers dans un auditorium rempli d\u2019adultes, Kandice a pris l\u2019initiative de se rendre au micro et de demander \u00e0 la salle s\u2019il y avait des programmes \u00e0 Toronto pour permettre aux jeunes comme elle de se sentir plus inclus dans la communaut\u00e9. Elle a poursuivi ce parcours pendant ses \u00e9tudes universitaires en faisant du b\u00e9n\u00e9volat dans les syst\u00e8mes de justice et des services sociaux, ce qui lui a permis de mieux comprendre les difficult\u00e9s des communaut\u00e9s mal desservies.<\/p>\n\n\n\n<blockquote class=\"wp-block-quote is-layout-flow wp-block-quote-is-layout-flow\">\n<p>Cela me fait vraiment chaud au c\u0153ur de voir mes efforts prendre vie, parce que la boucle est boucl\u00e9e pour moi<\/p>\n<\/blockquote>\n\n\n\n<p>Alors qu\u2019elle b\u00e2tissait sa carri\u00e8re en immobilier, elle a \u00e9t\u00e9 sollicit\u00e9e pour participer \u00e0 la cr\u00e9ation de la LIFE Foundation pour aider les jeunes \u00e0 risque par le biais de l\u2019\u00e9ducation. Elle a pass\u00e9 10 ans au sein de l\u2019organisation, en tant que vice-pr\u00e9sidente, et en perfectionnant ses comp\u00e9tences en tant que dirigeante d\u2019une organisation caritative. Au cours de cette p\u00e9riode, elle a dirig\u00e9 les efforts visant \u00e0 \u00e9tablir des programmes coh\u00e9rents et \u00e0 obtenir le statut d\u2019organisme de bienfaisance enregistr\u00e9 pour l\u2019organisation.<\/p>\n\n\n\n<p>Apr\u00e8s un voyage transformateur en Afrique, Kandice \u00e9tait d\u00e9termin\u00e9e \u00e0 approfondir son engagement en faveur des jeunes mal desservis et a donc cr\u00e9\u00e9 l\u2019organisation Shining Lighte Youth Charity. Lighte, qui signifie Leaders in Generational Healing Through Empowerment and Education, guide la mission de l\u2019organisation. \u00ab Nous cherchons \u00e0 gu\u00e9rir de fa\u00e7on holistique, en tenant compte de l\u2019esprit, du corps et de l\u2019\u00e2me. Nous voulons sensibiliser les gens et les habiliter \u00e0 promouvoir ce genre de gu\u00e9rison \u00bb, explique Mme Henry.<\/p>\n\n\n\n<figure class=\"wp-block-image size-full\"><img loading=\"lazy\" decoding=\"async\" width=\"2560\" height=\"1706\" src=\"https:\/\/www.realtorscare.ca\/wp-content\/uploads\/2025\/03\/DSC4125-scaled.jpg\" alt=\"Kandice se tient souriante derri\u00e8re un groupe d'enfants participant \u00e0 un programme Shining Lighte Youth.\" class=\"wp-image-42537\" srcset=\"https:\/\/www.realtorscare.ca\/wp-content\/uploads\/2025\/03\/DSC4125-scaled.jpg 2560w, https:\/\/www.realtorscare.ca\/wp-content\/uploads\/2025\/03\/DSC4125-768x512.jpg 768w, https:\/\/www.realtorscare.ca\/wp-content\/uploads\/2025\/03\/DSC4125-1536x1024.jpg 1536w, https:\/\/www.realtorscare.ca\/wp-content\/uploads\/2025\/03\/DSC4125-2048x1365.jpg 2048w, https:\/\/www.realtorscare.ca\/wp-content\/uploads\/2025\/03\/DSC4125-857x571.jpg 857w\" sizes=\"auto, (max-width: 2560px) 100vw, 2560px\" \/><\/figure>\n\n\n\n<p>Gr\u00e2ce \u00e0 un ensemble de programmes, d\u2019\u00e9v\u00e9nements, d\u2019initiatives et d\u2019ateliers, Kandice esp\u00e8re que les efforts de Shining Lighte Youth Charity montreront aux jeunes que, peu importe leur situation, ils peuvent cr\u00e9er l\u2019avenir dont ils r\u00eavent. Elle consacre d\u2019innombrables heures \u00e0 l\u2019\u00e9laboration de programmes et \u00e0 l\u2019organisation au sein de la communaut\u00e9 pour que cela devienne une r\u00e9alit\u00e9.<\/p>\n\n\n\n<p>Le programme de halte-accueil pour les jeunes, qui propose des activit\u00e9s amusantes et \u00e9ducatives ainsi que du tutorat, offre aux enfants \u00e2g\u00e9s de 6 \u00e0 12 ans la possibilit\u00e9 de prendre confiance en eux tout en s\u2019amusant. Le programme Literacy Life Skills offre aux \u00e9l\u00e8ves du secondaire un environnement s\u00fbr et accueillant qui leur permet d\u2019acqu\u00e9rir des comp\u00e9tences importantes pour leur croissance, tant sur le plan acad\u00e9mique que personnel.<\/p>\n\n\n\n<p>\u00ab Ce qui est le plus important pour moi, honn\u00eatement, c\u2019est que les jeunes qui participent aux s\u00e9ances passent un bon moment, a d\u00e9clar\u00e9 Mme Henry. Certains de ces enfants viennent de foyers ou de situations o\u00f9 ils ne peuvent pas \u00eatre heureux, o\u00f9 ils ne peuvent pas profiter des choses. \u00bb<\/p>\n\n\n\n<figure class=\"wp-block-image size-full\"><img loading=\"lazy\" decoding=\"async\" width=\"1170\" height=\"711\" src=\"https:\/\/www.realtorscare.ca\/wp-content\/uploads\/2025\/03\/Kandice-Henry-1st-picture-charity-work-for-Cdn-Realtors-Award-2025.jpg\" alt=\"Kandice est photographi\u00e9e avec un groupe du \u00ab Healing Humanity Festival \u00bb, qui cherche \u00e0 montrer au monde comment la culture afro-carib\u00e9enne gu\u00e9rit.\" class=\"wp-image-42539\" srcset=\"https:\/\/www.realtorscare.ca\/wp-content\/uploads\/2025\/03\/Kandice-Henry-1st-picture-charity-work-for-Cdn-Realtors-Award-2025.jpg 1170w, https:\/\/www.realtorscare.ca\/wp-content\/uploads\/2025\/03\/Kandice-Henry-1st-picture-charity-work-for-Cdn-Realtors-Award-2025-768x467.jpg 768w, https:\/\/www.realtorscare.ca\/wp-content\/uploads\/2025\/03\/Kandice-Henry-1st-picture-charity-work-for-Cdn-Realtors-Award-2025-940x571.jpg 940w\" sizes=\"auto, (max-width: 1170px) 100vw, 1170px\" \/><\/figure>\n\n\n\n<p>Le programme de trois mois Regenerating Our Roots, qui fait \u00e9galement partie des programmes offerts, est bas\u00e9 sur l\u2019amour de soi et la lutte contre le racisme. Il met en lumi\u00e8re les aspects positifs de la communaut\u00e9 afrodescendante tout en enseignant aux jeunes les barri\u00e8res raciales et les tactiques pour les surmonter, ce qui leur permet de faire preuve d\u2019une plus grande r\u00e9silience et d\u2019un sentiment renouvel\u00e9 d\u2019estime de soi.<\/p>\n\n\n\n<p>Lorsqu\u2019elle n\u2019est pas en train de planifier ou d\u2019offrir elle-m\u00eame un programme, Kandice et l\u2019\u00e9quipe de Shining Lighte cherchent \u00e9galement \u00e0 rassembler des communaut\u00e9s enti\u00e8res pour cr\u00e9er des espaces o\u00f9 chacun peut s\u2019\u00e9panouir. Chaque ann\u00e9e, ils organisent le Healing Humanity Festival, qui vise \u00e0 montrer au monde comment la culture afro-carib\u00e9enne gu\u00e9rit. Elle a \u00e9galement lanc\u00e9 l\u2019initiative Unity in the Community, qui met en lumi\u00e8re et finance d\u2019autres organisations de m\u00eame sensibilit\u00e9 dans la r\u00e9gion du Grand Toronto, dans l\u2019espoir de travailler ensemble pour mieux servir les nombreux jeunes d\u00e9favoris\u00e9s dans le besoin.<\/p>\n\n\n\n<figure class=\"wp-block-image size-full\"><img loading=\"lazy\" decoding=\"async\" width=\"1430\" height=\"953\" src=\"https:\/\/www.realtorscare.ca\/wp-content\/uploads\/2025\/04\/SLYC-Cheque-Presentation.jpg\" alt=\"Kandice se tient aux c\u00f4t\u00e9s du directeur g\u00e9n\u00e9ral de la Fondation Harris Brand, tenant un don important \u00e0 son organisation.\" class=\"wp-image-42574\" srcset=\"https:\/\/www.realtorscare.ca\/wp-content\/uploads\/2025\/04\/SLYC-Cheque-Presentation.jpg 1430w, https:\/\/www.realtorscare.ca\/wp-content\/uploads\/2025\/04\/SLYC-Cheque-Presentation-768x512.jpg 768w, https:\/\/www.realtorscare.ca\/wp-content\/uploads\/2025\/04\/SLYC-Cheque-Presentation-857x571.jpg 857w\" sizes=\"auto, (max-width: 1430px) 100vw, 1430px\" \/><\/figure>\n\n\n\n<p>Bien que le double r\u00f4le de courti\u00e8re immobili\u00e8re et de dirigeante d\u2019une organisation caritative occupe Kandice Henry plus que la plupart des gens, elle est d\u00e9termin\u00e9e \u00e0 mettre en lumi\u00e8re le potentiel des jeunes qu\u2019elle sert, quelle que soit l\u2019ampleur de l\u2019engagement.<\/p>\n\n\n\n<p>En l\u2019honneur de Kandice Henry, l\u2019ACI a fait un don de 10 000 $ \u00e0 <a href=\"https:\/\/shininglighteyouthcharity.com\/\" target=\"_blank\" rel=\"noreferrer noopener\">Shining Lighte Youth Charity<\/a>.<\/p>\n\n\n\n<p><a href=\"https:\/\/www.realtorscare.ca\/fr\/a-propos-du-prix-canadien-realtors-care\/nos-candidats-de-2025\/\" target=\"_blank\" rel=\"noreferrer noopener\">Consultez la liste des 53 courtiers et agents immobiliers en lice pour le Prix canadien REALTORS Care\u00ae de 2025<\/a>.<\/p>\n","protected":false},"excerpt":{"rendered":"<p>L\u2019Association canadienne de l\u2019immobilier (ACI) est heureuse de d\u00e9cerner le Prix canadien REALTORS Care\u00ae de 2025, fi\u00e8rement pr\u00e9sent\u00e9 par REALTOR.ca, \u00e0 Kandice Henry, de Brampton, en Ontario, pour son d\u00e9vouement \u00e0 am\u00e9liorer la vie des jeunes marginalis\u00e9s de la r\u00e9gion du Grand Toronto. Lorsqu\u2019elle n\u2019est pas au service de ses clients en tant qu\u2019agente immobili\u00e8re &hellip; <a href=\"https:\/\/www.realtorscare.ca\/fr\/kandice-henry\/\" class=\"more-link\">Continue reading <span class=\"screen-reader-text\">Kandice\u00a0Henry re\u00e7oit le Prix canadien REALTORS\u00a0Care\u00ae de 2025<\/span><\/a><\/p>\n","protected":false},"author":125,"featured_media":42566,"parent":0,"menu_order":0,"comment_status":"closed","ping_status":"closed","template":"","meta":{"_acf_changed":false,"_editorskit_title_hidden":false,"_editorskit_reading_time":0,"_editorskit_is_block_options_detached":false,"_editorskit_block_options_position":"{}","footnotes":""},"class_list":["post-42573","page","type-page","status-publish","has-post-thumbnail","hentry"],"acf":[],"_links":{"self":[{"href":"https:\/\/www.realtorscare.ca\/fr\/wp-json\/wp\/v2\/pages\/42573","targetHints":{"allow":["GET"]}}],"collection":[{"href":"https:\/\/www.realtorscare.ca\/fr\/wp-json\/wp\/v2\/pages"}],"about":[{"href":"https:\/\/www.realtorscare.ca\/fr\/wp-json\/wp\/v2\/types\/page"}],"author":[{"embeddable":true,"href":"https:\/\/www.realtorscare.ca\/fr\/wp-json\/wp\/v2\/users\/125"}],"replies":[{"embeddable":true,"href":"https:\/\/www.realtorscare.ca\/fr\/wp-json\/wp\/v2\/comments?post=42573"}],"version-history":[{"count":9,"href":"https:\/\/www.realtorscare.ca\/fr\/wp-json\/wp\/v2\/pages\/42573\/revisions"}],"predecessor-version":[{"id":44011,"href":"https:\/\/www.realtorscare.ca\/fr\/wp-json\/wp\/v2\/pages\/42573\/revisions\/44011"}],"wp:featuredmedia":[{"embeddable":true,"href":"https:\/\/www.realtorscare.ca\/fr\/wp-json\/wp\/v2\/media\/42566"}],"wp:attachment":[{"href":"https:\/\/www.realtorscare.ca\/fr\/wp-json\/wp\/v2\/media?parent=42573"}],"curies":[{"name":"wp","href":"https:\/\/api.w.org\/{rel}","templated":true}]}}